{"id":1063,"date":"2025-04-18T10:37:57","date_gmt":"2025-04-18T08:37:57","guid":{"rendered":"https:\/\/www.regionalis.shop\/stonial\/product\/milchzahn-pusteblumen-andenken-milchzahnschmuck\/"},"modified":"2025-04-18T10:37:57","modified_gmt":"2025-04-18T08:37:57","slug":"milchzahn-pusteblumen-andenken-milchzahnschmuck","status":"publish","type":"product","link":"https:\/\/www.regionalis.shop\/stonial\/shop\/milchzahn-pusteblumen-andenken-milchzahnschmuck\/","title":{"rendered":"Milchzahn &#038; Pusteblumen \/Andenken\/Milchzahnschmuck"},"content":{"rendered":"<p><<<<<<<<<<<<<<<<<<<<<<<<<<<<<<<<<<<<<<<<<<<<<<<<<<<<<<<<<<<<<\nBez\u00fcglich der Farbe schreib mir am besten vorab oder nach der Bestellung deinen Farbwunsch es kann fast in jeder Farbe angefertigt werden.\n<<<<<<<<<<<<<<<<<<<<<<<<<<<<<<<<<<<<<<<<<<<<<<<<<<<<<<<<<<<\n\nFast alle M\u00fctter kennen das lieb gewonnenen D\u00f6schen mit den Milchz\u00e4hnen ihres Kindes als Erinnerung und Andenken. Zumindest mit den Z\u00e4hnen, die nicht unters Kopfkissen gelegt wurden. \u00dcberhaupt, was macht die Zahnfee eigentlich mit den ganzen gesammelten Z\u00e4hnchen?\n\nSo genau wei\u00df ich das auch nicht. Daf\u00fcr habe ich hier aber eine wundervolle Idee, wie aus einem Milchzahn ein wirklich sch\u00f6nes Erinnerungsst\u00fcck werden kann. Eines, das nicht nur ab und an hervorgeholt wird, sondern das dich begleitet. N\u00e4mlich den Milchzahn Schmuck f\u00fcr alle, die einzigartigen und besonderen Schmuck m\u00f6gen.\n\nDer Anh\u00e4nger ist 3 cm rund und beinhaltet eine von Hand gezeichnete digitalisierte Elfe die den Zahn hochh\u00e4lt.\n\nNat\u00fcrlich eignet sich der Milchzahn Anh\u00e4nger auch als ganz besonderes Geschenk f\u00fcr geliebte Menschen, f\u00fcr Eltern und Gro\u00dfeltern Schwestern oder Tanten .\n\nDer Anh\u00e4nger ist 3 cm rund und beinhaltet neben dem Zahn auch Pusteblumen.\n\nden Zahn schickst Du \nbitte gut verpackt am besten in einem kleinen Sch\u00e4chtelchen zb.\nZ\u00fcndholzschachtel Schmuckschachtel unbedingt ausgepolstert mit Taschentuch,Watte oder K\u00fcchenrolle!) an diese Adresse :\n \nSteinberger Alexandra\nTuffeltsham 89\n4846 Redlham\n\u00d6sterreich\n<\/p>\n","protected":false},"excerpt":{"rendered":"","protected":false},"featured_media":1064,"template":"","meta":{"_acf_changed":false},"product_brand":[],"product_cat":[141,70],"product_tag":[],"class_list":{"0":"post-1063","1":"product","2":"type-product","3":"status-publish","4":"has-post-thumbnail","6":"product_cat-halsketten","7":"product_cat-schmuck","9":"first","10":"instock","11":"purchasable","12":"product-type-simple"},"acf":[],"_links":{"self":[{"href":"https:\/\/www.regionalis.shop\/stonial\/wp-json\/wp\/v2\/product\/1063","targetHints":{"allow":["GET"]}}],"collection":[{"href":"https:\/\/www.regionalis.shop\/stonial\/wp-json\/wp\/v2\/product"}],"about":[{"href":"https:\/\/www.regionalis.shop\/stonial\/wp-json\/wp\/v2\/types\/product"}],"wp:featuredmedia":[{"embeddable":true,"href":"https:\/\/www.regionalis.shop\/stonial\/wp-json\/wp\/v2\/media\/1064"}],"wp:attachment":[{"href":"https:\/\/www.regionalis.shop\/stonial\/wp-json\/wp\/v2\/media?parent=1063"}],"wp:term":[{"taxonomy":"product_brand","embeddable":true,"href":"https:\/\/www.regionalis.shop\/stonial\/wp-json\/wp\/v2\/product_brand?post=1063"},{"taxonomy":"product_cat","embeddable":true,"href":"https:\/\/www.regionalis.shop\/stonial\/wp-json\/wp\/v2\/product_cat?post=1063"},{"taxonomy":"product_tag","embeddable":true,"href":"https:\/\/www.regionalis.shop\/stonial\/wp-json\/wp\/v2\/product_tag?post=1063"}],"curies":[{"name":"wp","href":"https:\/\/api.w.org\/{rel}","templated":true}]}}