{"id":1065,"date":"2025-04-18T10:37:57","date_gmt":"2025-04-18T08:37:57","guid":{"rendered":"https:\/\/www.regionalis.shop\/stonial\/product\/tier-zahn-erinnerung-hundezaehne-katzenzaehne-schluesselanhaenger\/"},"modified":"2025-04-18T10:37:57","modified_gmt":"2025-04-18T08:37:57","slug":"tier-zahn-erinnerung-hundezaehne-katzenzaehne-schluesselanhaenger","status":"publish","type":"product","link":"https:\/\/www.regionalis.shop\/stonial\/shop\/tier-zahn-erinnerung-hundezaehne-katzenzaehne-schluesselanhaenger\/","title":{"rendered":"Tier Zahn Erinnerung \/Hundez\u00e4hne\/Katzenz\u00e4hne Schl\u00fcsselanh\u00e4nger"},"content":{"rendered":"<p>Schl\u00fcsselanh\u00e4nger<br \/>\nGro\u00dfes Herz 4&#215;3,6 cm mit den Z\u00e4hnchen deines Hundes oder Katze<\/p>\n<p>Mit dabei ist eine gro\u00dfe Pfote im Hintergrund Pusteblumen auf schwarzem Hintergrund so kommen die Z\u00e4hnchen perfekt zur Geltung.<\/p>\n<p>Du kannst w\u00e4hlen ob mit einer pinken oder t\u00fcrkisen Bl\u00fcten oder aber nur die Pusteblumen ganz ohne f\u00e4rbige Bl\u00fcten &#8230;schreib es bitte beim Kauf mit ins Kommentarfeld.<\/p>\n<p>den Zahn schickst Du<br \/>\nbitte gut verpackt am besten in einem kleinen Sch\u00e4chtelchen zb<br \/>\nZ\u00fcndholzschachtel Schmuckschachtel, unbedingt ausgepolstert mit Taschentuch,Watte oder K\u00fcchenrolle!) an diese Adresse :<\/p>\n<p>Steinberger Alexandra<br \/>\nTuffeltsham 89<br \/>\n4846 Redlham<br \/>\n\u00d6sterreich<\/p>\n","protected":false},"excerpt":{"rendered":"<p>Schl\u00fcsselanh\u00e4nger Gro\u00dfes Herz 4&#215;3,6 cm mit den Z\u00e4hnchen deines Hundes oder Katze Mit dabei ist eine gro\u00dfe Pfote im Hintergrund Pusteblumen auf schwarzem Hintergrund so kommen die Z\u00e4hnchen perfekt zur Geltung. Du kannst w\u00e4hlen ob mit einer pinken oder t\u00fcrkisen Bl\u00fcten oder aber nur die Pusteblumen ganz ohne f\u00e4rbige Bl\u00fcten &#8230;schreib es bitte beim Kauf &hellip; <a href=\"https:\/\/www.regionalis.shop\/stonial\/shop\/tier-zahn-erinnerung-hundezaehne-katzenzaehne-schluesselanhaenger\/\">Continued<\/a><\/p>\n","protected":false},"featured_media":1066,"template":"","meta":{"_acf_changed":false},"product_brand":[],"product_cat":[141,70],"product_tag":[],"class_list":{"0":"post-1065","1":"product","2":"type-product","3":"status-publish","4":"has-post-thumbnail","6":"product_cat-halsketten","7":"product_cat-schmuck","9":"first","10":"instock","11":"purchasable","12":"product-type-simple"},"acf":[],"_links":{"self":[{"href":"https:\/\/www.regionalis.shop\/stonial\/wp-json\/wp\/v2\/product\/1065","targetHints":{"allow":["GET"]}}],"collection":[{"href":"https:\/\/www.regionalis.shop\/stonial\/wp-json\/wp\/v2\/product"}],"about":[{"href":"https:\/\/www.regionalis.shop\/stonial\/wp-json\/wp\/v2\/types\/product"}],"wp:featuredmedia":[{"embeddable":true,"href":"https:\/\/www.regionalis.shop\/stonial\/wp-json\/wp\/v2\/media\/1066"}],"wp:attachment":[{"href":"https:\/\/www.regionalis.shop\/stonial\/wp-json\/wp\/v2\/media?parent=1065"}],"wp:term":[{"taxonomy":"product_brand","embeddable":true,"href":"https:\/\/www.regionalis.shop\/stonial\/wp-json\/wp\/v2\/product_brand?post=1065"},{"taxonomy":"product_cat","embeddable":true,"href":"https:\/\/www.regionalis.shop\/stonial\/wp-json\/wp\/v2\/product_cat?post=1065"},{"taxonomy":"product_tag","embeddable":true,"href":"https:\/\/www.regionalis.shop\/stonial\/wp-json\/wp\/v2\/product_tag?post=1065"}],"curies":[{"name":"wp","href":"https:\/\/api.w.org\/{rel}","templated":true}]}}