{"id":1072,"date":"2025-04-18T07:43:39","date_gmt":"2025-04-18T05:43:39","guid":{"rendered":"https:\/\/www.regionalis.shop\/stonial\/product\/hund-katzen-andenken-mit-strasspfote-und-fell\/"},"modified":"2025-04-18T07:43:39","modified_gmt":"2025-04-18T05:43:39","slug":"hund-katzen-andenken-mit-strasspfote-und-fell","status":"publish","type":"product","link":"https:\/\/www.regionalis.shop\/stonial\/shop\/hund-katzen-andenken-mit-strasspfote-und-fell\/","title":{"rendered":"Hund\/Katzen Andenken mit Stra\u00dfpfote und Fell"},"content":{"rendered":"<p>Schmuckst\u00fcck aus den Haaren Fell Deines Hundes oder Katze mit einer kleinen Stra\u00dfpfote .<\/p>\n<p>Schtreib mir welche Pfotenfarbe und welcher Name mit in das Herz kommt. Es gibt noch mehr Auswahl bei den Pfoten. Gerne sende ich dir noch Bilder.<\/p>\n<p>Die Form ist ca.3&#215;3,3 cm ich brauch nur eine kleine saubere Str\u00e4hne diese schickst Du bitte eingefaltet in Alufolie an diese Adresse:<\/p>\n<p>Steinberger Alexandra<br \/>\nTuffeltsham 89<br \/>\n4846 Redlham<br \/>\n\u00d6sterreich<\/p>\n","protected":false},"excerpt":{"rendered":"<p>Schmuckst\u00fcck aus den Haaren Fell Deines Hundes oder Katze mit einer kleinen Stra\u00dfpfote . Schtreib mir welche Pfotenfarbe und welcher Name mit in das Herz kommt. Es gibt noch mehr Auswahl bei den Pfoten. Gerne sende ich dir noch Bilder. Die Form ist ca.3&#215;3,3 cm ich brauch nur eine kleine saubere Str\u00e4hne diese schickst Du &hellip; <a href=\"https:\/\/www.regionalis.shop\/stonial\/shop\/hund-katzen-andenken-mit-strasspfote-und-fell\/\">Continued<\/a><\/p>\n","protected":false},"featured_media":1073,"template":"","meta":{"_acf_changed":false},"product_brand":[],"product_cat":[141,70],"product_tag":[],"class_list":{"0":"post-1072","1":"product","2":"type-product","3":"status-publish","4":"has-post-thumbnail","6":"product_cat-halsketten","7":"product_cat-schmuck","9":"first","10":"instock","11":"purchasable","12":"product-type-simple"},"acf":[],"_links":{"self":[{"href":"https:\/\/www.regionalis.shop\/stonial\/wp-json\/wp\/v2\/product\/1072","targetHints":{"allow":["GET"]}}],"collection":[{"href":"https:\/\/www.regionalis.shop\/stonial\/wp-json\/wp\/v2\/product"}],"about":[{"href":"https:\/\/www.regionalis.shop\/stonial\/wp-json\/wp\/v2\/types\/product"}],"wp:featuredmedia":[{"embeddable":true,"href":"https:\/\/www.regionalis.shop\/stonial\/wp-json\/wp\/v2\/media\/1073"}],"wp:attachment":[{"href":"https:\/\/www.regionalis.shop\/stonial\/wp-json\/wp\/v2\/media?parent=1072"}],"wp:term":[{"taxonomy":"product_brand","embeddable":true,"href":"https:\/\/www.regionalis.shop\/stonial\/wp-json\/wp\/v2\/product_brand?post=1072"},{"taxonomy":"product_cat","embeddable":true,"href":"https:\/\/www.regionalis.shop\/stonial\/wp-json\/wp\/v2\/product_cat?post=1072"},{"taxonomy":"product_tag","embeddable":true,"href":"https:\/\/www.regionalis.shop\/stonial\/wp-json\/wp\/v2\/product_tag?post=1072"}],"curies":[{"name":"wp","href":"https:\/\/api.w.org\/{rel}","templated":true}]}}