{"id":1075,"date":"2025-04-18T07:43:39","date_gmt":"2025-04-18T05:43:39","guid":{"rendered":"https:\/\/www.regionalis.shop\/stonial\/product\/armband-mit-katzenhaaren-und-kleiner-katze\/"},"modified":"2025-04-18T07:43:39","modified_gmt":"2025-04-18T05:43:39","slug":"armband-mit-katzenhaaren-und-kleiner-katze","status":"publish","type":"product","link":"https:\/\/www.regionalis.shop\/stonial\/shop\/armband-mit-katzenhaaren-und-kleiner-katze\/","title":{"rendered":"Armband mit Katzenhaaren und kleiner Katze"},"content":{"rendered":"<p>Dieses Armband wird mit den Haaren \/ Fell Deiner Katze angefertigt mit dabei ist eine s\u00fc\u00dfe kleine Katze in der Farbe Silber.<\/p>\n<p>Das Armband ist schwarz und kann durch hin und her schieben in der Gr\u00f6\u00dfe verstellt werden.<\/p>\n<p>die Haare schickst Du bitte in Alufolie eingefaltet damit sie nicht statisch sind <\/p>\n<p>an diese Adresse <\/p>\n<p>Steinberger Alexandra<br \/>\nTuffeltsham 89<br \/>\n4846 Redlham<br \/>\n\u00d6sterreich<\/p>\n<p>Die Anfertigung dauert ca.10 Tage<\/p>\n","protected":false},"excerpt":{"rendered":"<p>Dieses Armband wird mit den Haaren \/ Fell Deiner Katze angefertigt mit dabei ist eine s\u00fc\u00dfe kleine Katze in der Farbe Silber. Das Armband ist schwarz und kann durch hin und her schieben in der Gr\u00f6\u00dfe verstellt werden. die Haare schickst Du bitte in Alufolie eingefaltet damit sie nicht statisch sind an diese Adresse Steinberger &hellip; <a href=\"https:\/\/www.regionalis.shop\/stonial\/shop\/armband-mit-katzenhaaren-und-kleiner-katze\/\">Continued<\/a><\/p>\n","protected":false},"featured_media":1076,"template":"","meta":{"_acf_changed":false},"product_brand":[],"product_cat":[110,70],"product_tag":[],"class_list":{"0":"post-1075","1":"product","2":"type-product","3":"status-publish","4":"has-post-thumbnail","6":"product_cat-armbaender","7":"product_cat-schmuck","9":"first","10":"instock","11":"purchasable","12":"product-type-simple"},"acf":[],"_links":{"self":[{"href":"https:\/\/www.regionalis.shop\/stonial\/wp-json\/wp\/v2\/product\/1075","targetHints":{"allow":["GET"]}}],"collection":[{"href":"https:\/\/www.regionalis.shop\/stonial\/wp-json\/wp\/v2\/product"}],"about":[{"href":"https:\/\/www.regionalis.shop\/stonial\/wp-json\/wp\/v2\/types\/product"}],"wp:featuredmedia":[{"embeddable":true,"href":"https:\/\/www.regionalis.shop\/stonial\/wp-json\/wp\/v2\/media\/1076"}],"wp:attachment":[{"href":"https:\/\/www.regionalis.shop\/stonial\/wp-json\/wp\/v2\/media?parent=1075"}],"wp:term":[{"taxonomy":"product_brand","embeddable":true,"href":"https:\/\/www.regionalis.shop\/stonial\/wp-json\/wp\/v2\/product_brand?post=1075"},{"taxonomy":"product_cat","embeddable":true,"href":"https:\/\/www.regionalis.shop\/stonial\/wp-json\/wp\/v2\/product_cat?post=1075"},{"taxonomy":"product_tag","embeddable":true,"href":"https:\/\/www.regionalis.shop\/stonial\/wp-json\/wp\/v2\/product_tag?post=1075"}],"curies":[{"name":"wp","href":"https:\/\/api.w.org\/{rel}","templated":true}]}}