{"id":1077,"date":"2025-04-18T07:43:39","date_gmt":"2025-04-18T05:43:39","guid":{"rendered":"https:\/\/www.regionalis.shop\/stonial\/product\/katzenhaare-andenken-925-silberkatze\/"},"modified":"2025-04-18T07:43:39","modified_gmt":"2025-04-18T05:43:39","slug":"katzenhaare-andenken-925-silberkatze","status":"publish","type":"product","link":"https:\/\/www.regionalis.shop\/stonial\/shop\/katzenhaare-andenken-925-silberkatze\/","title":{"rendered":"Katzenhaare Andenken 925 Silberkatze"},"content":{"rendered":"<p>925 Silber Katze mit den Haaren Deiner Katze<\/p>\n<p>Der Hintergrund ist in Perlmutt gestaltet je nach Farbe der Katzenhaare kann auch eine andere angefertigt werden .<\/p>\n<p>Wenn es helle oder wei\u00dfe Haare sind melde dich vorab dann k\u00f6nnen wir eine passsende Hintergrundfarbe besprechen.<\/p>\n<p>Es k\u00f6nnen auch Haare von mehr als einer Katze eingef\u00fcgt werden .<\/p>\n<p>Auch ein kurzer Name kann mit eingef\u00fcgt werden.<\/p>\n<p>es gen\u00fcgen schon ein paar Haare diese schickst Du an diese Adresse:<\/p>\n<p>Steinberger Alexandra<br \/>\nTuffeltsham 89<br \/>\n4846 Redlham<br \/>\n\u00d6sterreich<\/p>\n","protected":false},"excerpt":{"rendered":"<p>925 Silber Katze mit den Haaren Deiner Katze Der Hintergrund ist in Perlmutt gestaltet je nach Farbe der Katzenhaare kann auch eine andere angefertigt werden . Wenn es helle oder wei\u00dfe Haare sind melde dich vorab dann k\u00f6nnen wir eine passsende Hintergrundfarbe besprechen. Es k\u00f6nnen auch Haare von mehr als einer Katze eingef\u00fcgt werden . &hellip; <a href=\"https:\/\/www.regionalis.shop\/stonial\/shop\/katzenhaare-andenken-925-silberkatze\/\">Continued<\/a><\/p>\n","protected":false},"featured_media":1078,"template":"","meta":{"_acf_changed":false},"product_brand":[],"product_cat":[108,70],"product_tag":[],"class_list":{"0":"post-1077","1":"product","2":"type-product","3":"status-publish","4":"has-post-thumbnail","6":"product_cat-anhaenger","7":"product_cat-schmuck","9":"first","10":"instock","11":"purchasable","12":"product-type-simple"},"acf":[],"_links":{"self":[{"href":"https:\/\/www.regionalis.shop\/stonial\/wp-json\/wp\/v2\/product\/1077","targetHints":{"allow":["GET"]}}],"collection":[{"href":"https:\/\/www.regionalis.shop\/stonial\/wp-json\/wp\/v2\/product"}],"about":[{"href":"https:\/\/www.regionalis.shop\/stonial\/wp-json\/wp\/v2\/types\/product"}],"wp:featuredmedia":[{"embeddable":true,"href":"https:\/\/www.regionalis.shop\/stonial\/wp-json\/wp\/v2\/media\/1078"}],"wp:attachment":[{"href":"https:\/\/www.regionalis.shop\/stonial\/wp-json\/wp\/v2\/media?parent=1077"}],"wp:term":[{"taxonomy":"product_brand","embeddable":true,"href":"https:\/\/www.regionalis.shop\/stonial\/wp-json\/wp\/v2\/product_brand?post=1077"},{"taxonomy":"product_cat","embeddable":true,"href":"https:\/\/www.regionalis.shop\/stonial\/wp-json\/wp\/v2\/product_cat?post=1077"},{"taxonomy":"product_tag","embeddable":true,"href":"https:\/\/www.regionalis.shop\/stonial\/wp-json\/wp\/v2\/product_tag?post=1077"}],"curies":[{"name":"wp","href":"https:\/\/api.w.org\/{rel}","templated":true}]}}