{"id":1082,"date":"2025-04-18T07:43:00","date_gmt":"2025-04-18T05:43:00","guid":{"rendered":"https:\/\/www.regionalis.shop\/stonial\/product\/erinnerungsschmuck-mit-milchzahn-andenken-milchzahn-schmuck-zahnfee\/"},"modified":"2025-04-18T07:43:00","modified_gmt":"2025-04-18T05:43:00","slug":"erinnerungsschmuck-mit-milchzahn-andenken-milchzahn-schmuck-zahnfee","status":"publish","type":"product","link":"https:\/\/www.regionalis.shop\/stonial\/shop\/erinnerungsschmuck-mit-milchzahn-andenken-milchzahn-schmuck-zahnfee\/","title":{"rendered":"Erinnerungsschmuck mit Milchzahn\/Andenken\/Milchzahn Schmuck\/ Zahnfee"},"content":{"rendered":"<p>Ab jetzt holt nicht mehr nur die Zahnfee die Milchz\u00e4hne der Jungs sondern auch dieser s\u00fc\u00dfe Zahnfee &#8222;J\u00fcngling&#8220;<\/p>\n<p>Der Anh\u00e4nger ist 3 cm rund und beinhaltet eine von Hand gezeichnete digitalisierte Elfe die den Zahn h\u00e4lt.<\/p>\n<p>Ich versuche die Anh\u00e4nger immer \u00e4hnlich zu gestalten die Zahnr\u00e4der k\u00f6nnen jedoch immer minimal anders aussehen und auch etwas anders positioniert sein.<\/p>\n<p>Nat\u00fcrlich eignet sich der Milchzahn Anh\u00e4nger auch als ganz besonderes Geschenk f\u00fcr geliebte Menschen, f\u00fcr Eltern und Gro\u00dfeltern. <\/p>\n<p>Hier noch kurz zur Erkl\u00e4rung bei Modeschmuck ist die Aufh\u00e4ngung und eine Kette inclusive<\/p>\n<p>925 Silber\u00f6se hier ist die Aufh\u00e4ngung in 925 Silber inclusive einer Modeschmuckkette<\/p>\n<p>925 Silber&#038; Kette ist mit 925 Silber Aufh\u00e4ngung und einer hochwertigen 925 Silber Panzerkette<\/p>\n<p>den Zahn schickst Du<br \/>\nbitte gut verpackt am besten in einem kleinen Sch\u00e4chtelchen<br \/>\nZ\u00fcndholzschalchtel,Schmuckschachtel,\u00dc-Ei Verpackung unbedingt ausgepolstert mit Taschentuch,Watte oder K\u00fcchenrolle!) an diese Adresse :<\/p>\n<p>Steinberger Alexandra<br \/>\nTuffeltsham 89<br \/>\n4846 Redlham<br \/>\n\u00d6sterreich<\/p>\n<p>Schreib mir welche Farbe du gerne m\u00f6chtest und welcher Name im Anh\u00e4nger stehen soll.<\/p>\n<p>Farben: Flieder,Hellblau,Rosa,Bronze,Gr\u00fcn<\/p>\n","protected":false},"excerpt":{"rendered":"<p>Ab jetzt holt nicht mehr nur die Zahnfee die Milchz\u00e4hne der Jungs sondern auch dieser s\u00fc\u00dfe Zahnfee &#8222;J\u00fcngling&#8220; Der Anh\u00e4nger ist 3 cm rund und beinhaltet eine von Hand gezeichnete digitalisierte Elfe die den Zahn h\u00e4lt. Ich versuche die Anh\u00e4nger immer \u00e4hnlich zu gestalten die Zahnr\u00e4der k\u00f6nnen jedoch immer minimal anders aussehen und auch etwas &hellip; <a href=\"https:\/\/www.regionalis.shop\/stonial\/shop\/erinnerungsschmuck-mit-milchzahn-andenken-milchzahn-schmuck-zahnfee\/\">Continued<\/a><\/p>\n","protected":false},"featured_media":1083,"template":"","meta":{"_acf_changed":false},"product_brand":[],"product_cat":[107,38],"product_tag":[],"class_list":{"0":"post-1082","1":"product","2":"type-product","3":"status-publish","4":"has-post-thumbnail","6":"product_cat-accessoires-baby-kinder","7":"product_cat-baby-kinder","9":"first","10":"instock","11":"purchasable","12":"product-type-simple"},"acf":[],"_links":{"self":[{"href":"https:\/\/www.regionalis.shop\/stonial\/wp-json\/wp\/v2\/product\/1082","targetHints":{"allow":["GET"]}}],"collection":[{"href":"https:\/\/www.regionalis.shop\/stonial\/wp-json\/wp\/v2\/product"}],"about":[{"href":"https:\/\/www.regionalis.shop\/stonial\/wp-json\/wp\/v2\/types\/product"}],"wp:featuredmedia":[{"embeddable":true,"href":"https:\/\/www.regionalis.shop\/stonial\/wp-json\/wp\/v2\/media\/1083"}],"wp:attachment":[{"href":"https:\/\/www.regionalis.shop\/stonial\/wp-json\/wp\/v2\/media?parent=1082"}],"wp:term":[{"taxonomy":"product_brand","embeddable":true,"href":"https:\/\/www.regionalis.shop\/stonial\/wp-json\/wp\/v2\/product_brand?post=1082"},{"taxonomy":"product_cat","embeddable":true,"href":"https:\/\/www.regionalis.shop\/stonial\/wp-json\/wp\/v2\/product_cat?post=1082"},{"taxonomy":"product_tag","embeddable":true,"href":"https:\/\/www.regionalis.shop\/stonial\/wp-json\/wp\/v2\/product_tag?post=1082"}],"curies":[{"name":"wp","href":"https:\/\/api.w.org\/{rel}","templated":true}]}}