{"id":1084,"date":"2025-04-18T07:43:00","date_gmt":"2025-04-18T05:43:00","guid":{"rendered":"https:\/\/www.regionalis.shop\/stonial\/product\/zahnfee-fliegenpilz-andenken-milchzahn-schmuck\/"},"modified":"2025-04-18T07:43:00","modified_gmt":"2025-04-18T05:43:00","slug":"zahnfee-fliegenpilz-andenken-milchzahn-schmuck","status":"publish","type":"product","link":"https:\/\/www.regionalis.shop\/stonial\/shop\/zahnfee-fliegenpilz-andenken-milchzahn-schmuck\/","title":{"rendered":"Zahnfee Fliegenpilz Andenken\/Milchzahn Schmuck"},"content":{"rendered":"<p>Fast alle M\u00fctter kennen das lieb gewonnenen D\u00f6schen mit den Milchz\u00e4hnen ihres Kindes als Erinnerung und Andenken. Zumindest mit den Z\u00e4hnen, die nicht unters Kopfkissen gelegt wurden. \u00dcberhaupt, was macht die Zahnfee eigentlich mit den ganzen gesammelten Z\u00e4hnchen?<\/p>\n<p>So genau wei\u00df ich das auch nicht. Daf\u00fcr habe ich hier aber eine wundervolle Idee, wie aus einem Milchzahn ein wirklich sch\u00f6nes Erinnerungsst\u00fcck werden kann. Eines, das nicht nur ab und an hervorgeholt wird, sondern das dich begleitet. N\u00e4mlich den Milchzahn Schmuck f\u00fcr alle, die einzigartigen und besonderen Schmuck m\u00f6gen.<\/p>\n<p>Der Anh\u00e4nger ist 3 cm rund und beinhaltet eine von Hand gezeichnete digitalisierte Elfe die den Zahn hochh\u00e4lt hier ist noch ein kleiner Fliegenpilz und Schmetterlinge mit dabei.<\/p>\n<p>Dein Anh\u00e4nger wird \u00e4hnlich aussehen die Schmetterlinge k\u00f6nnen unterschiedliche Farben haben.<\/p>\n<p>Nat\u00fcrlich eignet sich der Milchzahn Anh\u00e4nger auch als ganz besonderes Geschenk f\u00fcr geliebte Menschen, f\u00fcr Eltern und Gro\u00dfeltern. <\/p>\n<p>Hier noch kurz zur Erkl\u00e4rung bei Modeschmuck ist die Aufh\u00e4ngung und eine Kette inclusive<\/p>\n<p>925 Silber\u00f6se hier ist die Aufh\u00e4ngung in 925 Silber inclusive einer Modeschmuckkette<\/p>\n<p>925 Silber&#038; Kette ist mit 925 Silber Aufh\u00e4ngung und einer hochwertigen 925 Silber Panzerkette<\/p>\n<p>den Zahn schickst Du<br \/>\nbitte gut verpackt am besten in einem kleinen Sch\u00e4chtelchen<br \/>\nZ\u00fcndholzschachtel,Schmuckschachtel,\u00dc-Ei Verpackung unbedingt ausgepolstert mit Taschentuch,Watte oder K\u00fcchenrolle! und zukleben!) an diese Adresse :<\/p>\n<p>Steinberger Alexandra<br \/>\nTuffeltsham 89<br \/>\n4846 Redlham<br \/>\n\u00d6sterreich<\/p>\n<p>Schreib mir welche Farbe du gerne m\u00f6chtest und welcher Name im Anh\u00e4nger stehen soll.<\/p>\n<p>Farben: Flieder,Hellblau,Rosa,Bronze,Gr\u00fcn<\/p>\n","protected":false},"excerpt":{"rendered":"<p>Fast alle M\u00fctter kennen das lieb gewonnenen D\u00f6schen mit den Milchz\u00e4hnen ihres Kindes als Erinnerung und Andenken. Zumindest mit den Z\u00e4hnen, die nicht unters Kopfkissen gelegt wurden. \u00dcberhaupt, was macht die Zahnfee eigentlich mit den ganzen gesammelten Z\u00e4hnchen? So genau wei\u00df ich das auch nicht. Daf\u00fcr habe ich hier aber eine wundervolle Idee, wie aus &hellip; <a href=\"https:\/\/www.regionalis.shop\/stonial\/shop\/zahnfee-fliegenpilz-andenken-milchzahn-schmuck\/\">Continued<\/a><\/p>\n","protected":false},"featured_media":1085,"template":"","meta":{"_acf_changed":false},"product_brand":[],"product_cat":[141,70],"product_tag":[],"class_list":{"0":"post-1084","1":"product","2":"type-product","3":"status-publish","4":"has-post-thumbnail","6":"product_cat-halsketten","7":"product_cat-schmuck","9":"first","10":"instock","11":"purchasable","12":"product-type-simple"},"acf":[],"_links":{"self":[{"href":"https:\/\/www.regionalis.shop\/stonial\/wp-json\/wp\/v2\/product\/1084","targetHints":{"allow":["GET"]}}],"collection":[{"href":"https:\/\/www.regionalis.shop\/stonial\/wp-json\/wp\/v2\/product"}],"about":[{"href":"https:\/\/www.regionalis.shop\/stonial\/wp-json\/wp\/v2\/types\/product"}],"wp:featuredmedia":[{"embeddable":true,"href":"https:\/\/www.regionalis.shop\/stonial\/wp-json\/wp\/v2\/media\/1085"}],"wp:attachment":[{"href":"https:\/\/www.regionalis.shop\/stonial\/wp-json\/wp\/v2\/media?parent=1084"}],"wp:term":[{"taxonomy":"product_brand","embeddable":true,"href":"https:\/\/www.regionalis.shop\/stonial\/wp-json\/wp\/v2\/product_brand?post=1084"},{"taxonomy":"product_cat","embeddable":true,"href":"https:\/\/www.regionalis.shop\/stonial\/wp-json\/wp\/v2\/product_cat?post=1084"},{"taxonomy":"product_tag","embeddable":true,"href":"https:\/\/www.regionalis.shop\/stonial\/wp-json\/wp\/v2\/product_tag?post=1084"}],"curies":[{"name":"wp","href":"https:\/\/api.w.org\/{rel}","templated":true}]}}