{"id":862,"date":"2025-05-24T13:44:06","date_gmt":"2025-05-24T11:44:06","guid":{"rendered":"https:\/\/starter.stage.shop-it.at\/?page_id=862"},"modified":"2025-10-23T15:21:37","modified_gmt":"2025-10-23T13:21:37","slug":"startseite","status":"publish","type":"page","link":"https:\/\/www.regionalis.shop\/studioy\/","title":{"rendered":"Startseite"},"content":{"rendered":"<section>\n        <div class=\"header-image\">\n            <img decoding=\"async\" src=\"https:\/\/www.regionalis.shop\/app\/uploads\/sites\/580\/66_2022_11_01_15_31_47_376983314.jpg\" alt=\"\">\n        <\/div>\n    \n    <\/section>\n    <section>\n    <div class=\"header-title\">\n        <h1 class=\"h2\">Willkommen bei studioY.<\/h1>\n    <\/div>\n            <h2 class=\"h3\">Handgemacht in Wien<\/h2>\n                <p>Begonnen hat alles 2015 w\u00e4hrend der Uni. Dort habe ich Kartenhalter aus Leder f\u00fcr Freunde produziert. Aus einem einfachen Uni Projekt wurde eine Leidenschaft und neben Kartenhaltern habe ich in k\u00fcrzester Zeit auch andere Produkte wie Passh\u00fcllen, Schl\u00fcsselanh\u00e4nger und Organizer bowls entwickelt. \u00dcber die Jahre hinweg ist meine Liebe zum Handwerk auch in andere Bereiche geflossen. Das arbeiten mit Trockenblumen, Keramik oder Papeterie macht mir besonders spa\u00df. Studio Y. ist eine Sammlung aller Dinge die ich mit viel Liebe hergestellt habe.<\/p>\n\n    \n    <h3>Produkte<\/h3>\n\n    <div class=\"woocommerce columns-3 \"><ul class=\"products columns-3\">\n<li class=\"product type-product post-1056 status-publish first instock product_cat-geschenk-gruskarten product_cat-papeterie-schreibwaren has-post-thumbnail purchasable product-type-simple\">\n\t<a href=\"https:\/\/www.regionalis.shop\/studioy\/shop\/postkarten-set-joy\/\" class=\"woocommerce-LoopProduct-link woocommerce-loop-product__link\"><div class=\"wc-block-grid__product-image\"><img loading=\"lazy\" decoding=\"async\" width=\"420\" height=\"420\" src=\"https:\/\/www.regionalis.shop\/app\/uploads\/sites\/580\/66_2019_11_09_08_48_50_446974249.jpg\" class=\"attachment-large size-large\" alt=\"Postkarten Set Joy\" srcset=\"https:\/\/www.regionalis.shop\/app\/uploads\/sites\/580\/66_2019_11_09_08_48_50_446974249.jpg 420w, https:\/\/www.regionalis.shop\/app\/uploads\/sites\/580\/66_2019_11_09_08_48_50_446974249-300x300.jpg 300w, https:\/\/www.regionalis.shop\/app\/uploads\/sites\/580\/66_2019_11_09_08_48_50_446974249-150x150.jpg 150w, https:\/\/www.regionalis.shop\/app\/uploads\/sites\/580\/66_2019_11_09_08_48_50_446974249-100x100.jpg 100w\" sizes=\"auto, (max-width: 420px) 100vw, 420px\" \/><\/div><h2 class=\"woocommerce-loop-product__title\">Postkarten Set Joy<\/h2>\n\t<span class=\"price\"><span class=\"woocommerce-Price-amount amount\"><bdi>6,00&nbsp;<span class=\"woocommerce-Price-currencySymbol\">&euro;<\/span><\/bdi><\/span><\/span>\n<\/a><\/li>\n<li class=\"product type-product post-1054 status-publish instock product_cat-geschenk-gruskarten product_cat-papeterie-schreibwaren has-post-thumbnail purchasable product-type-simple\">\n\t<a href=\"https:\/\/www.regionalis.shop\/studioy\/shop\/postkarten-set-happy-birthday\/\" class=\"woocommerce-LoopProduct-link woocommerce-loop-product__link\"><div class=\"wc-block-grid__product-image\"><img loading=\"lazy\" decoding=\"async\" width=\"420\" height=\"420\" src=\"https:\/\/www.regionalis.shop\/app\/uploads\/sites\/580\/66_2019_11_09_08_47_18_474862964.jpg\" class=\"attachment-large size-large\" alt=\"Postkarten Set happy Birthday\" srcset=\"https:\/\/www.regionalis.shop\/app\/uploads\/sites\/580\/66_2019_11_09_08_47_18_474862964.jpg 420w, https:\/\/www.regionalis.shop\/app\/uploads\/sites\/580\/66_2019_11_09_08_47_18_474862964-300x300.jpg 300w, https:\/\/www.regionalis.shop\/app\/uploads\/sites\/580\/66_2019_11_09_08_47_18_474862964-150x150.jpg 150w, https:\/\/www.regionalis.shop\/app\/uploads\/sites\/580\/66_2019_11_09_08_47_18_474862964-100x100.jpg 100w\" sizes=\"auto, (max-width: 420px) 100vw, 420px\" \/><\/div><h2 class=\"woocommerce-loop-product__title\">Postkarten Set happy Birthday<\/h2>\n\t<span class=\"price\"><span class=\"woocommerce-Price-amount amount\"><bdi>6,00&nbsp;<span class=\"woocommerce-Price-currencySymbol\">&euro;<\/span><\/bdi><\/span><\/span>\n<\/a><\/li>\n<li class=\"product type-product post-1069 status-publish last instock product_cat-accessoires-baby-kinder product_cat-baby-kinder has-post-thumbnail purchasable product-type-simple\">\n\t<a href=\"https:\/\/www.regionalis.shop\/studioy\/shop\/schnullerkette\/\" class=\"woocommerce-LoopProduct-link woocommerce-loop-product__link\"><div class=\"wc-block-grid__product-image\"><img loading=\"lazy\" decoding=\"async\" width=\"420\" height=\"420\" src=\"https:\/\/www.regionalis.shop\/app\/uploads\/sites\/580\/66_2020_10_25_20_42_48_506572666.jpg\" class=\"attachment-large size-large\" alt=\"Schnullerkette\" srcset=\"https:\/\/www.regionalis.shop\/app\/uploads\/sites\/580\/66_2020_10_25_20_42_48_506572666.jpg 420w, https:\/\/www.regionalis.shop\/app\/uploads\/sites\/580\/66_2020_10_25_20_42_48_506572666-300x300.jpg 300w, https:\/\/www.regionalis.shop\/app\/uploads\/sites\/580\/66_2020_10_25_20_42_48_506572666-150x150.jpg 150w, https:\/\/www.regionalis.shop\/app\/uploads\/sites\/580\/66_2020_10_25_20_42_48_506572666-100x100.jpg 100w\" sizes=\"auto, (max-width: 420px) 100vw, 420px\" \/><\/div><h2 class=\"woocommerce-loop-product__title\">Schnullerkette<\/h2>\n\t<span class=\"price\"><span class=\"woocommerce-Price-amount amount\"><bdi>24,00&nbsp;<span class=\"woocommerce-Price-currencySymbol\">&euro;<\/span><\/bdi><\/span><\/span>\n<\/a><\/li>\n<\/ul>\n<\/div>\n    <p>\n        <a href=\"https:\/\/www.regionalis.shop\/studioy\/shop\/\" class=\"btn btn-primary btn-icon-right\">\n            Alle Produkte <i class=\"bi bi-arrow-right-short\"><\/i>\n        <\/a>\n    <\/p>\n<\/section>\n\n<div data-block-name=\"woocommerce\/store-notices\" class=\"wc-block-store-notices woocommerce alignwide alignwide wp-block-woocommerce-store-notices\"><div class=\"woocommerce-notices-wrapper\"><\/div><\/div>","protected":false},"excerpt":{"rendered":"","protected":false},"author":1,"featured_media":0,"parent":0,"menu_order":0,"comment_status":"closed","ping_status":"closed","template":"template-home.blade.php","meta":{"_acf_changed":false,"footnotes":""},"class_list":["post-862","page","type-page","status-publish","hentry"],"acf":[],"_links":{"self":[{"href":"https:\/\/www.regionalis.shop\/studioy\/wp-json\/wp\/v2\/pages\/862","targetHints":{"allow":["GET"]}}],"collection":[{"href":"https:\/\/www.regionalis.shop\/studioy\/wp-json\/wp\/v2\/pages"}],"about":[{"href":"https:\/\/www.regionalis.shop\/studioy\/wp-json\/wp\/v2\/types\/page"}],"author":[{"embeddable":true,"href":"https:\/\/www.regionalis.shop\/studioy\/wp-json\/wp\/v2\/users\/1"}],"replies":[{"embeddable":true,"href":"https:\/\/www.regionalis.shop\/studioy\/wp-json\/wp\/v2\/comments?post=862"}],"version-history":[{"count":28,"href":"https:\/\/www.regionalis.shop\/studioy\/wp-json\/wp\/v2\/pages\/862\/revisions"}],"predecessor-version":[{"id":1041,"href":"https:\/\/www.regionalis.shop\/studioy\/wp-json\/wp\/v2\/pages\/862\/revisions\/1041"}],"wp:attachment":[{"href":"https:\/\/www.regionalis.shop\/studioy\/wp-json\/wp\/v2\/media?parent=862"}],"curies":[{"name":"wp","href":"https:\/\/api.w.org\/{rel}","templated":true}]}}