{"id":1063,"date":"2025-04-28T03:56:41","date_gmt":"2025-04-28T01:56:41","guid":{"rendered":"https:\/\/www.regionalis.shop\/studioy\/product\/geldboerse-olive\/"},"modified":"2025-04-28T03:56:41","modified_gmt":"2025-04-28T01:56:41","slug":"geldboerse-olive","status":"publish","type":"product","link":"https:\/\/www.regionalis.shop\/studioy\/shop\/geldboerse-olive\/","title":{"rendered":"Geldb\u00f6rse OLIVE"},"content":{"rendered":"<p>GRAPHIT hat insgesamt 3 F\u00e4cher und Platz f\u00fcr 7-9 Karten, M\u00fcnzen und Scheine. Trotz M\u00fcnzfach passt dieses Portemonnaie super in die Hosentasche, sowohl vorne als auch hinten, ohne h\u00e4ssliche Spuren zu hinterlassen.<\/p>\n","protected":false},"excerpt":{"rendered":"<p>GRAPHIT hat insgesamt 3 F\u00e4cher und Platz f\u00fcr 7-9 Karten, M\u00fcnzen und Scheine. Trotz M\u00fcnzfach passt dieses Portemonnaie super in die Hosentasche, sowohl vorne als auch hinten, ohne h\u00e4ssliche Spuren zu hinterlassen.<\/p>\n","protected":false},"featured_media":1064,"template":"","meta":{"_acf_changed":false},"product_brand":[],"product_cat":[133,95],"product_tag":[],"class_list":{"0":"post-1063","1":"product","2":"type-product","3":"status-publish","4":"has-post-thumbnail","6":"product_cat-geldboersen-kartenhalter","7":"product_cat-taschen","9":"first","10":"instock","11":"purchasable","12":"product-type-simple"},"acf":[],"_links":{"self":[{"href":"https:\/\/www.regionalis.shop\/studioy\/wp-json\/wp\/v2\/product\/1063","targetHints":{"allow":["GET"]}}],"collection":[{"href":"https:\/\/www.regionalis.shop\/studioy\/wp-json\/wp\/v2\/product"}],"about":[{"href":"https:\/\/www.regionalis.shop\/studioy\/wp-json\/wp\/v2\/types\/product"}],"wp:featuredmedia":[{"embeddable":true,"href":"https:\/\/www.regionalis.shop\/studioy\/wp-json\/wp\/v2\/media\/1064"}],"wp:attachment":[{"href":"https:\/\/www.regionalis.shop\/studioy\/wp-json\/wp\/v2\/media?parent=1063"}],"wp:term":[{"taxonomy":"product_brand","embeddable":true,"href":"https:\/\/www.regionalis.shop\/studioy\/wp-json\/wp\/v2\/product_brand?post=1063"},{"taxonomy":"product_cat","embeddable":true,"href":"https:\/\/www.regionalis.shop\/studioy\/wp-json\/wp\/v2\/product_cat?post=1063"},{"taxonomy":"product_tag","embeddable":true,"href":"https:\/\/www.regionalis.shop\/studioy\/wp-json\/wp\/v2\/product_tag?post=1063"}],"curies":[{"name":"wp","href":"https:\/\/api.w.org\/{rel}","templated":true}]}}