{"id":1069,"date":"2025-04-28T03:56:41","date_gmt":"2025-04-28T01:56:41","guid":{"rendered":"https:\/\/www.regionalis.shop\/studioy\/product\/schnullerkette\/"},"modified":"2025-04-28T03:56:41","modified_gmt":"2025-04-28T01:56:41","slug":"schnullerkette","status":"publish","type":"product","link":"https:\/\/www.regionalis.shop\/studioy\/shop\/schnullerkette\/","title":{"rendered":"Schnullerkette"},"content":{"rendered":"<p>Auch f\u00fcr die kleinsten haben wir nun etwas im Sortiment. Eine einfache Schnullerkette aus pflanzlich gegerbtem Leder.<br \/>\nDie Schnullerkette kann man durch einen praktischen Metall-Clip am Body etc. befestigen und den Schnuller am Silikonring.<\/p>\n<p>Jede Schnullerkette kann mit dem eigenen Namen oder anderem personalisiert werden.<br \/>\nF\u00fcr die Schnullerkette verwenden wir ausschlie\u00dflich pflanzlich gegerbtes Leder von der Gerberei Schomisch aus Deutschland. Dadurch k\u00f6nnen wir garantieren dass das Leder nie in Kontakt mit jeglicher Chemie gekommen ist und somit frei von Schadstoffen ist. <\/p>\n<p>Die Schnullerkette gibt es in baby rosa oder baby blau.<br \/>\nBitte beachten Sie dass eine Schnullerkette kein Spielzeug ist &#038; behalten Sie ihr Baby immer im Auge!<\/p>\n","protected":false},"excerpt":{"rendered":"<p>Auch f\u00fcr die kleinsten haben wir nun etwas im Sortiment. Eine einfache Schnullerkette aus pflanzlich gegerbtem Leder. Die Schnullerkette kann man durch einen praktischen Metall-Clip am Body etc. befestigen und den Schnuller am Silikonring. Jede Schnullerkette kann mit dem eigenen Namen oder anderem personalisiert werden. F\u00fcr die Schnullerkette verwenden wir ausschlie\u00dflich pflanzlich gegerbtes Leder von &hellip; <a href=\"https:\/\/www.regionalis.shop\/studioy\/shop\/schnullerkette\/\">Continued<\/a><\/p>\n","protected":false},"featured_media":1070,"template":"","meta":{"_acf_changed":false},"product_brand":[],"product_cat":[107,38],"product_tag":[],"class_list":{"0":"post-1069","1":"product","2":"type-product","3":"status-publish","4":"has-post-thumbnail","6":"product_cat-accessoires-baby-kinder","7":"product_cat-baby-kinder","9":"first","10":"instock","11":"purchasable","12":"product-type-simple"},"acf":[],"_links":{"self":[{"href":"https:\/\/www.regionalis.shop\/studioy\/wp-json\/wp\/v2\/product\/1069","targetHints":{"allow":["GET"]}}],"collection":[{"href":"https:\/\/www.regionalis.shop\/studioy\/wp-json\/wp\/v2\/product"}],"about":[{"href":"https:\/\/www.regionalis.shop\/studioy\/wp-json\/wp\/v2\/types\/product"}],"wp:featuredmedia":[{"embeddable":true,"href":"https:\/\/www.regionalis.shop\/studioy\/wp-json\/wp\/v2\/media\/1070"}],"wp:attachment":[{"href":"https:\/\/www.regionalis.shop\/studioy\/wp-json\/wp\/v2\/media?parent=1069"}],"wp:term":[{"taxonomy":"product_brand","embeddable":true,"href":"https:\/\/www.regionalis.shop\/studioy\/wp-json\/wp\/v2\/product_brand?post=1069"},{"taxonomy":"product_cat","embeddable":true,"href":"https:\/\/www.regionalis.shop\/studioy\/wp-json\/wp\/v2\/product_cat?post=1069"},{"taxonomy":"product_tag","embeddable":true,"href":"https:\/\/www.regionalis.shop\/studioy\/wp-json\/wp\/v2\/product_tag?post=1069"}],"curies":[{"name":"wp","href":"https:\/\/api.w.org\/{rel}","templated":true}]}}