{"id":1071,"date":"2025-04-28T03:44:49","date_gmt":"2025-04-28T01:44:49","guid":{"rendered":"https:\/\/www.regionalis.shop\/studioy\/product\/kartenhalter-bordo\/"},"modified":"2025-04-28T03:44:49","modified_gmt":"2025-04-28T01:44:49","slug":"kartenhalter-bordo","status":"publish","type":"product","link":"https:\/\/www.regionalis.shop\/studioy\/shop\/kartenhalter-bordo\/","title":{"rendered":"Kartenhalter BORDO"},"content":{"rendered":"<p>YAGA&#8217;s Kartenhalter verbinden Stil mit Praktikabilit\u00e4t. GRAPHIT ist aus vegetabil gegerbtem Leder aus Italien hergestellt.  Dieser Kartenhalter hat 3 F\u00e4cher &#038; Platz f\u00fcr bis zu 8-9 Karten.<br \/>\nDie Aussenf\u00e4cher machen es leicht wichtige Karten separat aufzubewahren.<\/p>\n","protected":false},"excerpt":{"rendered":"<p>YAGA&#8217;s Kartenhalter verbinden Stil mit Praktikabilit\u00e4t. GRAPHIT ist aus vegetabil gegerbtem Leder aus Italien hergestellt. Dieser Kartenhalter hat 3 F\u00e4cher &#038; Platz f\u00fcr bis zu 8-9 Karten. Die Aussenf\u00e4cher machen es leicht wichtige Karten separat aufzubewahren.<\/p>\n","protected":false},"featured_media":1072,"template":"","meta":{"_acf_changed":false},"product_brand":[],"product_cat":[133,95],"product_tag":[],"class_list":{"0":"post-1071","1":"product","2":"type-product","3":"status-publish","4":"has-post-thumbnail","6":"product_cat-geldboersen-kartenhalter","7":"product_cat-taschen","9":"first","10":"instock","11":"purchasable","12":"product-type-simple"},"acf":[],"_links":{"self":[{"href":"https:\/\/www.regionalis.shop\/studioy\/wp-json\/wp\/v2\/product\/1071","targetHints":{"allow":["GET"]}}],"collection":[{"href":"https:\/\/www.regionalis.shop\/studioy\/wp-json\/wp\/v2\/product"}],"about":[{"href":"https:\/\/www.regionalis.shop\/studioy\/wp-json\/wp\/v2\/types\/product"}],"wp:featuredmedia":[{"embeddable":true,"href":"https:\/\/www.regionalis.shop\/studioy\/wp-json\/wp\/v2\/media\/1072"}],"wp:attachment":[{"href":"https:\/\/www.regionalis.shop\/studioy\/wp-json\/wp\/v2\/media?parent=1071"}],"wp:term":[{"taxonomy":"product_brand","embeddable":true,"href":"https:\/\/www.regionalis.shop\/studioy\/wp-json\/wp\/v2\/product_brand?post=1071"},{"taxonomy":"product_cat","embeddable":true,"href":"https:\/\/www.regionalis.shop\/studioy\/wp-json\/wp\/v2\/product_cat?post=1071"},{"taxonomy":"product_tag","embeddable":true,"href":"https:\/\/www.regionalis.shop\/studioy\/wp-json\/wp\/v2\/product_tag?post=1071"}],"curies":[{"name":"wp","href":"https:\/\/api.w.org\/{rel}","templated":true}]}}