{"id":1079,"date":"2025-04-28T03:33:24","date_gmt":"2025-04-28T01:33:24","guid":{"rendered":"https:\/\/www.regionalis.shop\/studioy\/product\/passhuelle-bordo\/"},"modified":"2025-04-28T03:33:24","modified_gmt":"2025-04-28T01:33:24","slug":"passhuelle-bordo","status":"publish","type":"product","link":"https:\/\/www.regionalis.shop\/studioy\/shop\/passhuelle-bordo\/","title":{"rendered":"Passh\u00fclle BORDO"},"content":{"rendered":"<p>Nichts ist wichtiger als eine sch\u00fctzende H\u00fclle f\u00fcr deinen Pass wenn es darum geht um die Welt zu reisen und neue Abenteuer zu erleben! Jede H\u00fclle wird aus Lederrestbest\u00e4nden hergestellt und mit der Hand vern\u00e4ht. Auf Wunsch k\u00f6nnen wir dir deine H\u00fclle auch mit deinen Initialen, deinem Namen oder einer Quote personalisieren. <\/p>\n<p>Personalisierung bereits inkludiert<\/p>\n","protected":false},"excerpt":{"rendered":"<p>Nichts ist wichtiger als eine sch\u00fctzende H\u00fclle f\u00fcr deinen Pass wenn es darum geht um die Welt zu reisen und neue Abenteuer zu erleben! Jede H\u00fclle wird aus Lederrestbest\u00e4nden hergestellt und mit der Hand vern\u00e4ht. Auf Wunsch k\u00f6nnen wir dir deine H\u00fclle auch mit deinen Initialen, deinem Namen oder einer Quote personalisieren. Personalisierung bereits inkludiert<\/p>\n","protected":false},"featured_media":1080,"template":"","meta":{"_acf_changed":false},"product_brand":[],"product_cat":[37,65],"product_tag":[],"class_list":{"0":"post-1079","1":"product","2":"type-product","3":"status-publish","4":"has-post-thumbnail","6":"product_cat-accessoires","7":"product_cat-reisepasshuellen","9":"first","10":"instock","11":"purchasable","12":"product-type-simple"},"acf":[],"_links":{"self":[{"href":"https:\/\/www.regionalis.shop\/studioy\/wp-json\/wp\/v2\/product\/1079","targetHints":{"allow":["GET"]}}],"collection":[{"href":"https:\/\/www.regionalis.shop\/studioy\/wp-json\/wp\/v2\/product"}],"about":[{"href":"https:\/\/www.regionalis.shop\/studioy\/wp-json\/wp\/v2\/types\/product"}],"wp:featuredmedia":[{"embeddable":true,"href":"https:\/\/www.regionalis.shop\/studioy\/wp-json\/wp\/v2\/media\/1080"}],"wp:attachment":[{"href":"https:\/\/www.regionalis.shop\/studioy\/wp-json\/wp\/v2\/media?parent=1079"}],"wp:term":[{"taxonomy":"product_brand","embeddable":true,"href":"https:\/\/www.regionalis.shop\/studioy\/wp-json\/wp\/v2\/product_brand?post=1079"},{"taxonomy":"product_cat","embeddable":true,"href":"https:\/\/www.regionalis.shop\/studioy\/wp-json\/wp\/v2\/product_cat?post=1079"},{"taxonomy":"product_tag","embeddable":true,"href":"https:\/\/www.regionalis.shop\/studioy\/wp-json\/wp\/v2\/product_tag?post=1079"}],"curies":[{"name":"wp","href":"https:\/\/api.w.org\/{rel}","templated":true}]}}