{"id":1082,"date":"2025-04-28T03:26:11","date_gmt":"2025-04-28T01:26:11","guid":{"rendered":"https:\/\/www.regionalis.shop\/studioy\/product\/geldboerse-graphit\/"},"modified":"2025-04-28T03:26:11","modified_gmt":"2025-04-28T01:26:11","slug":"geldboerse-graphit","status":"publish","type":"product","link":"https:\/\/www.regionalis.shop\/studioy\/shop\/geldboerse-graphit\/","title":{"rendered":"Geldb\u00f6rse GRAPHIT"},"content":{"rendered":"<p>GRAPHIT hat insgesamt 3 F\u00e4cher und Platz f\u00fcr 7-9 Karten, M\u00fcnzen und Scheine. Trotz M\u00fcnzfach passt dieses Portemonnaie super in die Hosentasche, sowohl vorne als auch hinten, ohne h\u00e4ssliche Spuren zu hinterlassen. <\/p>\n<p>Der Coinfold besteht durchgehend aus einer Farbe. Das zweite Bild zeigt lediglich die Funktionalit\u00e4t der R\u00fcckseite.<\/p>\n","protected":false},"excerpt":{"rendered":"<p>GRAPHIT hat insgesamt 3 F\u00e4cher und Platz f\u00fcr 7-9 Karten, M\u00fcnzen und Scheine. Trotz M\u00fcnzfach passt dieses Portemonnaie super in die Hosentasche, sowohl vorne als auch hinten, ohne h\u00e4ssliche Spuren zu hinterlassen. Der Coinfold besteht durchgehend aus einer Farbe. Das zweite Bild zeigt lediglich die Funktionalit\u00e4t der R\u00fcckseite.<\/p>\n","protected":false},"featured_media":1083,"template":"","meta":{"_acf_changed":false},"product_brand":[],"product_cat":[133,95],"product_tag":[],"class_list":{"0":"post-1082","1":"product","2":"type-product","3":"status-publish","4":"has-post-thumbnail","6":"product_cat-geldboersen-kartenhalter","7":"product_cat-taschen","9":"first","10":"instock","11":"purchasable","12":"product-type-simple"},"acf":[],"_links":{"self":[{"href":"https:\/\/www.regionalis.shop\/studioy\/wp-json\/wp\/v2\/product\/1082","targetHints":{"allow":["GET"]}}],"collection":[{"href":"https:\/\/www.regionalis.shop\/studioy\/wp-json\/wp\/v2\/product"}],"about":[{"href":"https:\/\/www.regionalis.shop\/studioy\/wp-json\/wp\/v2\/types\/product"}],"wp:featuredmedia":[{"embeddable":true,"href":"https:\/\/www.regionalis.shop\/studioy\/wp-json\/wp\/v2\/media\/1083"}],"wp:attachment":[{"href":"https:\/\/www.regionalis.shop\/studioy\/wp-json\/wp\/v2\/media?parent=1082"}],"wp:term":[{"taxonomy":"product_brand","embeddable":true,"href":"https:\/\/www.regionalis.shop\/studioy\/wp-json\/wp\/v2\/product_brand?post=1082"},{"taxonomy":"product_cat","embeddable":true,"href":"https:\/\/www.regionalis.shop\/studioy\/wp-json\/wp\/v2\/product_cat?post=1082"},{"taxonomy":"product_tag","embeddable":true,"href":"https:\/\/www.regionalis.shop\/studioy\/wp-json\/wp\/v2\/product_tag?post=1082"}],"curies":[{"name":"wp","href":"https:\/\/api.w.org\/{rel}","templated":true}]}}