{"id":1085,"date":"2025-04-28T03:26:11","date_gmt":"2025-04-28T01:26:11","guid":{"rendered":"https:\/\/www.regionalis.shop\/studioy\/product\/schluesselanhaenger\/"},"modified":"2025-04-28T03:26:11","modified_gmt":"2025-04-28T01:26:11","slug":"schluesselanhaenger","status":"publish","type":"product","link":"https:\/\/www.regionalis.shop\/studioy\/shop\/schluesselanhaenger\/","title":{"rendered":"Schl\u00fcsselanh\u00e4nger"},"content":{"rendered":"<p>&#8220; weniger ist mehr &#8220;<\/p>\n<p>ein einfacher Schl\u00fcsselanh\u00e4nger aus 100% Qualit\u00e4tsleder aus Deutschland. Daf\u00fcr beziehen wir nur Restbest\u00e4nde und verarbeiten Sie anschlie\u00dfend in eigener Werkstatt in Wien.<\/p>\n","protected":false},"excerpt":{"rendered":"<p>&#8220; weniger ist mehr &#8220; ein einfacher Schl\u00fcsselanh\u00e4nger aus 100% Qualit\u00e4tsleder aus Deutschland. Daf\u00fcr beziehen wir nur Restbest\u00e4nde und verarbeiten Sie anschlie\u00dfend in eigener Werkstatt in Wien.<\/p>\n","protected":false},"featured_media":1086,"template":"","meta":{"_acf_changed":false},"product_brand":[],"product_cat":[37,68],"product_tag":[],"class_list":{"0":"post-1085","1":"product","2":"type-product","3":"status-publish","4":"has-post-thumbnail","6":"product_cat-accessoires","7":"product_cat-schluesselanhaenger","9":"first","10":"instock","11":"purchasable","12":"product-type-simple"},"acf":[],"_links":{"self":[{"href":"https:\/\/www.regionalis.shop\/studioy\/wp-json\/wp\/v2\/product\/1085","targetHints":{"allow":["GET"]}}],"collection":[{"href":"https:\/\/www.regionalis.shop\/studioy\/wp-json\/wp\/v2\/product"}],"about":[{"href":"https:\/\/www.regionalis.shop\/studioy\/wp-json\/wp\/v2\/types\/product"}],"wp:featuredmedia":[{"embeddable":true,"href":"https:\/\/www.regionalis.shop\/studioy\/wp-json\/wp\/v2\/media\/1086"}],"wp:attachment":[{"href":"https:\/\/www.regionalis.shop\/studioy\/wp-json\/wp\/v2\/media?parent=1085"}],"wp:term":[{"taxonomy":"product_brand","embeddable":true,"href":"https:\/\/www.regionalis.shop\/studioy\/wp-json\/wp\/v2\/product_brand?post=1085"},{"taxonomy":"product_cat","embeddable":true,"href":"https:\/\/www.regionalis.shop\/studioy\/wp-json\/wp\/v2\/product_cat?post=1085"},{"taxonomy":"product_tag","embeddable":true,"href":"https:\/\/www.regionalis.shop\/studioy\/wp-json\/wp\/v2\/product_tag?post=1085"}],"curies":[{"name":"wp","href":"https:\/\/api.w.org\/{rel}","templated":true}]}}