{"id":1087,"date":"2025-04-18T08:22:46","date_gmt":"2025-04-18T06:22:46","guid":{"rendered":"https:\/\/www.regionalis.shop\/studioy\/product\/kranz-aus-getrocknetem-thymian-in-grau-gefaerbt-25cm\/"},"modified":"2025-04-18T08:22:46","modified_gmt":"2025-04-18T06:22:46","slug":"kranz-aus-getrocknetem-thymian-in-grau-gefaerbt-25cm","status":"publish","type":"product","link":"https:\/\/www.regionalis.shop\/studioy\/shop\/kranz-aus-getrocknetem-thymian-in-grau-gefaerbt-25cm\/","title":{"rendered":"Kranz aus getrocknetem Thymian in Grau gef\u00e4rbt 25cm"},"content":{"rendered":"<p>Ein Kranz aus getrocknetem Thymian in Grau gef\u00e4rbt. Der Kranz eignet sich ideal als Tischdecke, T\u00fcrkranz oder einfach als Dekoration in einem Regal.<br \/>\netwa 25cm \u00f8<\/p>\n","protected":false},"excerpt":{"rendered":"<p>Ein Kranz aus getrocknetem Thymian in Grau gef\u00e4rbt. Der Kranz eignet sich ideal als Tischdecke, T\u00fcrkranz oder einfach als Dekoration in einem Regal. etwa 25cm \u00f8<\/p>\n","protected":false},"featured_media":1088,"template":"","meta":{"_acf_changed":false},"product_brand":[],"product_cat":[174,103],"product_tag":[],"class_list":{"0":"post-1087","1":"product","2":"type-product","3":"status-publish","4":"has-post-thumbnail","6":"product_cat-wohndekoration","7":"product_cat-wohnen-deko","9":"first","10":"instock","11":"purchasable","12":"product-type-simple"},"acf":[],"_links":{"self":[{"href":"https:\/\/www.regionalis.shop\/studioy\/wp-json\/wp\/v2\/product\/1087","targetHints":{"allow":["GET"]}}],"collection":[{"href":"https:\/\/www.regionalis.shop\/studioy\/wp-json\/wp\/v2\/product"}],"about":[{"href":"https:\/\/www.regionalis.shop\/studioy\/wp-json\/wp\/v2\/types\/product"}],"wp:featuredmedia":[{"embeddable":true,"href":"https:\/\/www.regionalis.shop\/studioy\/wp-json\/wp\/v2\/media\/1088"}],"wp:attachment":[{"href":"https:\/\/www.regionalis.shop\/studioy\/wp-json\/wp\/v2\/media?parent=1087"}],"wp:term":[{"taxonomy":"product_brand","embeddable":true,"href":"https:\/\/www.regionalis.shop\/studioy\/wp-json\/wp\/v2\/product_brand?post=1087"},{"taxonomy":"product_cat","embeddable":true,"href":"https:\/\/www.regionalis.shop\/studioy\/wp-json\/wp\/v2\/product_cat?post=1087"},{"taxonomy":"product_tag","embeddable":true,"href":"https:\/\/www.regionalis.shop\/studioy\/wp-json\/wp\/v2\/product_tag?post=1087"}],"curies":[{"name":"wp","href":"https:\/\/api.w.org\/{rel}","templated":true}]}}