{"id":1090,"date":"2025-04-18T07:53:12","date_gmt":"2025-04-18T05:53:12","guid":{"rendered":"https:\/\/www.regionalis.shop\/studioy\/product\/glas-bussi-baba\/"},"modified":"2025-04-18T07:53:12","modified_gmt":"2025-04-18T05:53:12","slug":"glas-bussi-baba","status":"publish","type":"product","link":"https:\/\/www.regionalis.shop\/studioy\/shop\/glas-bussi-baba\/","title":{"rendered":"GLAS BUSSI BABA"},"content":{"rendered":"<p>Unsere Mundart Glas Kollektion eignet sich ideal als kleines Geschenk oder einfach um sich selbst t\u00e4glich eine Freude zu machen.<br \/>\nJedes Glas wird in Europa gedruckt und ist somit Geschirrsp\u00fclerfest. Das Glas selbst wurde unter fairen Umst\u00e4nden in Portugal produziert und hat einen Durchmesser von 8.5cm und eine H\u00f6he von etwa 9cm.<\/p>\n","protected":false},"excerpt":{"rendered":"<p>Unsere Mundart Glas Kollektion eignet sich ideal als kleines Geschenk oder einfach um sich selbst t\u00e4glich eine Freude zu machen. Jedes Glas wird in Europa gedruckt und ist somit Geschirrsp\u00fclerfest. Das Glas selbst wurde unter fairen Umst\u00e4nden in Portugal produziert und hat einen Durchmesser von 8.5cm und eine H\u00f6he von etwa 9cm.<\/p>\n","protected":false},"featured_media":1091,"template":"","meta":{"_acf_changed":false},"product_brand":[],"product_cat":[127,103],"product_tag":[],"class_list":{"0":"post-1090","1":"product","2":"type-product","3":"status-publish","4":"has-post-thumbnail","6":"product_cat-essen-trinken","7":"product_cat-wohnen-deko","9":"first","10":"instock","11":"purchasable","12":"product-type-simple"},"acf":[],"_links":{"self":[{"href":"https:\/\/www.regionalis.shop\/studioy\/wp-json\/wp\/v2\/product\/1090","targetHints":{"allow":["GET"]}}],"collection":[{"href":"https:\/\/www.regionalis.shop\/studioy\/wp-json\/wp\/v2\/product"}],"about":[{"href":"https:\/\/www.regionalis.shop\/studioy\/wp-json\/wp\/v2\/types\/product"}],"wp:featuredmedia":[{"embeddable":true,"href":"https:\/\/www.regionalis.shop\/studioy\/wp-json\/wp\/v2\/media\/1091"}],"wp:attachment":[{"href":"https:\/\/www.regionalis.shop\/studioy\/wp-json\/wp\/v2\/media?parent=1090"}],"wp:term":[{"taxonomy":"product_brand","embeddable":true,"href":"https:\/\/www.regionalis.shop\/studioy\/wp-json\/wp\/v2\/product_brand?post=1090"},{"taxonomy":"product_cat","embeddable":true,"href":"https:\/\/www.regionalis.shop\/studioy\/wp-json\/wp\/v2\/product_cat?post=1090"},{"taxonomy":"product_tag","embeddable":true,"href":"https:\/\/www.regionalis.shop\/studioy\/wp-json\/wp\/v2\/product_tag?post=1090"}],"curies":[{"name":"wp","href":"https:\/\/api.w.org\/{rel}","templated":true}]}}