{"id":1094,"date":"2025-04-18T02:21:27","date_gmt":"2025-04-18T00:21:27","guid":{"rendered":"https:\/\/www.regionalis.shop\/studioy\/product\/blumenkranz-bastelset-fuer-zu-hause\/"},"modified":"2025-04-18T02:21:27","modified_gmt":"2025-04-18T00:21:27","slug":"blumenkranz-bastelset-fuer-zu-hause","status":"publish","type":"product","link":"https:\/\/www.regionalis.shop\/studioy\/shop\/blumenkranz-bastelset-fuer-zu-hause\/","title":{"rendered":"Blumenkranz Bastelset f\u00fcr zu Hause"},"content":{"rendered":"<p>Mit unserem Bastelset f\u00fcr zu Hause kannst du deiner Kreativit\u00e4t freien Lauf lassen und einen wundersch\u00f6nen Blumenkranz gestalten. Jedes Set ist einzigartig und mit wei\u00dfen und naturfarbenen Blumen ausgestattet.<\/p>\n<p>Im Set inkludiert sind Trockenblumen, ein Metallring \u00f815 cm Ros\u00e9 , 2 Meter Draht zum binden, eine Anleitung und ein nat\u00fcrlich gef\u00e4rbtes Baumwollband.<\/p>\n","protected":false},"excerpt":{"rendered":"<p>Mit unserem Bastelset f\u00fcr zu Hause kannst du deiner Kreativit\u00e4t freien Lauf lassen und einen wundersch\u00f6nen Blumenkranz gestalten. Jedes Set ist einzigartig und mit wei\u00dfen und naturfarbenen Blumen ausgestattet. Im Set inkludiert sind Trockenblumen, ein Metallring \u00f815 cm Ros\u00e9 , 2 Meter Draht zum binden, eine Anleitung und ein nat\u00fcrlich gef\u00e4rbtes Baumwollband.<\/p>\n","protected":false},"featured_media":1095,"template":"","meta":{"_acf_changed":false},"product_brand":[],"product_cat":[39,40],"product_tag":[],"class_list":{"0":"post-1094","1":"product","2":"type-product","3":"status-publish","4":"has-post-thumbnail","6":"product_cat-diy-bastelsets","7":"product_cat-diy-sets","9":"first","10":"instock","11":"purchasable","12":"product-type-simple"},"acf":[],"_links":{"self":[{"href":"https:\/\/www.regionalis.shop\/studioy\/wp-json\/wp\/v2\/product\/1094","targetHints":{"allow":["GET"]}}],"collection":[{"href":"https:\/\/www.regionalis.shop\/studioy\/wp-json\/wp\/v2\/product"}],"about":[{"href":"https:\/\/www.regionalis.shop\/studioy\/wp-json\/wp\/v2\/types\/product"}],"wp:featuredmedia":[{"embeddable":true,"href":"https:\/\/www.regionalis.shop\/studioy\/wp-json\/wp\/v2\/media\/1095"}],"wp:attachment":[{"href":"https:\/\/www.regionalis.shop\/studioy\/wp-json\/wp\/v2\/media?parent=1094"}],"wp:term":[{"taxonomy":"product_brand","embeddable":true,"href":"https:\/\/www.regionalis.shop\/studioy\/wp-json\/wp\/v2\/product_brand?post=1094"},{"taxonomy":"product_cat","embeddable":true,"href":"https:\/\/www.regionalis.shop\/studioy\/wp-json\/wp\/v2\/product_cat?post=1094"},{"taxonomy":"product_tag","embeddable":true,"href":"https:\/\/www.regionalis.shop\/studioy\/wp-json\/wp\/v2\/product_tag?post=1094"}],"curies":[{"name":"wp","href":"https:\/\/api.w.org\/{rel}","templated":true}]}}