{"id":1108,"date":"2025-04-18T01:06:43","date_gmt":"2025-04-17T23:06:43","guid":{"rendered":"https:\/\/www.regionalis.shop\/studioy\/product\/schluesselanhaenger-mit-spruch\/"},"modified":"2025-04-18T01:06:43","modified_gmt":"2025-04-17T23:06:43","slug":"schluesselanhaenger-mit-spruch","status":"publish","type":"product","link":"https:\/\/www.regionalis.shop\/studioy\/shop\/schluesselanhaenger-mit-spruch\/","title":{"rendered":"Schl\u00fcsselanh\u00e4nger mit Spruch"},"content":{"rendered":"<p>Schl\u00fcsselanh\u00e4nger aus Lederrestbest\u00e4nden mit Pr\u00e4gung.<br \/>\nHandgemacht in Wien.<\/p>\n<p>W\u00e4hle deinen eigenen Spruch mit bis zu 20 Zeichen.<\/p>\n","protected":false},"excerpt":{"rendered":"<p>Schl\u00fcsselanh\u00e4nger aus Lederrestbest\u00e4nden mit Pr\u00e4gung. Handgemacht in Wien. W\u00e4hle deinen eigenen Spruch mit bis zu 20 Zeichen.<\/p>\n","protected":false},"featured_media":1109,"template":"","meta":{"_acf_changed":false},"product_brand":[],"product_cat":[37,68],"product_tag":[],"class_list":{"0":"post-1108","1":"product","2":"type-product","3":"status-publish","4":"has-post-thumbnail","6":"product_cat-accessoires","7":"product_cat-schluesselanhaenger","9":"first","10":"instock","11":"purchasable","12":"product-type-simple"},"acf":[],"_links":{"self":[{"href":"https:\/\/www.regionalis.shop\/studioy\/wp-json\/wp\/v2\/product\/1108","targetHints":{"allow":["GET"]}}],"collection":[{"href":"https:\/\/www.regionalis.shop\/studioy\/wp-json\/wp\/v2\/product"}],"about":[{"href":"https:\/\/www.regionalis.shop\/studioy\/wp-json\/wp\/v2\/types\/product"}],"wp:featuredmedia":[{"embeddable":true,"href":"https:\/\/www.regionalis.shop\/studioy\/wp-json\/wp\/v2\/media\/1109"}],"wp:attachment":[{"href":"https:\/\/www.regionalis.shop\/studioy\/wp-json\/wp\/v2\/media?parent=1108"}],"wp:term":[{"taxonomy":"product_brand","embeddable":true,"href":"https:\/\/www.regionalis.shop\/studioy\/wp-json\/wp\/v2\/product_brand?post=1108"},{"taxonomy":"product_cat","embeddable":true,"href":"https:\/\/www.regionalis.shop\/studioy\/wp-json\/wp\/v2\/product_cat?post=1108"},{"taxonomy":"product_tag","embeddable":true,"href":"https:\/\/www.regionalis.shop\/studioy\/wp-json\/wp\/v2\/product_tag?post=1108"}],"curies":[{"name":"wp","href":"https:\/\/api.w.org\/{rel}","templated":true}]}}