{"id":1113,"date":"2025-04-18T00:14:19","date_gmt":"2025-04-17T22:14:19","guid":{"rendered":"https:\/\/www.regionalis.shop\/studioy\/product\/aufbewahrungsschale-small\/"},"modified":"2025-04-18T00:14:19","modified_gmt":"2025-04-17T22:14:19","slug":"aufbewahrungsschale-small","status":"publish","type":"product","link":"https:\/\/www.regionalis.shop\/studioy\/shop\/aufbewahrungsschale-small\/","title":{"rendered":"Aufbewahrungsschale SMALL"},"content":{"rendered":"<p>Mit unseren handgemachten Aufbewahrungsschalen aus Leder ist das Chaos im Eigenheim schnell &#038; sch\u00f6n geb\u00e4ndigt.<br \/>\nJede Schale wird aus Restbest\u00e4nden &#038; pflanzlich gegerbtem Leder hergestellt und an vier Seiten vernietet.<\/p>\n<p>Au\u00dfenma\u00df: ca. 15&#215;15<\/p>\n","protected":false},"excerpt":{"rendered":"<p>Mit unseren handgemachten Aufbewahrungsschalen aus Leder ist das Chaos im Eigenheim schnell &#038; sch\u00f6n geb\u00e4ndigt. Jede Schale wird aus Restbest\u00e4nden &#038; pflanzlich gegerbtem Leder hergestellt und an vier Seiten vernietet. Au\u00dfenma\u00df: ca. 15&#215;15<\/p>\n","protected":false},"featured_media":1114,"template":"","meta":{"_acf_changed":false},"product_brand":[],"product_cat":[174,103],"product_tag":[],"class_list":{"0":"post-1113","1":"product","2":"type-product","3":"status-publish","4":"has-post-thumbnail","6":"product_cat-wohndekoration","7":"product_cat-wohnen-deko","9":"first","10":"instock","11":"purchasable","12":"product-type-simple"},"acf":[],"_links":{"self":[{"href":"https:\/\/www.regionalis.shop\/studioy\/wp-json\/wp\/v2\/product\/1113","targetHints":{"allow":["GET"]}}],"collection":[{"href":"https:\/\/www.regionalis.shop\/studioy\/wp-json\/wp\/v2\/product"}],"about":[{"href":"https:\/\/www.regionalis.shop\/studioy\/wp-json\/wp\/v2\/types\/product"}],"wp:featuredmedia":[{"embeddable":true,"href":"https:\/\/www.regionalis.shop\/studioy\/wp-json\/wp\/v2\/media\/1114"}],"wp:attachment":[{"href":"https:\/\/www.regionalis.shop\/studioy\/wp-json\/wp\/v2\/media?parent=1113"}],"wp:term":[{"taxonomy":"product_brand","embeddable":true,"href":"https:\/\/www.regionalis.shop\/studioy\/wp-json\/wp\/v2\/product_brand?post=1113"},{"taxonomy":"product_cat","embeddable":true,"href":"https:\/\/www.regionalis.shop\/studioy\/wp-json\/wp\/v2\/product_cat?post=1113"},{"taxonomy":"product_tag","embeddable":true,"href":"https:\/\/www.regionalis.shop\/studioy\/wp-json\/wp\/v2\/product_tag?post=1113"}],"curies":[{"name":"wp","href":"https:\/\/api.w.org\/{rel}","templated":true}]}}