{"id":1126,"date":"2025-04-18T00:13:26","date_gmt":"2025-04-17T22:13:26","guid":{"rendered":"https:\/\/www.regionalis.shop\/studioy\/product\/geldboerse-schwarz\/"},"modified":"2025-04-18T00:13:26","modified_gmt":"2025-04-17T22:13:26","slug":"geldboerse-schwarz","status":"publish","type":"product","link":"https:\/\/www.regionalis.shop\/studioy\/shop\/geldboerse-schwarz\/","title":{"rendered":"Geldb\u00f6rse schwarz"},"content":{"rendered":"<p>Eine minimalistisch Geldb\u00f6rse mit drei F\u00e4chern die sich super in der vorderen Hosentasche verstauen l\u00e4sst.<br \/>\nJedes St\u00fcck wird in Handarbeit in dem Wiener Atelier aus Lederrestbest\u00e4nden hergestellt &#038; kann nach Wunsch mit den Initialen personalisiert werden.<\/p>\n<p>Die Geldb\u00f6rse bietet Platz f\u00fcr bis zu 9 Karten, Kleingeld &#038; Scheine.<\/p>\n","protected":false},"excerpt":{"rendered":"<p>Eine minimalistisch Geldb\u00f6rse mit drei F\u00e4chern die sich super in der vorderen Hosentasche verstauen l\u00e4sst. Jedes St\u00fcck wird in Handarbeit in dem Wiener Atelier aus Lederrestbest\u00e4nden hergestellt &#038; kann nach Wunsch mit den Initialen personalisiert werden. Die Geldb\u00f6rse bietet Platz f\u00fcr bis zu 9 Karten, Kleingeld &#038; Scheine.<\/p>\n","protected":false},"featured_media":1127,"template":"","meta":{"_acf_changed":false},"product_brand":[],"product_cat":[133,95],"product_tag":[],"class_list":{"0":"post-1126","1":"product","2":"type-product","3":"status-publish","4":"has-post-thumbnail","6":"product_cat-geldboersen-kartenhalter","7":"product_cat-taschen","9":"first","10":"instock","11":"purchasable","12":"product-type-simple"},"acf":[],"_links":{"self":[{"href":"https:\/\/www.regionalis.shop\/studioy\/wp-json\/wp\/v2\/product\/1126","targetHints":{"allow":["GET"]}}],"collection":[{"href":"https:\/\/www.regionalis.shop\/studioy\/wp-json\/wp\/v2\/product"}],"about":[{"href":"https:\/\/www.regionalis.shop\/studioy\/wp-json\/wp\/v2\/types\/product"}],"wp:featuredmedia":[{"embeddable":true,"href":"https:\/\/www.regionalis.shop\/studioy\/wp-json\/wp\/v2\/media\/1127"}],"wp:attachment":[{"href":"https:\/\/www.regionalis.shop\/studioy\/wp-json\/wp\/v2\/media?parent=1126"}],"wp:term":[{"taxonomy":"product_brand","embeddable":true,"href":"https:\/\/www.regionalis.shop\/studioy\/wp-json\/wp\/v2\/product_brand?post=1126"},{"taxonomy":"product_cat","embeddable":true,"href":"https:\/\/www.regionalis.shop\/studioy\/wp-json\/wp\/v2\/product_cat?post=1126"},{"taxonomy":"product_tag","embeddable":true,"href":"https:\/\/www.regionalis.shop\/studioy\/wp-json\/wp\/v2\/product_tag?post=1126"}],"curies":[{"name":"wp","href":"https:\/\/api.w.org\/{rel}","templated":true}]}}