{"id":1132,"date":"2025-04-17T23:33:38","date_gmt":"2025-04-17T21:33:38","guid":{"rendered":"https:\/\/www.regionalis.shop\/studioy\/product\/getrockneter-mini-blumenstrauss-bunt\/"},"modified":"2025-04-17T23:33:38","modified_gmt":"2025-04-17T21:33:38","slug":"getrockneter-mini-blumenstrauss-bunt","status":"publish","type":"product","link":"https:\/\/www.regionalis.shop\/studioy\/shop\/getrockneter-mini-blumenstrauss-bunt\/","title":{"rendered":"getrockneter Mini Blumenstrau\u00df bunt"},"content":{"rendered":"<p>Getrockneter Blumenstrau\u00df Mini.<br \/>\nBestehend aus verschiedenen Trockenblumen, pers\u00f6nlich zusammen gestellt im Wiener Atelier.<\/p>\n<p>Jeder Blumenstrau\u00df ist Einzigartig.<br \/>\nWenn du eine bestimmte Farbkombination haben m\u00f6chtest, gib uns bitte bescheid.<\/p>\n","protected":false},"excerpt":{"rendered":"<p>Getrockneter Blumenstrau\u00df Mini. Bestehend aus verschiedenen Trockenblumen, pers\u00f6nlich zusammen gestellt im Wiener Atelier. Jeder Blumenstrau\u00df ist Einzigartig. Wenn du eine bestimmte Farbkombination haben m\u00f6chtest, gib uns bitte bescheid.<\/p>\n","protected":false},"featured_media":1133,"template":"","meta":{"_acf_changed":false},"product_brand":[],"product_cat":[174,103],"product_tag":[],"class_list":{"0":"post-1132","1":"product","2":"type-product","3":"status-publish","4":"has-post-thumbnail","6":"product_cat-wohndekoration","7":"product_cat-wohnen-deko","9":"first","10":"instock","11":"purchasable","12":"product-type-simple"},"acf":[],"_links":{"self":[{"href":"https:\/\/www.regionalis.shop\/studioy\/wp-json\/wp\/v2\/product\/1132","targetHints":{"allow":["GET"]}}],"collection":[{"href":"https:\/\/www.regionalis.shop\/studioy\/wp-json\/wp\/v2\/product"}],"about":[{"href":"https:\/\/www.regionalis.shop\/studioy\/wp-json\/wp\/v2\/types\/product"}],"wp:featuredmedia":[{"embeddable":true,"href":"https:\/\/www.regionalis.shop\/studioy\/wp-json\/wp\/v2\/media\/1133"}],"wp:attachment":[{"href":"https:\/\/www.regionalis.shop\/studioy\/wp-json\/wp\/v2\/media?parent=1132"}],"wp:term":[{"taxonomy":"product_brand","embeddable":true,"href":"https:\/\/www.regionalis.shop\/studioy\/wp-json\/wp\/v2\/product_brand?post=1132"},{"taxonomy":"product_cat","embeddable":true,"href":"https:\/\/www.regionalis.shop\/studioy\/wp-json\/wp\/v2\/product_cat?post=1132"},{"taxonomy":"product_tag","embeddable":true,"href":"https:\/\/www.regionalis.shop\/studioy\/wp-json\/wp\/v2\/product_tag?post=1132"}],"curies":[{"name":"wp","href":"https:\/\/api.w.org\/{rel}","templated":true}]}}