{"id":1061,"date":"2025-04-18T03:17:01","date_gmt":"2025-04-18T01:17:01","guid":{"rendered":"https:\/\/www.regionalis.shop\/susansart\/product\/windlichtkomposition-weinflasche-gruen-auf-tablett\/"},"modified":"2025-04-18T03:17:01","modified_gmt":"2025-04-18T01:17:01","slug":"windlichtkomposition-weinflasche-gruen-auf-tablett","status":"publish","type":"product","link":"https:\/\/www.regionalis.shop\/susansart\/shop\/windlichtkomposition-weinflasche-gruen-auf-tablett\/","title":{"rendered":"Windlichtkomposition Weinflasche gr\u00fcn auf Tablett"},"content":{"rendered":"<p>Diese Komposition passt perfekt auf jeden Tisch au\u00dfen wie innen. Damit wurde der profanen Weinflasche ein weitere Nutzung f\u00fcr ganz viele romantische Abende erm\u00f6glicht.<\/p>\n","protected":false},"excerpt":{"rendered":"<p>Diese Komposition passt perfekt auf jeden Tisch au\u00dfen wie innen. Damit wurde der profanen Weinflasche ein weitere Nutzung f\u00fcr ganz viele romantische Abende erm\u00f6glicht.<\/p>\n","protected":false},"featured_media":1062,"template":"","meta":{"_acf_changed":false},"product_brand":[],"product_cat":[174,103],"product_tag":[],"class_list":{"0":"post-1061","1":"product","2":"type-product","3":"status-publish","4":"has-post-thumbnail","6":"product_cat-wohndekoration","7":"product_cat-wohnen-deko","9":"first","10":"instock","11":"purchasable","12":"product-type-simple"},"acf":[],"_links":{"self":[{"href":"https:\/\/www.regionalis.shop\/susansart\/wp-json\/wp\/v2\/product\/1061","targetHints":{"allow":["GET"]}}],"collection":[{"href":"https:\/\/www.regionalis.shop\/susansart\/wp-json\/wp\/v2\/product"}],"about":[{"href":"https:\/\/www.regionalis.shop\/susansart\/wp-json\/wp\/v2\/types\/product"}],"wp:featuredmedia":[{"embeddable":true,"href":"https:\/\/www.regionalis.shop\/susansart\/wp-json\/wp\/v2\/media\/1062"}],"wp:attachment":[{"href":"https:\/\/www.regionalis.shop\/susansart\/wp-json\/wp\/v2\/media?parent=1061"}],"wp:term":[{"taxonomy":"product_brand","embeddable":true,"href":"https:\/\/www.regionalis.shop\/susansart\/wp-json\/wp\/v2\/product_brand?post=1061"},{"taxonomy":"product_cat","embeddable":true,"href":"https:\/\/www.regionalis.shop\/susansart\/wp-json\/wp\/v2\/product_cat?post=1061"},{"taxonomy":"product_tag","embeddable":true,"href":"https:\/\/www.regionalis.shop\/susansart\/wp-json\/wp\/v2\/product_tag?post=1061"}],"curies":[{"name":"wp","href":"https:\/\/api.w.org\/{rel}","templated":true}]}}