{"id":1069,"date":"2025-04-18T03:16:37","date_gmt":"2025-04-18T01:16:37","guid":{"rendered":"https:\/\/www.regionalis.shop\/susansart\/product\/uebertopf-beton-glas-ii\/"},"modified":"2025-04-18T03:16:37","modified_gmt":"2025-04-18T01:16:37","slug":"uebertopf-beton-glas-ii","status":"publish","type":"product","link":"https:\/\/www.regionalis.shop\/susansart\/shop\/uebertopf-beton-glas-ii\/","title":{"rendered":"\u00dcbertopf Beton\/Glas II"},"content":{"rendered":"<p>Ganz sch\u00f6n l\u00e4ssig! Da trifft Glas auf Beton und bietet einen sommerlichen Auftritt f\u00fcr Sukkulenten und Co.<\/p>\n","protected":false},"excerpt":{"rendered":"<p>Ganz sch\u00f6n l\u00e4ssig! Da trifft Glas auf Beton und bietet einen sommerlichen Auftritt f\u00fcr Sukkulenten und Co.<\/p>\n","protected":false},"featured_media":1070,"template":"","meta":{"_acf_changed":false},"product_brand":[],"product_cat":[174,103],"product_tag":[],"class_list":{"0":"post-1069","1":"product","2":"type-product","3":"status-publish","4":"has-post-thumbnail","6":"product_cat-wohndekoration","7":"product_cat-wohnen-deko","9":"first","10":"instock","11":"purchasable","12":"product-type-simple"},"acf":[],"_links":{"self":[{"href":"https:\/\/www.regionalis.shop\/susansart\/wp-json\/wp\/v2\/product\/1069","targetHints":{"allow":["GET"]}}],"collection":[{"href":"https:\/\/www.regionalis.shop\/susansart\/wp-json\/wp\/v2\/product"}],"about":[{"href":"https:\/\/www.regionalis.shop\/susansart\/wp-json\/wp\/v2\/types\/product"}],"wp:featuredmedia":[{"embeddable":true,"href":"https:\/\/www.regionalis.shop\/susansart\/wp-json\/wp\/v2\/media\/1070"}],"wp:attachment":[{"href":"https:\/\/www.regionalis.shop\/susansart\/wp-json\/wp\/v2\/media?parent=1069"}],"wp:term":[{"taxonomy":"product_brand","embeddable":true,"href":"https:\/\/www.regionalis.shop\/susansart\/wp-json\/wp\/v2\/product_brand?post=1069"},{"taxonomy":"product_cat","embeddable":true,"href":"https:\/\/www.regionalis.shop\/susansart\/wp-json\/wp\/v2\/product_cat?post=1069"},{"taxonomy":"product_tag","embeddable":true,"href":"https:\/\/www.regionalis.shop\/susansart\/wp-json\/wp\/v2\/product_tag?post=1069"}],"curies":[{"name":"wp","href":"https:\/\/api.w.org\/{rel}","templated":true}]}}