{"id":1073,"date":"2025-04-18T03:16:37","date_gmt":"2025-04-18T01:16:37","guid":{"rendered":"https:\/\/www.regionalis.shop\/susansart\/product\/uebertopf-glas-beton-fuer-pflanze-und-co-gruenes-glas-ii\/"},"modified":"2025-04-18T03:16:37","modified_gmt":"2025-04-18T01:16:37","slug":"uebertopf-glas-beton-fuer-pflanze-und-co-gruenes-glas-ii","status":"publish","type":"product","link":"https:\/\/www.regionalis.shop\/susansart\/shop\/uebertopf-glas-beton-fuer-pflanze-und-co-gruenes-glas-ii\/","title":{"rendered":"\u00dcbertopf Glas\/Beton f\u00fcr Pflanze und Co. gr\u00fcnes Glas II"},"content":{"rendered":"<p>Dieser \u00dcbertopf der Serie besticht ebenfalls durch das gr\u00fcne Flaschenglas, welches in Beton gegossen wurde. Der Schmetterling darauf m\u00f6chte  gleich in den Sommer rausfliegen&#8230;.und seinen Inhalt zum erbl\u00fchen bringen<\/p>\n","protected":false},"excerpt":{"rendered":"<p>Dieser \u00dcbertopf der Serie besticht ebenfalls durch das gr\u00fcne Flaschenglas, welches in Beton gegossen wurde. Der Schmetterling darauf m\u00f6chte gleich in den Sommer rausfliegen&#8230;.und seinen Inhalt zum erbl\u00fchen bringen<\/p>\n","protected":false},"featured_media":1074,"template":"","meta":{"_acf_changed":false},"product_brand":[],"product_cat":[174,103],"product_tag":[],"class_list":{"0":"post-1073","1":"product","2":"type-product","3":"status-publish","4":"has-post-thumbnail","6":"product_cat-wohndekoration","7":"product_cat-wohnen-deko","9":"first","10":"instock","11":"purchasable","12":"product-type-simple"},"acf":[],"_links":{"self":[{"href":"https:\/\/www.regionalis.shop\/susansart\/wp-json\/wp\/v2\/product\/1073","targetHints":{"allow":["GET"]}}],"collection":[{"href":"https:\/\/www.regionalis.shop\/susansart\/wp-json\/wp\/v2\/product"}],"about":[{"href":"https:\/\/www.regionalis.shop\/susansart\/wp-json\/wp\/v2\/types\/product"}],"wp:featuredmedia":[{"embeddable":true,"href":"https:\/\/www.regionalis.shop\/susansart\/wp-json\/wp\/v2\/media\/1074"}],"wp:attachment":[{"href":"https:\/\/www.regionalis.shop\/susansart\/wp-json\/wp\/v2\/media?parent=1073"}],"wp:term":[{"taxonomy":"product_brand","embeddable":true,"href":"https:\/\/www.regionalis.shop\/susansart\/wp-json\/wp\/v2\/product_brand?post=1073"},{"taxonomy":"product_cat","embeddable":true,"href":"https:\/\/www.regionalis.shop\/susansart\/wp-json\/wp\/v2\/product_cat?post=1073"},{"taxonomy":"product_tag","embeddable":true,"href":"https:\/\/www.regionalis.shop\/susansart\/wp-json\/wp\/v2\/product_tag?post=1073"}],"curies":[{"name":"wp","href":"https:\/\/api.w.org\/{rel}","templated":true}]}}