{"id":1083,"date":"2025-04-18T03:16:14","date_gmt":"2025-04-18T01:16:14","guid":{"rendered":"https:\/\/www.regionalis.shop\/susansart\/product\/windlichtkomposition-meditarreneo\/"},"modified":"2025-04-18T03:16:14","modified_gmt":"2025-04-18T01:16:14","slug":"windlichtkomposition-meditarreneo","status":"publish","type":"product","link":"https:\/\/www.regionalis.shop\/susansart\/shop\/windlichtkomposition-meditarreneo\/","title":{"rendered":"Windlichtkomposition \u201eMeditarreneo\u201c"},"content":{"rendered":"<p>Das Windlicht ruft die lauen Sommerabende im mediterranen Flair des S\u00fcdens in uns wach! Kerze anz\u00fcnden und in Erinnerungen schwelgen. Das Blatt auf dem die Kerze steht ist tats\u00e4chlich ein echter Abdruck desselben und aus Beton gefertigt.<\/p>\n","protected":false},"excerpt":{"rendered":"<p>Das Windlicht ruft die lauen Sommerabende im mediterranen Flair des S\u00fcdens in uns wach! Kerze anz\u00fcnden und in Erinnerungen schwelgen. Das Blatt auf dem die Kerze steht ist tats\u00e4chlich ein echter Abdruck desselben und aus Beton gefertigt.<\/p>\n","protected":false},"featured_media":1084,"template":"","meta":{"_acf_changed":false},"product_brand":[],"product_cat":[174,103],"product_tag":[],"class_list":{"0":"post-1083","1":"product","2":"type-product","3":"status-publish","4":"has-post-thumbnail","6":"product_cat-wohndekoration","7":"product_cat-wohnen-deko","9":"first","10":"instock","11":"purchasable","12":"product-type-simple"},"acf":[],"_links":{"self":[{"href":"https:\/\/www.regionalis.shop\/susansart\/wp-json\/wp\/v2\/product\/1083","targetHints":{"allow":["GET"]}}],"collection":[{"href":"https:\/\/www.regionalis.shop\/susansart\/wp-json\/wp\/v2\/product"}],"about":[{"href":"https:\/\/www.regionalis.shop\/susansart\/wp-json\/wp\/v2\/types\/product"}],"wp:featuredmedia":[{"embeddable":true,"href":"https:\/\/www.regionalis.shop\/susansart\/wp-json\/wp\/v2\/media\/1084"}],"wp:attachment":[{"href":"https:\/\/www.regionalis.shop\/susansart\/wp-json\/wp\/v2\/media?parent=1083"}],"wp:term":[{"taxonomy":"product_brand","embeddable":true,"href":"https:\/\/www.regionalis.shop\/susansart\/wp-json\/wp\/v2\/product_brand?post=1083"},{"taxonomy":"product_cat","embeddable":true,"href":"https:\/\/www.regionalis.shop\/susansart\/wp-json\/wp\/v2\/product_cat?post=1083"},{"taxonomy":"product_tag","embeddable":true,"href":"https:\/\/www.regionalis.shop\/susansart\/wp-json\/wp\/v2\/product_tag?post=1083"}],"curies":[{"name":"wp","href":"https:\/\/api.w.org\/{rel}","templated":true}]}}