{"id":1087,"date":"2025-04-18T03:16:14","date_gmt":"2025-04-18T01:16:14","guid":{"rendered":"https:\/\/www.regionalis.shop\/susansart\/product\/windlicht-glas-beton-solo\/"},"modified":"2025-04-18T03:16:14","modified_gmt":"2025-04-18T01:16:14","slug":"windlicht-glas-beton-solo","status":"publish","type":"product","link":"https:\/\/www.regionalis.shop\/susansart\/shop\/windlicht-glas-beton-solo\/","title":{"rendered":"Windlicht Glas\/Beton solo"},"content":{"rendered":"<p>Gro\u00dfer Soloauftritt f\u00fcr dieses entz\u00fcckende Windlicht. Glas trifft Beton und vereint Urlaubsfundst\u00fccke und Erinnerungen.<\/p>\n","protected":false},"excerpt":{"rendered":"<p>Gro\u00dfer Soloauftritt f\u00fcr dieses entz\u00fcckende Windlicht. Glas trifft Beton und vereint Urlaubsfundst\u00fccke und Erinnerungen.<\/p>\n","protected":false},"featured_media":1088,"template":"","meta":{"_acf_changed":false},"product_brand":[],"product_cat":[151,103],"product_tag":[],"class_list":{"0":"post-1087","1":"product","2":"type-product","3":"status-publish","4":"has-post-thumbnail","6":"product_cat-kerzen-kerzenstaender","7":"product_cat-wohnen-deko","9":"first","10":"instock","11":"purchasable","12":"product-type-simple"},"acf":[],"_links":{"self":[{"href":"https:\/\/www.regionalis.shop\/susansart\/wp-json\/wp\/v2\/product\/1087","targetHints":{"allow":["GET"]}}],"collection":[{"href":"https:\/\/www.regionalis.shop\/susansart\/wp-json\/wp\/v2\/product"}],"about":[{"href":"https:\/\/www.regionalis.shop\/susansart\/wp-json\/wp\/v2\/types\/product"}],"wp:featuredmedia":[{"embeddable":true,"href":"https:\/\/www.regionalis.shop\/susansart\/wp-json\/wp\/v2\/media\/1088"}],"wp:attachment":[{"href":"https:\/\/www.regionalis.shop\/susansart\/wp-json\/wp\/v2\/media?parent=1087"}],"wp:term":[{"taxonomy":"product_brand","embeddable":true,"href":"https:\/\/www.regionalis.shop\/susansart\/wp-json\/wp\/v2\/product_brand?post=1087"},{"taxonomy":"product_cat","embeddable":true,"href":"https:\/\/www.regionalis.shop\/susansart\/wp-json\/wp\/v2\/product_cat?post=1087"},{"taxonomy":"product_tag","embeddable":true,"href":"https:\/\/www.regionalis.shop\/susansart\/wp-json\/wp\/v2\/product_tag?post=1087"}],"curies":[{"name":"wp","href":"https:\/\/api.w.org\/{rel}","templated":true}]}}