{"id":1095,"date":"2025-04-18T03:16:14","date_gmt":"2025-04-18T01:16:14","guid":{"rendered":"https:\/\/www.regionalis.shop\/susansart\/product\/windlichter\/"},"modified":"2025-04-18T03:16:14","modified_gmt":"2025-04-18T01:16:14","slug":"windlichter","status":"publish","type":"product","link":"https:\/\/www.regionalis.shop\/susansart\/shop\/windlichter\/","title":{"rendered":"Windlichter"},"content":{"rendered":"<p>Ein Windlichtpaneel, das jede Wand zu einem besonderen Platz macht! Wieder kamen Aludosen zum Einsatz, kleine Gl\u00e4ser sch\u00fctzen vor Wind. Sieht man die Dosenseiten an, denkt man sogleich an die sch\u00f6nen Fliesen in Lissabon. Schon dort gewesen? Dann Kerzen angez\u00fcndet, Augen zu und schon flaniert man durch die kleinen G\u00e4sschen&#8230;<\/p>\n","protected":false},"excerpt":{"rendered":"<p>Ein Windlichtpaneel, das jede Wand zu einem besonderen Platz macht! Wieder kamen Aludosen zum Einsatz, kleine Gl\u00e4ser sch\u00fctzen vor Wind. Sieht man die Dosenseiten an, denkt man sogleich an die sch\u00f6nen Fliesen in Lissabon. Schon dort gewesen? Dann Kerzen angez\u00fcndet, Augen zu und schon flaniert man durch die kleinen G\u00e4sschen&#8230;<\/p>\n","protected":false},"featured_media":1096,"template":"","meta":{"_acf_changed":false},"product_brand":[],"product_cat":[151,103],"product_tag":[],"class_list":{"0":"post-1095","1":"product","2":"type-product","3":"status-publish","4":"has-post-thumbnail","6":"product_cat-kerzen-kerzenstaender","7":"product_cat-wohnen-deko","9":"first","10":"instock","11":"purchasable","12":"product-type-simple"},"acf":[],"_links":{"self":[{"href":"https:\/\/www.regionalis.shop\/susansart\/wp-json\/wp\/v2\/product\/1095","targetHints":{"allow":["GET"]}}],"collection":[{"href":"https:\/\/www.regionalis.shop\/susansart\/wp-json\/wp\/v2\/product"}],"about":[{"href":"https:\/\/www.regionalis.shop\/susansart\/wp-json\/wp\/v2\/types\/product"}],"wp:featuredmedia":[{"embeddable":true,"href":"https:\/\/www.regionalis.shop\/susansart\/wp-json\/wp\/v2\/media\/1096"}],"wp:attachment":[{"href":"https:\/\/www.regionalis.shop\/susansart\/wp-json\/wp\/v2\/media?parent=1095"}],"wp:term":[{"taxonomy":"product_brand","embeddable":true,"href":"https:\/\/www.regionalis.shop\/susansart\/wp-json\/wp\/v2\/product_brand?post=1095"},{"taxonomy":"product_cat","embeddable":true,"href":"https:\/\/www.regionalis.shop\/susansart\/wp-json\/wp\/v2\/product_cat?post=1095"},{"taxonomy":"product_tag","embeddable":true,"href":"https:\/\/www.regionalis.shop\/susansart\/wp-json\/wp\/v2\/product_tag?post=1095"}],"curies":[{"name":"wp","href":"https:\/\/api.w.org\/{rel}","templated":true}]}}