{"id":1103,"date":"2025-04-18T03:15:39","date_gmt":"2025-04-18T01:15:39","guid":{"rendered":"https:\/\/www.regionalis.shop\/susansart\/product\/lampe-korb-weiss\/"},"modified":"2025-04-18T03:15:39","modified_gmt":"2025-04-18T01:15:39","slug":"lampe-korb-weiss","status":"publish","type":"product","link":"https:\/\/www.regionalis.shop\/susansart\/shop\/lampe-korb-weiss\/","title":{"rendered":"Lampe Korb weiss"},"content":{"rendered":"<p>Die Korblampe ist ein mediterranes upcycling Leuchtmittel. Au\u00dfen Wei\u00df gestrichene K\u00f6rbe mit Hanfseil durchwoben, innen Petroleum geb\u00fcrstet. Da denkt man sofort an Meer und laue Sommerabende. Auf \u201egriechischem Schwemmholz\u201c hat sie eine originelle Aufh\u00e4ngung erhalten.<\/p>\n","protected":false},"excerpt":{"rendered":"<p>Die Korblampe ist ein mediterranes upcycling Leuchtmittel. Au\u00dfen Wei\u00df gestrichene K\u00f6rbe mit Hanfseil durchwoben, innen Petroleum geb\u00fcrstet. Da denkt man sofort an Meer und laue Sommerabende. Auf \u201egriechischem Schwemmholz\u201c hat sie eine originelle Aufh\u00e4ngung erhalten.<\/p>\n","protected":false},"featured_media":1104,"template":"","meta":{"_acf_changed":false},"product_brand":[],"product_cat":[156,103],"product_tag":[],"class_list":{"0":"post-1103","1":"product","2":"type-product","3":"status-publish","4":"has-post-thumbnail","6":"product_cat-lampen-beleuchtung","7":"product_cat-wohnen-deko","9":"first","10":"instock","11":"purchasable","12":"product-type-simple"},"acf":[],"_links":{"self":[{"href":"https:\/\/www.regionalis.shop\/susansart\/wp-json\/wp\/v2\/product\/1103","targetHints":{"allow":["GET"]}}],"collection":[{"href":"https:\/\/www.regionalis.shop\/susansart\/wp-json\/wp\/v2\/product"}],"about":[{"href":"https:\/\/www.regionalis.shop\/susansart\/wp-json\/wp\/v2\/types\/product"}],"wp:featuredmedia":[{"embeddable":true,"href":"https:\/\/www.regionalis.shop\/susansart\/wp-json\/wp\/v2\/media\/1104"}],"wp:attachment":[{"href":"https:\/\/www.regionalis.shop\/susansart\/wp-json\/wp\/v2\/media?parent=1103"}],"wp:term":[{"taxonomy":"product_brand","embeddable":true,"href":"https:\/\/www.regionalis.shop\/susansart\/wp-json\/wp\/v2\/product_brand?post=1103"},{"taxonomy":"product_cat","embeddable":true,"href":"https:\/\/www.regionalis.shop\/susansart\/wp-json\/wp\/v2\/product_cat?post=1103"},{"taxonomy":"product_tag","embeddable":true,"href":"https:\/\/www.regionalis.shop\/susansart\/wp-json\/wp\/v2\/product_tag?post=1103"}],"curies":[{"name":"wp","href":"https:\/\/api.w.org\/{rel}","templated":true}]}}