{"id":1107,"date":"2025-04-18T03:15:39","date_gmt":"2025-04-18T01:15:39","guid":{"rendered":"https:\/\/www.regionalis.shop\/susansart\/product\/bunte-lampe-korb-papier-klein\/"},"modified":"2025-04-18T03:15:39","modified_gmt":"2025-04-18T01:15:39","slug":"bunte-lampe-korb-papier-klein","status":"publish","type":"product","link":"https:\/\/www.regionalis.shop\/susansart\/shop\/bunte-lampe-korb-papier-klein\/","title":{"rendered":"Bunte Lampe Korb\/Papier klein"},"content":{"rendered":"<p>Noch so ein Hingucker! Diese fr\u00f6hlich, bunte Lampe ist wieder ein h\u00fcbsches Beispiel f\u00fcr upcycling. Auf einen Korb wurden in liebevoller Kleinarbeit bunte Papierkreisel (gerollt und gefalzt) aufgesteckt. Durchmesser 17 cm.  Innen besticht sie durch einen hellen T\u00fcrkiston. Einfach zum Verlieben&#8230;.<\/p>\n","protected":false},"excerpt":{"rendered":"<p>Noch so ein Hingucker! Diese fr\u00f6hlich, bunte Lampe ist wieder ein h\u00fcbsches Beispiel f\u00fcr upcycling. Auf einen Korb wurden in liebevoller Kleinarbeit bunte Papierkreisel (gerollt und gefalzt) aufgesteckt. Durchmesser 17 cm. Innen besticht sie durch einen hellen T\u00fcrkiston. Einfach zum Verlieben&#8230;.<\/p>\n","protected":false},"featured_media":1108,"template":"","meta":{"_acf_changed":false},"product_brand":[],"product_cat":[156,103],"product_tag":[],"class_list":{"0":"post-1107","1":"product","2":"type-product","3":"status-publish","4":"has-post-thumbnail","6":"product_cat-lampen-beleuchtung","7":"product_cat-wohnen-deko","9":"first","10":"instock","11":"purchasable","12":"product-type-simple"},"acf":[],"_links":{"self":[{"href":"https:\/\/www.regionalis.shop\/susansart\/wp-json\/wp\/v2\/product\/1107","targetHints":{"allow":["GET"]}}],"collection":[{"href":"https:\/\/www.regionalis.shop\/susansart\/wp-json\/wp\/v2\/product"}],"about":[{"href":"https:\/\/www.regionalis.shop\/susansart\/wp-json\/wp\/v2\/types\/product"}],"wp:featuredmedia":[{"embeddable":true,"href":"https:\/\/www.regionalis.shop\/susansart\/wp-json\/wp\/v2\/media\/1108"}],"wp:attachment":[{"href":"https:\/\/www.regionalis.shop\/susansart\/wp-json\/wp\/v2\/media?parent=1107"}],"wp:term":[{"taxonomy":"product_brand","embeddable":true,"href":"https:\/\/www.regionalis.shop\/susansart\/wp-json\/wp\/v2\/product_brand?post=1107"},{"taxonomy":"product_cat","embeddable":true,"href":"https:\/\/www.regionalis.shop\/susansart\/wp-json\/wp\/v2\/product_cat?post=1107"},{"taxonomy":"product_tag","embeddable":true,"href":"https:\/\/www.regionalis.shop\/susansart\/wp-json\/wp\/v2\/product_tag?post=1107"}],"curies":[{"name":"wp","href":"https:\/\/api.w.org\/{rel}","templated":true}]}}