{"id":1042,"date":"2025-10-23T16:14:07","date_gmt":"2025-10-23T14:14:07","guid":{"rendered":"https:\/\/www.regionalis.shop\/tanja-illustrationen\/?page_id=1042"},"modified":"2025-10-23T16:16:34","modified_gmt":"2025-10-23T14:16:34","slug":"impressum","status":"publish","type":"page","link":"https:\/\/www.regionalis.shop\/tanja-illustrationen\/impressum\/","title":{"rendered":"Impressum"},"content":{"rendered":"<section>\n            <p>&#8211;HANDGEZEICHNETES von tanja illustrationen&#8211;<br \/>\nHerzige Kinderpuzzlemotive<\/p>\n<p>Poster mit ganz besonderen Botschaften<br \/>\nSpr\u00fcchekarten f\u00fcr deine Liebsten<br \/>\nWaldviertel Postkarten und Gru\u00dfkarten &#8211; humorvoll und einzigartig<\/p>\n<p>Mein Zeichenstil ist ein feiner, minimalistisch Stil. Ein Mix aus Tusche oder Tinte und Aquarell, unaufdringlich und harmonisch. F\u00fcr deine Seele und f\u00fcr dein Zuhause!<br \/>\nMit viel Hingabe illustriere und male ich alles per Hand und vollende die Zeichnungen meist digital. So werden sie zu Postern, Karten und kleine Bilder und Billetts.<\/p>\n<p>Weitere Artprints mit und ohne Passepartout sowie Postkarten sind soeben neu im Shop eingelangt und eignen sich hervorragend zum Verschenken!<br \/>\nSuchst du was Einzigartiges, Individuelles?<br \/>\nSchreibe mir eine Message, ich freue mich, etwas f\u00fcr dich zu kreieren!<\/p>\n<p>&#8230; wenn du lieber einzigartige, handgemachte Dinge um dich herum hast, deren Besonderheit es ist mit viel Liebe und Hingabe von Menschen in der Region erzeugt worden zu sein, wenn du bewusst kleine Unternehmen unterst\u00fctzen m\u00f6chtest und du schonend mit Ressourcen umgehen willst, dann kaufe \u00fcber regionalis.at &#8211; zum Beispiel bei mir \ud83d\ude42<\/p>\n<p>Herzlichst Tanja<\/p>\n\n    <\/section>","protected":false},"excerpt":{"rendered":"","protected":false},"author":1,"featured_media":0,"parent":0,"menu_order":0,"comment_status":"closed","ping_status":"closed","template":"","meta":{"_acf_changed":false,"footnotes":""},"class_list":["post-1042","page","type-page","status-publish","hentry"],"acf":[],"_links":{"self":[{"href":"https:\/\/www.regionalis.shop\/tanja-illustrationen\/wp-json\/wp\/v2\/pages\/1042","targetHints":{"allow":["GET"]}}],"collection":[{"href":"https:\/\/www.regionalis.shop\/tanja-illustrationen\/wp-json\/wp\/v2\/pages"}],"about":[{"href":"https:\/\/www.regionalis.shop\/tanja-illustrationen\/wp-json\/wp\/v2\/types\/page"}],"author":[{"embeddable":true,"href":"https:\/\/www.regionalis.shop\/tanja-illustrationen\/wp-json\/wp\/v2\/users\/1"}],"replies":[{"embeddable":true,"href":"https:\/\/www.regionalis.shop\/tanja-illustrationen\/wp-json\/wp\/v2\/comments?post=1042"}],"version-history":[{"count":2,"href":"https:\/\/www.regionalis.shop\/tanja-illustrationen\/wp-json\/wp\/v2\/pages\/1042\/revisions"}],"predecessor-version":[{"id":1044,"href":"https:\/\/www.regionalis.shop\/tanja-illustrationen\/wp-json\/wp\/v2\/pages\/1042\/revisions\/1044"}],"wp:attachment":[{"href":"https:\/\/www.regionalis.shop\/tanja-illustrationen\/wp-json\/wp\/v2\/media?parent=1042"}],"curies":[{"name":"wp","href":"https:\/\/api.w.org\/{rel}","templated":true}]}}