{"id":862,"date":"2025-05-24T13:44:06","date_gmt":"2025-05-24T11:44:06","guid":{"rendered":"https:\/\/starter.stage.shop-it.at\/?page_id=862"},"modified":"2025-10-23T15:21:37","modified_gmt":"2025-10-23T13:21:37","slug":"startseite","status":"publish","type":"page","link":"https:\/\/www.regionalis.shop\/tanja-illustrationen\/","title":{"rendered":"Startseite"},"content":{"rendered":"<section>\n        <div class=\"header-image\">\n            <img decoding=\"async\" src=\"https:\/\/www.regionalis.shop\/app\/uploads\/sites\/586\/dialekt1.jpg\" alt=\"\">\n        <\/div>\n    \n    <\/section>\n    <section>\n    <div class=\"header-title\">\n        <h1 class=\"h2\">Willkommen bei tanja illustrationen<\/h1>\n    <\/div>\n            <h2 class=\"h3\">Handgemacht in Friedersbach<\/h2>\n                <p>&#8211;HANDGEZEICHNETES von tanja illustrationen&#8211;<br \/>\nHerzige Kinderpuzzlemotive<\/p>\n<p>Poster mit ganz besonderen Botschaften<br \/>\nSpr\u00fcchekarten f\u00fcr deine Liebsten<br \/>\nWaldviertel Postkarten und Gru\u00dfkarten &#8211; humorvoll und einzigartig<\/p>\n<p>Mein Zeichenstil ist ein feiner, minimalistisch Stil. Ein Mix aus Tusche oder Tinte und Aquarell, unaufdringlich und harmonisch. F\u00fcr deine Seele und f\u00fcr dein Zuhause!<br \/>\nMit viel Hingabe illustriere und male ich alles per Hand und vollende die Zeichnungen meist digital. So werden sie zu Postern, Karten und kleine Bilder und Billetts.<\/p>\n<p>Weitere Artprints mit und ohne Passepartout sowie Postkarten sind soeben neu im Shop eingelangt und eignen sich hervorragend zum Verschenken!<br \/>\nSuchst du was Einzigartiges, Individuelles?<br \/>\nSchreibe mir eine Message, ich freue mich, etwas f\u00fcr dich zu kreieren!<\/p>\n<p>&#8230; wenn du lieber einzigartige, handgemachte Dinge um dich herum hast, deren Besonderheit es ist mit viel Liebe und Hingabe von Menschen in der Region erzeugt worden zu sein, wenn du bewusst kleine Unternehmen unterst\u00fctzen m\u00f6chtest und du schonend mit Ressourcen umgehen willst, dann kaufe \u00fcber regionalis.at &#8211; zum Beispiel bei mir \ud83d\ude42<\/p>\n<p>Herzlichst Tanja<\/p>\n\n    \n    <h3>Produkte<\/h3>\n\n    <div class=\"woocommerce columns-3 \"><ul class=\"products columns-3\">\n<li class=\"product type-product post-1054 status-publish first instock product_cat-kunst-fotografie product_cat-kunstdrucke has-post-thumbnail purchasable product-type-simple\">\n\t<a href=\"https:\/\/www.regionalis.shop\/tanja-illustrationen\/shop\/kopie-perfectly-unperfect-poster-a2\/\" class=\"woocommerce-LoopProduct-link woocommerce-loop-product__link\"><div class=\"wc-block-grid__product-image\"><img loading=\"lazy\" decoding=\"async\" width=\"1024\" height=\"1024\" src=\"https:\/\/www.regionalis.shop\/app\/uploads\/sites\/586\/1765_2022_12_12_15_24_27_883099102.jpg\" class=\"attachment-large size-large\" alt=\"Kopie perfectly unperfect Poster A2\" srcset=\"https:\/\/www.regionalis.shop\/app\/uploads\/sites\/586\/1765_2022_12_12_15_24_27_883099102.jpg 1024w, https:\/\/www.regionalis.shop\/app\/uploads\/sites\/586\/1765_2022_12_12_15_24_27_883099102-300x300.jpg 300w, https:\/\/www.regionalis.shop\/app\/uploads\/sites\/586\/1765_2022_12_12_15_24_27_883099102-150x150.jpg 150w, https:\/\/www.regionalis.shop\/app\/uploads\/sites\/586\/1765_2022_12_12_15_24_27_883099102-768x768.jpg 768w, https:\/\/www.regionalis.shop\/app\/uploads\/sites\/586\/1765_2022_12_12_15_24_27_883099102-600x600.jpg 600w, https:\/\/www.regionalis.shop\/app\/uploads\/sites\/586\/1765_2022_12_12_15_24_27_883099102-100x100.jpg 100w\" sizes=\"auto, (max-width: 1024px) 100vw, 1024px\" \/><\/div><h2 class=\"woocommerce-loop-product__title\">Kopie perfectly unperfect Poster A2<\/h2>\n\t<span class=\"price\"><span class=\"woocommerce-Price-amount amount\"><bdi>21,60&nbsp;<span class=\"woocommerce-Price-currencySymbol\">&euro;<\/span><\/bdi><\/span><\/span>\n<\/a><\/li>\n<li class=\"product type-product post-1065 status-publish instock product_cat-kunst-fotografie product_cat-malerei has-post-thumbnail purchasable product-type-simple\">\n\t<a href=\"https:\/\/www.regionalis.shop\/tanja-illustrationen\/shop\/aquarell-playground-einzelstueck\/\" class=\"woocommerce-LoopProduct-link woocommerce-loop-product__link\"><div class=\"wc-block-grid__product-image\"><img loading=\"lazy\" decoding=\"async\" width=\"420\" height=\"420\" src=\"https:\/\/www.regionalis.shop\/app\/uploads\/sites\/586\/1765_2022_11_23_11_38_47_265854714.jpg\" class=\"attachment-large size-large\" alt=\"Aquarell &quot;Playground&quot; EINZELST\u00dcCK\" srcset=\"https:\/\/www.regionalis.shop\/app\/uploads\/sites\/586\/1765_2022_11_23_11_38_47_265854714.jpg 420w, https:\/\/www.regionalis.shop\/app\/uploads\/sites\/586\/1765_2022_11_23_11_38_47_265854714-300x300.jpg 300w, https:\/\/www.regionalis.shop\/app\/uploads\/sites\/586\/1765_2022_11_23_11_38_47_265854714-150x150.jpg 150w, https:\/\/www.regionalis.shop\/app\/uploads\/sites\/586\/1765_2022_11_23_11_38_47_265854714-100x100.jpg 100w\" sizes=\"auto, (max-width: 420px) 100vw, 420px\" \/><\/div><h2 class=\"woocommerce-loop-product__title\">Aquarell &#8222;Playground&#8220; EINZELST\u00dcCK<\/h2>\n\t<span class=\"price\"><span class=\"woocommerce-Price-amount amount\"><bdi>30,00&nbsp;<span class=\"woocommerce-Price-currencySymbol\">&euro;<\/span><\/bdi><\/span><\/span>\n<\/a><\/li>\n<li class=\"product type-product post-1069 status-publish last instock product_cat-geschenk-gruskarten product_cat-papeterie-schreibwaren has-post-thumbnail purchasable product-type-simple\">\n\t<a href=\"https:\/\/www.regionalis.shop\/tanja-illustrationen\/shop\/busenfreundin-karte-a6-quer\/\" class=\"woocommerce-LoopProduct-link woocommerce-loop-product__link\"><div class=\"wc-block-grid__product-image\"><img loading=\"lazy\" decoding=\"async\" width=\"420\" height=\"420\" src=\"https:\/\/www.regionalis.shop\/app\/uploads\/sites\/586\/1765_2022_09_29_11_36_27_885819104.jpg\" class=\"attachment-large size-large\" alt=\"Busenfreundin Karte A6 quer\" srcset=\"https:\/\/www.regionalis.shop\/app\/uploads\/sites\/586\/1765_2022_09_29_11_36_27_885819104.jpg 420w, https:\/\/www.regionalis.shop\/app\/uploads\/sites\/586\/1765_2022_09_29_11_36_27_885819104-300x300.jpg 300w, https:\/\/www.regionalis.shop\/app\/uploads\/sites\/586\/1765_2022_09_29_11_36_27_885819104-150x150.jpg 150w, https:\/\/www.regionalis.shop\/app\/uploads\/sites\/586\/1765_2022_09_29_11_36_27_885819104-100x100.jpg 100w\" sizes=\"auto, (max-width: 420px) 100vw, 420px\" \/><\/div><h2 class=\"woocommerce-loop-product__title\">Busenfreundin Karte A6 quer<\/h2>\n\t<span class=\"price\"><span class=\"woocommerce-Price-amount amount\"><bdi>1,80&nbsp;<span class=\"woocommerce-Price-currencySymbol\">&euro;<\/span><\/bdi><\/span><\/span>\n<\/a><\/li>\n<\/ul>\n<\/div>\n    <p>\n        <a href=\"https:\/\/www.regionalis.shop\/tanja-illustrationen\/shop\/\" class=\"btn btn-primary btn-icon-right\">\n            Alle Produkte <i class=\"bi bi-arrow-right-short\"><\/i>\n        <\/a>\n    <\/p>\n<\/section>\n\n<div data-block-name=\"woocommerce\/store-notices\" class=\"wc-block-store-notices woocommerce alignwide alignwide wp-block-woocommerce-store-notices\"><div class=\"woocommerce-notices-wrapper\"><\/div><\/div>","protected":false},"excerpt":{"rendered":"","protected":false},"author":1,"featured_media":0,"parent":0,"menu_order":0,"comment_status":"closed","ping_status":"closed","template":"template-home.blade.php","meta":{"_acf_changed":false,"footnotes":""},"class_list":["post-862","page","type-page","status-publish","hentry"],"acf":[],"_links":{"self":[{"href":"https:\/\/www.regionalis.shop\/tanja-illustrationen\/wp-json\/wp\/v2\/pages\/862","targetHints":{"allow":["GET"]}}],"collection":[{"href":"https:\/\/www.regionalis.shop\/tanja-illustrationen\/wp-json\/wp\/v2\/pages"}],"about":[{"href":"https:\/\/www.regionalis.shop\/tanja-illustrationen\/wp-json\/wp\/v2\/types\/page"}],"author":[{"embeddable":true,"href":"https:\/\/www.regionalis.shop\/tanja-illustrationen\/wp-json\/wp\/v2\/users\/1"}],"replies":[{"embeddable":true,"href":"https:\/\/www.regionalis.shop\/tanja-illustrationen\/wp-json\/wp\/v2\/comments?post=862"}],"version-history":[{"count":28,"href":"https:\/\/www.regionalis.shop\/tanja-illustrationen\/wp-json\/wp\/v2\/pages\/862\/revisions"}],"predecessor-version":[{"id":1041,"href":"https:\/\/www.regionalis.shop\/tanja-illustrationen\/wp-json\/wp\/v2\/pages\/862\/revisions\/1041"}],"wp:attachment":[{"href":"https:\/\/www.regionalis.shop\/tanja-illustrationen\/wp-json\/wp\/v2\/media?parent=862"}],"curies":[{"name":"wp","href":"https:\/\/api.w.org\/{rel}","templated":true}]}}