{"id":1074,"date":"2025-04-18T05:48:42","date_gmt":"2025-04-18T03:48:42","guid":{"rendered":"https:\/\/www.regionalis.shop\/tanja-illustrationen\/product\/spuercheposter-schhh-mit-holzschiene\/"},"modified":"2025-04-18T05:48:42","modified_gmt":"2025-04-18T03:48:42","slug":"spuercheposter-schhh-mit-holzschiene","status":"publish","type":"product","link":"https:\/\/www.regionalis.shop\/tanja-illustrationen\/shop\/spuercheposter-schhh-mit-holzschiene\/","title":{"rendered":"Sp\u00fcrcheposter &#8222;schhh&#8220; mit Holzschiene"},"content":{"rendered":"<p>Poster Print mit Spruch<\/p>\n<p>&#8211;&#8222;Schhh&#8220; eine charmante Weise um Ruhe zu bitten&#8211;<br \/>\n&#8230; used to call for silence<br \/>\n&#8211;A3 Poster mit handgezeichnetem Fensterblatt&#8211;<br \/>\n dezente mint-T\u00f6ne auf wei\u00dfem Strukturpapier<br \/>\nSchm\u00fccke mit den Spr\u00fccheposter dein Zuhause oder beschenke deine Lieben.<\/p>\n<p>Eschenholz-Posterleiste mit im Lieferumfang.<br \/>\nAlles von Hand mit viel Liebe im Waldviertel produziert.<\/p>\n","protected":false},"excerpt":{"rendered":"<p>Poster Print mit Spruch &#8211;&#8222;Schhh&#8220; eine charmante Weise um Ruhe zu bitten&#8211; &#8230; used to call for silence &#8211;A3 Poster mit handgezeichnetem Fensterblatt&#8211; dezente mint-T\u00f6ne auf wei\u00dfem Strukturpapier Schm\u00fccke mit den Spr\u00fccheposter dein Zuhause oder beschenke deine Lieben. Eschenholz-Posterleiste mit im Lieferumfang. Alles von Hand mit viel Liebe im Waldviertel produziert.<\/p>\n","protected":false},"featured_media":1075,"template":"","meta":{"_acf_changed":false},"product_brand":[],"product_cat":[54,55],"product_tag":[],"class_list":{"0":"post-1074","1":"product","2":"type-product","3":"status-publish","4":"has-post-thumbnail","6":"product_cat-kunst-fotografie","7":"product_cat-kunstdrucke","9":"first","10":"instock","11":"purchasable","12":"product-type-simple"},"acf":[],"_links":{"self":[{"href":"https:\/\/www.regionalis.shop\/tanja-illustrationen\/wp-json\/wp\/v2\/product\/1074","targetHints":{"allow":["GET"]}}],"collection":[{"href":"https:\/\/www.regionalis.shop\/tanja-illustrationen\/wp-json\/wp\/v2\/product"}],"about":[{"href":"https:\/\/www.regionalis.shop\/tanja-illustrationen\/wp-json\/wp\/v2\/types\/product"}],"wp:featuredmedia":[{"embeddable":true,"href":"https:\/\/www.regionalis.shop\/tanja-illustrationen\/wp-json\/wp\/v2\/media\/1075"}],"wp:attachment":[{"href":"https:\/\/www.regionalis.shop\/tanja-illustrationen\/wp-json\/wp\/v2\/media?parent=1074"}],"wp:term":[{"taxonomy":"product_brand","embeddable":true,"href":"https:\/\/www.regionalis.shop\/tanja-illustrationen\/wp-json\/wp\/v2\/product_brand?post=1074"},{"taxonomy":"product_cat","embeddable":true,"href":"https:\/\/www.regionalis.shop\/tanja-illustrationen\/wp-json\/wp\/v2\/product_cat?post=1074"},{"taxonomy":"product_tag","embeddable":true,"href":"https:\/\/www.regionalis.shop\/tanja-illustrationen\/wp-json\/wp\/v2\/product_tag?post=1074"}],"curies":[{"name":"wp","href":"https:\/\/api.w.org\/{rel}","templated":true}]}}