{"id":1082,"date":"2025-04-18T05:37:03","date_gmt":"2025-04-18T03:37:03","guid":{"rendered":"https:\/\/www.regionalis.shop\/tanja-illustrationen\/product\/glueckwunschkarte-mohnblumen\/"},"modified":"2025-04-18T05:37:03","modified_gmt":"2025-04-18T03:37:03","slug":"glueckwunschkarte-mohnblumen","status":"publish","type":"product","link":"https:\/\/www.regionalis.shop\/tanja-illustrationen\/shop\/glueckwunschkarte-mohnblumen\/","title":{"rendered":"Gl\u00fcckwunschkarte Mohnblumen"},"content":{"rendered":"<p>&#8211;Quadratische Klappkarte 14 x 14 cm &#8211; ge\u00f6ffnet 28 x 14 cm&#8211;<br \/>\nneutral, f\u00fcr viele Anl\u00e4sse passend: Danke sagen, Umzug, Sponsion, Hochzeit, Geburtstag, Muttertag, usw.<\/p>\n<p>&#8211; in \u00d6sterreich gedruckt auf Munkenkarton cremewei\u00df 240 g<br \/>\n&#8211; mit passendem Kuvert aus Kraftpapier 15,5 x 15,5 cm<\/p>\n<p>Mit viel Hingabe von Hand im Waldviertel gestaltet und verpackt.<\/p>\n","protected":false},"excerpt":{"rendered":"<p>&#8211;Quadratische Klappkarte 14 x 14 cm &#8211; ge\u00f6ffnet 28 x 14 cm&#8211; neutral, f\u00fcr viele Anl\u00e4sse passend: Danke sagen, Umzug, Sponsion, Hochzeit, Geburtstag, Muttertag, usw. &#8211; in \u00d6sterreich gedruckt auf Munkenkarton cremewei\u00df 240 g &#8211; mit passendem Kuvert aus Kraftpapier 15,5 x 15,5 cm Mit viel Hingabe von Hand im Waldviertel gestaltet und verpackt.<\/p>\n","protected":false},"featured_media":1083,"template":"","meta":{"_acf_changed":false},"product_brand":[],"product_cat":[134,62],"product_tag":[],"class_list":{"0":"post-1082","1":"product","2":"type-product","3":"status-publish","4":"has-post-thumbnail","6":"product_cat-geschenk-gruskarten","7":"product_cat-papeterie-schreibwaren","9":"first","10":"instock","11":"purchasable","12":"product-type-simple"},"acf":[],"_links":{"self":[{"href":"https:\/\/www.regionalis.shop\/tanja-illustrationen\/wp-json\/wp\/v2\/product\/1082","targetHints":{"allow":["GET"]}}],"collection":[{"href":"https:\/\/www.regionalis.shop\/tanja-illustrationen\/wp-json\/wp\/v2\/product"}],"about":[{"href":"https:\/\/www.regionalis.shop\/tanja-illustrationen\/wp-json\/wp\/v2\/types\/product"}],"wp:featuredmedia":[{"embeddable":true,"href":"https:\/\/www.regionalis.shop\/tanja-illustrationen\/wp-json\/wp\/v2\/media\/1083"}],"wp:attachment":[{"href":"https:\/\/www.regionalis.shop\/tanja-illustrationen\/wp-json\/wp\/v2\/media?parent=1082"}],"wp:term":[{"taxonomy":"product_brand","embeddable":true,"href":"https:\/\/www.regionalis.shop\/tanja-illustrationen\/wp-json\/wp\/v2\/product_brand?post=1082"},{"taxonomy":"product_cat","embeddable":true,"href":"https:\/\/www.regionalis.shop\/tanja-illustrationen\/wp-json\/wp\/v2\/product_cat?post=1082"},{"taxonomy":"product_tag","embeddable":true,"href":"https:\/\/www.regionalis.shop\/tanja-illustrationen\/wp-json\/wp\/v2\/product_tag?post=1082"}],"curies":[{"name":"wp","href":"https:\/\/api.w.org\/{rel}","templated":true}]}}