{"id":1094,"date":"2025-04-18T05:37:03","date_gmt":"2025-04-18T03:37:03","guid":{"rendered":"https:\/\/www.regionalis.shop\/tanja-illustrationen\/product\/happy-birthday-karte\/"},"modified":"2025-04-18T05:37:03","modified_gmt":"2025-04-18T03:37:03","slug":"happy-birthday-karte","status":"publish","type":"product","link":"https:\/\/www.regionalis.shop\/tanja-illustrationen\/shop\/happy-birthday-karte\/","title":{"rendered":"Happy Birthday Karte"},"content":{"rendered":"<p>Geburtstagskarte &#8222;Happy Birthday&#8220;<br \/>\n&#8211;Quadratische Klappkarte 14 x 14 cm &#8211; ge\u00f6ffnet 28 x 14 cm&#8211;<\/p>\n<p>in \u00d6sterreich gedruckt auf Munkenkarton cremewei\u00df 240 g<br \/>\nMit passendem Kuvert aus Kraftpapier 15,5 x 15,5 cm<\/p>\n<p>Mit viel Hingabe von Hand im Waldviertel gestaltet und verpackt.<\/p>\n","protected":false},"excerpt":{"rendered":"<p>Geburtstagskarte &#8222;Happy Birthday&#8220; &#8211;Quadratische Klappkarte 14 x 14 cm &#8211; ge\u00f6ffnet 28 x 14 cm&#8211; in \u00d6sterreich gedruckt auf Munkenkarton cremewei\u00df 240 g Mit passendem Kuvert aus Kraftpapier 15,5 x 15,5 cm Mit viel Hingabe von Hand im Waldviertel gestaltet und verpackt.<\/p>\n","protected":false},"featured_media":1095,"template":"","meta":{"_acf_changed":false},"product_brand":[],"product_cat":[134,62],"product_tag":[],"class_list":{"0":"post-1094","1":"product","2":"type-product","3":"status-publish","4":"has-post-thumbnail","6":"product_cat-geschenk-gruskarten","7":"product_cat-papeterie-schreibwaren","9":"first","10":"instock","11":"purchasable","12":"product-type-simple"},"acf":[],"_links":{"self":[{"href":"https:\/\/www.regionalis.shop\/tanja-illustrationen\/wp-json\/wp\/v2\/product\/1094","targetHints":{"allow":["GET"]}}],"collection":[{"href":"https:\/\/www.regionalis.shop\/tanja-illustrationen\/wp-json\/wp\/v2\/product"}],"about":[{"href":"https:\/\/www.regionalis.shop\/tanja-illustrationen\/wp-json\/wp\/v2\/types\/product"}],"wp:featuredmedia":[{"embeddable":true,"href":"https:\/\/www.regionalis.shop\/tanja-illustrationen\/wp-json\/wp\/v2\/media\/1095"}],"wp:attachment":[{"href":"https:\/\/www.regionalis.shop\/tanja-illustrationen\/wp-json\/wp\/v2\/media?parent=1094"}],"wp:term":[{"taxonomy":"product_brand","embeddable":true,"href":"https:\/\/www.regionalis.shop\/tanja-illustrationen\/wp-json\/wp\/v2\/product_brand?post=1094"},{"taxonomy":"product_cat","embeddable":true,"href":"https:\/\/www.regionalis.shop\/tanja-illustrationen\/wp-json\/wp\/v2\/product_cat?post=1094"},{"taxonomy":"product_tag","embeddable":true,"href":"https:\/\/www.regionalis.shop\/tanja-illustrationen\/wp-json\/wp\/v2\/product_tag?post=1094"}],"curies":[{"name":"wp","href":"https:\/\/api.w.org\/{rel}","templated":true}]}}