{"id":1100,"date":"2025-04-18T03:08:47","date_gmt":"2025-04-18T01:08:47","guid":{"rendered":"https:\/\/www.regionalis.shop\/tanja-illustrationen\/product\/oh-goettin-artprint-for-the-soul\/"},"modified":"2025-04-18T03:08:47","modified_gmt":"2025-04-18T01:08:47","slug":"oh-goettin-artprint-for-the-soul","status":"publish","type":"product","link":"https:\/\/www.regionalis.shop\/tanja-illustrationen\/shop\/oh-goettin-artprint-for-the-soul\/","title":{"rendered":"Oh G\u00f6ttin&#8220; Artprint for the soul"},"content":{"rendered":"<p>Oh G\u00f6ttin &#8211; Artprint for the soul<br \/>\nPoster mit Lettering<br \/>\nA3 Kunstdruck auf Strukturpapier 250 g schneewei\u00df (Keaykolour)<br \/>\nFormat: 30 x 42 cm<\/p>\n<p>Lettering in Grau oder Pastellt\u00f6nen erh\u00e4ltlich!<\/p>\n","protected":false},"excerpt":{"rendered":"<p>Oh G\u00f6ttin &#8211; Artprint for the soul Poster mit Lettering A3 Kunstdruck auf Strukturpapier 250 g schneewei\u00df (Keaykolour) Format: 30 x 42 cm Lettering in Grau oder Pastellt\u00f6nen erh\u00e4ltlich!<\/p>\n","protected":false},"featured_media":1101,"template":"","meta":{"_acf_changed":false},"product_brand":[],"product_cat":[54,55],"product_tag":[],"class_list":{"0":"post-1100","1":"product","2":"type-product","3":"status-publish","4":"has-post-thumbnail","6":"product_cat-kunst-fotografie","7":"product_cat-kunstdrucke","9":"first","10":"instock","11":"purchasable","12":"product-type-simple"},"acf":[],"_links":{"self":[{"href":"https:\/\/www.regionalis.shop\/tanja-illustrationen\/wp-json\/wp\/v2\/product\/1100","targetHints":{"allow":["GET"]}}],"collection":[{"href":"https:\/\/www.regionalis.shop\/tanja-illustrationen\/wp-json\/wp\/v2\/product"}],"about":[{"href":"https:\/\/www.regionalis.shop\/tanja-illustrationen\/wp-json\/wp\/v2\/types\/product"}],"wp:featuredmedia":[{"embeddable":true,"href":"https:\/\/www.regionalis.shop\/tanja-illustrationen\/wp-json\/wp\/v2\/media\/1101"}],"wp:attachment":[{"href":"https:\/\/www.regionalis.shop\/tanja-illustrationen\/wp-json\/wp\/v2\/media?parent=1100"}],"wp:term":[{"taxonomy":"product_brand","embeddable":true,"href":"https:\/\/www.regionalis.shop\/tanja-illustrationen\/wp-json\/wp\/v2\/product_brand?post=1100"},{"taxonomy":"product_cat","embeddable":true,"href":"https:\/\/www.regionalis.shop\/tanja-illustrationen\/wp-json\/wp\/v2\/product_cat?post=1100"},{"taxonomy":"product_tag","embeddable":true,"href":"https:\/\/www.regionalis.shop\/tanja-illustrationen\/wp-json\/wp\/v2\/product_tag?post=1100"}],"curies":[{"name":"wp","href":"https:\/\/api.w.org\/{rel}","templated":true}]}}