{"id":1104,"date":"2025-04-18T03:08:47","date_gmt":"2025-04-18T01:08:47","guid":{"rendered":"https:\/\/www.regionalis.shop\/tanja-illustrationen\/product\/leuchtturm-posterprint-a3\/"},"modified":"2025-04-18T03:08:47","modified_gmt":"2025-04-18T01:08:47","slug":"leuchtturm-posterprint-a3","status":"publish","type":"product","link":"https:\/\/www.regionalis.shop\/tanja-illustrationen\/shop\/leuchtturm-posterprint-a3\/","title":{"rendered":"Leuchtturm Posterprint A3"},"content":{"rendered":"<p>Artprint for the soul!<\/p>\n<p>Wundersch\u00f6nes Aquarell-Poster mit handgezeichneter Botschaft.<br \/>\ngedruckt auf A3 Papier 250 g mit Struktur, schneewei\u00df<br \/>\nFormat 30 x 42 cm<\/p>\n<p>Beschenke dich damit oder einen lieben Menschen!<br \/>\nSch\u00f6n verpackt verschicke ich meine Poster per Post. Mit und ohne Passepartout.<br \/>\nMade in Waldviertel<\/p>\n","protected":false},"excerpt":{"rendered":"<p>Artprint for the soul! Wundersch\u00f6nes Aquarell-Poster mit handgezeichneter Botschaft. gedruckt auf A3 Papier 250 g mit Struktur, schneewei\u00df Format 30 x 42 cm Beschenke dich damit oder einen lieben Menschen! Sch\u00f6n verpackt verschicke ich meine Poster per Post. Mit und ohne Passepartout. Made in Waldviertel<\/p>\n","protected":false},"featured_media":1105,"template":"","meta":{"_acf_changed":false},"product_brand":[],"product_cat":[54,55],"product_tag":[],"class_list":{"0":"post-1104","1":"product","2":"type-product","3":"status-publish","4":"has-post-thumbnail","6":"product_cat-kunst-fotografie","7":"product_cat-kunstdrucke","9":"first","10":"instock","11":"purchasable","12":"product-type-simple"},"acf":[],"_links":{"self":[{"href":"https:\/\/www.regionalis.shop\/tanja-illustrationen\/wp-json\/wp\/v2\/product\/1104","targetHints":{"allow":["GET"]}}],"collection":[{"href":"https:\/\/www.regionalis.shop\/tanja-illustrationen\/wp-json\/wp\/v2\/product"}],"about":[{"href":"https:\/\/www.regionalis.shop\/tanja-illustrationen\/wp-json\/wp\/v2\/types\/product"}],"wp:featuredmedia":[{"embeddable":true,"href":"https:\/\/www.regionalis.shop\/tanja-illustrationen\/wp-json\/wp\/v2\/media\/1105"}],"wp:attachment":[{"href":"https:\/\/www.regionalis.shop\/tanja-illustrationen\/wp-json\/wp\/v2\/media?parent=1104"}],"wp:term":[{"taxonomy":"product_brand","embeddable":true,"href":"https:\/\/www.regionalis.shop\/tanja-illustrationen\/wp-json\/wp\/v2\/product_brand?post=1104"},{"taxonomy":"product_cat","embeddable":true,"href":"https:\/\/www.regionalis.shop\/tanja-illustrationen\/wp-json\/wp\/v2\/product_cat?post=1104"},{"taxonomy":"product_tag","embeddable":true,"href":"https:\/\/www.regionalis.shop\/tanja-illustrationen\/wp-json\/wp\/v2\/product_tag?post=1104"}],"curies":[{"name":"wp","href":"https:\/\/api.w.org\/{rel}","templated":true}]}}