{"id":1127,"date":"2025-04-18T00:59:24","date_gmt":"2025-04-17T22:59:24","guid":{"rendered":"https:\/\/www.regionalis.shop\/tanja-illustrationen\/product\/heute-spruecheposter\/"},"modified":"2025-04-18T00:59:24","modified_gmt":"2025-04-17T22:59:24","slug":"heute-spruecheposter","status":"publish","type":"product","link":"https:\/\/www.regionalis.shop\/tanja-illustrationen\/shop\/heute-spruecheposter\/","title":{"rendered":"&#8222;HEUTE&#8220; Spr\u00fccheposter"},"content":{"rendered":"<p>Artprint for the soul!<\/p>\n<p>Dieser Kunstdruck  ist f\u00fcr Jene die gerne vergessen im hier und jetzt zu leben!<br \/>\nWundersch\u00f6nes Aquarell mit handgezeichneter Botschaft.<br \/>\ngedruckt auf A3 Papier 250 g mit Struktur, schneewei\u00df<br \/>\nFormat 30 x 42 cm<\/p>\n<p>Beschenke dich damit oder einen lieben Menschen!<br \/>\nDieser Artprint ist mit viel Liebe im Waldviertel entstanden!<\/p>\n","protected":false},"excerpt":{"rendered":"<p>Artprint for the soul! Dieser Kunstdruck ist f\u00fcr Jene die gerne vergessen im hier und jetzt zu leben! Wundersch\u00f6nes Aquarell mit handgezeichneter Botschaft. gedruckt auf A3 Papier 250 g mit Struktur, schneewei\u00df Format 30 x 42 cm Beschenke dich damit oder einen lieben Menschen! Dieser Artprint ist mit viel Liebe im Waldviertel entstanden!<\/p>\n","protected":false},"featured_media":1128,"template":"","meta":{"_acf_changed":false},"product_brand":[],"product_cat":[54,55],"product_tag":[],"class_list":{"0":"post-1127","1":"product","2":"type-product","3":"status-publish","4":"has-post-thumbnail","6":"product_cat-kunst-fotografie","7":"product_cat-kunstdrucke","9":"first","10":"instock","11":"purchasable","12":"product-type-simple"},"acf":[],"_links":{"self":[{"href":"https:\/\/www.regionalis.shop\/tanja-illustrationen\/wp-json\/wp\/v2\/product\/1127","targetHints":{"allow":["GET"]}}],"collection":[{"href":"https:\/\/www.regionalis.shop\/tanja-illustrationen\/wp-json\/wp\/v2\/product"}],"about":[{"href":"https:\/\/www.regionalis.shop\/tanja-illustrationen\/wp-json\/wp\/v2\/types\/product"}],"wp:featuredmedia":[{"embeddable":true,"href":"https:\/\/www.regionalis.shop\/tanja-illustrationen\/wp-json\/wp\/v2\/media\/1128"}],"wp:attachment":[{"href":"https:\/\/www.regionalis.shop\/tanja-illustrationen\/wp-json\/wp\/v2\/media?parent=1127"}],"wp:term":[{"taxonomy":"product_brand","embeddable":true,"href":"https:\/\/www.regionalis.shop\/tanja-illustrationen\/wp-json\/wp\/v2\/product_brand?post=1127"},{"taxonomy":"product_cat","embeddable":true,"href":"https:\/\/www.regionalis.shop\/tanja-illustrationen\/wp-json\/wp\/v2\/product_cat?post=1127"},{"taxonomy":"product_tag","embeddable":true,"href":"https:\/\/www.regionalis.shop\/tanja-illustrationen\/wp-json\/wp\/v2\/product_tag?post=1127"}],"curies":[{"name":"wp","href":"https:\/\/api.w.org\/{rel}","templated":true}]}}