{"id":1137,"date":"2025-04-18T00:58:07","date_gmt":"2025-04-17T22:58:07","guid":{"rendered":"https:\/\/www.regionalis.shop\/tanja-illustrationen\/product\/oh-goettin-artprint\/"},"modified":"2025-04-18T00:58:07","modified_gmt":"2025-04-17T22:58:07","slug":"oh-goettin-artprint","status":"publish","type":"product","link":"https:\/\/www.regionalis.shop\/tanja-illustrationen\/shop\/oh-goettin-artprint\/","title":{"rendered":"Oh G\u00f6ttin Artprint"},"content":{"rendered":"<p>Oh G\u00f6ttin &#8211; Artprint for the soul<br \/>\nPoster mit Lettering<br \/>\nA3 Kunstdruck auf Strukturpapier 250 g schneewei\u00df (Keaykolour)<br \/>\nFormat: 30 x 42 cm<\/p>\n<p>Lettering in Grau oder Pastellt\u00f6nen erh\u00e4ltlich!<\/p>\n","protected":false},"excerpt":{"rendered":"<p>Oh G\u00f6ttin &#8211; Artprint for the soul Poster mit Lettering A3 Kunstdruck auf Strukturpapier 250 g schneewei\u00df (Keaykolour) Format: 30 x 42 cm Lettering in Grau oder Pastellt\u00f6nen erh\u00e4ltlich!<\/p>\n","protected":false},"featured_media":1138,"template":"","meta":{"_acf_changed":false},"product_brand":[],"product_cat":[54,55],"product_tag":[],"class_list":{"0":"post-1137","1":"product","2":"type-product","3":"status-publish","4":"has-post-thumbnail","6":"product_cat-kunst-fotografie","7":"product_cat-kunstdrucke","9":"first","10":"instock","11":"purchasable","12":"product-type-simple"},"acf":[],"_links":{"self":[{"href":"https:\/\/www.regionalis.shop\/tanja-illustrationen\/wp-json\/wp\/v2\/product\/1137","targetHints":{"allow":["GET"]}}],"collection":[{"href":"https:\/\/www.regionalis.shop\/tanja-illustrationen\/wp-json\/wp\/v2\/product"}],"about":[{"href":"https:\/\/www.regionalis.shop\/tanja-illustrationen\/wp-json\/wp\/v2\/types\/product"}],"wp:featuredmedia":[{"embeddable":true,"href":"https:\/\/www.regionalis.shop\/tanja-illustrationen\/wp-json\/wp\/v2\/media\/1138"}],"wp:attachment":[{"href":"https:\/\/www.regionalis.shop\/tanja-illustrationen\/wp-json\/wp\/v2\/media?parent=1137"}],"wp:term":[{"taxonomy":"product_brand","embeddable":true,"href":"https:\/\/www.regionalis.shop\/tanja-illustrationen\/wp-json\/wp\/v2\/product_brand?post=1137"},{"taxonomy":"product_cat","embeddable":true,"href":"https:\/\/www.regionalis.shop\/tanja-illustrationen\/wp-json\/wp\/v2\/product_cat?post=1137"},{"taxonomy":"product_tag","embeddable":true,"href":"https:\/\/www.regionalis.shop\/tanja-illustrationen\/wp-json\/wp\/v2\/product_tag?post=1137"}],"curies":[{"name":"wp","href":"https:\/\/api.w.org\/{rel}","templated":true}]}}