{"id":1042,"date":"2025-10-23T16:14:07","date_gmt":"2025-10-23T14:14:07","guid":{"rendered":"https:\/\/www.regionalis.shop\/the-spirit-of-light\/?page_id=1042"},"modified":"2025-10-23T16:16:34","modified_gmt":"2025-10-23T14:16:34","slug":"impressum","status":"publish","type":"page","link":"https:\/\/www.regionalis.shop\/the-spirit-of-light\/impressum\/","title":{"rendered":"Impressum"},"content":{"rendered":"<section>\n            <p>&#8222;The Spirit of Light&#8220;<br \/>\nHigh Quality Candles &#8211; Besondere Kerzen f\u00fcr besondere Menschen!<\/p>\n<p>&#8222;Warum&#8220; das ganze&#8230;..<\/p>\n<p>Ich\u00a0 glaube\u00a0fest daran, dass man bei der manuellen Produktion ein bisschen der Liebe und positiven Energie die man bei der Arbeit sp\u00fcrt auch an das Produkt weitergibt. Was vielleicht bei einem Alltagsgegenstand nicht ganz so wichtig ist. Aber bei etwas wie einer Kerze oder zb. R\u00e4ucherwerk, welche ja auch rituell eingesetzt werden macht es aus meiner Sicht einen gro\u00dfen Unterschied ob die Kerze von einer seelenlosen Maschine in Massenproduktion oder noch schlimmer von asiatischen Tagel\u00f6hnern, die 16 Stunden pro Tag unter schlechtesten Bedingungen schuften, um dann davon gerade mal so\u00a0\u00fcberleben zu k\u00f6nnen erzeugt werden. Oder eben mit Liebe und Hingabe und Wertsch\u00e4tzung! Entscheidet selbst welche Energie ihr in euer Ritual mit einflie\u00dfen lassen wollt! Und um diejenigen zu entspannen, die sich jetzt bei dem Wort Ritual verkrampft haben&#8230; Ein Ritual ist auch schon wenn ihr heimkommt und erstmal einen Kaffee trinkt, oder eben eine Kerze entz\u00fcndet. Ganz harmlos also&#8230; manchmal \ud83d\ude09<\/p>\n<p>Und genau deshalb arbeite ich so wertsch\u00e4tzend als m\u00f6glich, verwende mittlerweile haupts\u00e4chlich Rapswachs, zertifiziertes Bio-Bienenwachs\u00a0von einem Imker aus der Gemeinde und rein pflanzliches Stearin. Bei den \u00e4therischen \u00d6len finden nur 100% reine \u00d6le, wenn m\u00f6glich aus kontrolliert biologischem Anbau Verwendung. \u00dcberhaupt w\u00e4hle ich meine Lieferanten haupts\u00e4chlich nach Kriterien wie Regionalit\u00e4t, Qualit\u00e4t und Ethik aus.\u00a0<\/p>\n<p>Um\u00a0EUCH die Qualit\u00e4t an Kerzen liefern zu k\u00f6nnen die auch ICH mir w\u00fcnsche!<\/p>\n<p>Da w\u00e4r noch was&#8230;Einige meiner Kerzensorten (Ritualkerzen,Teelichter) werden auch gerne von Energetikern als Arbeitskerzen verwendet. Also wundert Euch nicht wenns gef\u00fchlt etwas w\u00e4rmer wird im Raum oder es irgendwo zu kribbeln beginnt \ud83d\ude09<\/p>\n<p>Euer Gerald Leopold Hirl<\/p>\n\n    <\/section>","protected":false},"excerpt":{"rendered":"","protected":false},"author":1,"featured_media":0,"parent":0,"menu_order":0,"comment_status":"closed","ping_status":"closed","template":"","meta":{"_acf_changed":false,"footnotes":""},"class_list":["post-1042","page","type-page","status-publish","hentry"],"acf":[],"_links":{"self":[{"href":"https:\/\/www.regionalis.shop\/the-spirit-of-light\/wp-json\/wp\/v2\/pages\/1042","targetHints":{"allow":["GET"]}}],"collection":[{"href":"https:\/\/www.regionalis.shop\/the-spirit-of-light\/wp-json\/wp\/v2\/pages"}],"about":[{"href":"https:\/\/www.regionalis.shop\/the-spirit-of-light\/wp-json\/wp\/v2\/types\/page"}],"author":[{"embeddable":true,"href":"https:\/\/www.regionalis.shop\/the-spirit-of-light\/wp-json\/wp\/v2\/users\/1"}],"replies":[{"embeddable":true,"href":"https:\/\/www.regionalis.shop\/the-spirit-of-light\/wp-json\/wp\/v2\/comments?post=1042"}],"version-history":[{"count":2,"href":"https:\/\/www.regionalis.shop\/the-spirit-of-light\/wp-json\/wp\/v2\/pages\/1042\/revisions"}],"predecessor-version":[{"id":1044,"href":"https:\/\/www.regionalis.shop\/the-spirit-of-light\/wp-json\/wp\/v2\/pages\/1042\/revisions\/1044"}],"wp:attachment":[{"href":"https:\/\/www.regionalis.shop\/the-spirit-of-light\/wp-json\/wp\/v2\/media?parent=1042"}],"curies":[{"name":"wp","href":"https:\/\/api.w.org\/{rel}","templated":true}]}}