{"id":862,"date":"2025-05-24T13:44:06","date_gmt":"2025-05-24T11:44:06","guid":{"rendered":"https:\/\/starter.stage.shop-it.at\/?page_id=862"},"modified":"2025-10-23T15:21:37","modified_gmt":"2025-10-23T13:21:37","slug":"startseite","status":"publish","type":"page","link":"https:\/\/www.regionalis.shop\/the-spirit-of-light\/","title":{"rendered":"Startseite"},"content":{"rendered":"<section>\n    <div class=\"header-title\">\n        <h1 class=\"h2\">Willkommen bei The Spirit of Light<\/h1>\n    <\/div>\n            <h2 class=\"h3\">Handgemacht in Gratwein-Strassengel<\/h2>\n                <p>&#8222;The Spirit of Light&#8220;<br \/>\nHigh Quality Candles &#8211; Besondere Kerzen f\u00fcr besondere Menschen!<\/p>\n<p>&#8222;Warum&#8220; das ganze&#8230;..<\/p>\n<p>Ich\u00a0 glaube\u00a0fest daran, dass man bei der manuellen Produktion ein bisschen der Liebe und positiven Energie die man bei der Arbeit sp\u00fcrt auch an das Produkt weitergibt. Was vielleicht bei einem Alltagsgegenstand nicht ganz so wichtig ist. Aber bei etwas wie einer Kerze oder zb. R\u00e4ucherwerk, welche ja auch rituell eingesetzt werden macht es aus meiner Sicht einen gro\u00dfen Unterschied ob die Kerze von einer seelenlosen Maschine in Massenproduktion oder noch schlimmer von asiatischen Tagel\u00f6hnern, die 16 Stunden pro Tag unter schlechtesten Bedingungen schuften, um dann davon gerade mal so\u00a0\u00fcberleben zu k\u00f6nnen erzeugt werden. Oder eben mit Liebe und Hingabe und Wertsch\u00e4tzung! Entscheidet selbst welche Energie ihr in euer Ritual mit einflie\u00dfen lassen wollt! Und um diejenigen zu entspannen, die sich jetzt bei dem Wort Ritual verkrampft haben&#8230; Ein Ritual ist auch schon wenn ihr heimkommt und erstmal einen Kaffee trinkt, oder eben eine Kerze entz\u00fcndet. Ganz harmlos also&#8230; manchmal \ud83d\ude09<\/p>\n<p>Und genau deshalb arbeite ich so wertsch\u00e4tzend als m\u00f6glich, verwende mittlerweile haupts\u00e4chlich Rapswachs, zertifiziertes Bio-Bienenwachs\u00a0von einem Imker aus der Gemeinde und rein pflanzliches Stearin. Bei den \u00e4therischen \u00d6len finden nur 100% reine \u00d6le, wenn m\u00f6glich aus kontrolliert biologischem Anbau Verwendung. \u00dcberhaupt w\u00e4hle ich meine Lieferanten haupts\u00e4chlich nach Kriterien wie Regionalit\u00e4t, Qualit\u00e4t und Ethik aus.\u00a0<\/p>\n<p>Um\u00a0EUCH die Qualit\u00e4t an Kerzen liefern zu k\u00f6nnen die auch ICH mir w\u00fcnsche!<\/p>\n<p>Da w\u00e4r noch was&#8230;Einige meiner Kerzensorten (Ritualkerzen,Teelichter) werden auch gerne von Energetikern als Arbeitskerzen verwendet. Also wundert Euch nicht wenns gef\u00fchlt etwas w\u00e4rmer wird im Raum oder es irgendwo zu kribbeln beginnt \ud83d\ude09<\/p>\n<p>Euer Gerald Leopold Hirl<\/p>\n\n    \n    <h3>Produkte<\/h3>\n\n    <div class=\"woocommerce columns-3 \"><ul class=\"products columns-3\">\n<li class=\"product type-product post-1051 status-publish first instock product_cat-kerzen-kerzenstaender product_cat-wohnen-deko has-post-thumbnail purchasable product-type-simple\">\n\t<a href=\"https:\/\/www.regionalis.shop\/the-spirit-of-light\/shop\/marmorpyramide-22cm-made-in-austria-gruen\/\" class=\"woocommerce-LoopProduct-link woocommerce-loop-product__link\"><div class=\"wc-block-grid__product-image\"><img loading=\"lazy\" decoding=\"async\" width=\"420\" height=\"420\" src=\"https:\/\/www.regionalis.shop\/app\/uploads\/sites\/593\/3209_2020_12_15_18_14_42_314623215.jpg\" class=\"attachment-large size-large\" alt=\"Marmorpyramide 22cm *Made in Austria* GR\u00dcN\" srcset=\"https:\/\/www.regionalis.shop\/app\/uploads\/sites\/593\/3209_2020_12_15_18_14_42_314623215.jpg 420w, https:\/\/www.regionalis.shop\/app\/uploads\/sites\/593\/3209_2020_12_15_18_14_42_314623215-300x300.jpg 300w, https:\/\/www.regionalis.shop\/app\/uploads\/sites\/593\/3209_2020_12_15_18_14_42_314623215-150x150.jpg 150w, https:\/\/www.regionalis.shop\/app\/uploads\/sites\/593\/3209_2020_12_15_18_14_42_314623215-100x100.jpg 100w\" sizes=\"auto, (max-width: 420px) 100vw, 420px\" \/><\/div><h2 class=\"woocommerce-loop-product__title\">Marmorpyramide 22cm *Made in Austria* GR\u00dcN<\/h2>\n\t<span class=\"price\"><span class=\"woocommerce-Price-amount amount\"><bdi>22,00&nbsp;<span class=\"woocommerce-Price-currencySymbol\">&euro;<\/span><\/bdi><\/span><\/span>\n<\/a><\/li>\n<li class=\"product type-product post-1059 status-publish instock product_cat-kerzen-kerzenstaender product_cat-wohnen-deko has-post-thumbnail purchasable product-type-simple\">\n\t<a href=\"https:\/\/www.regionalis.shop\/the-spirit-of-light\/shop\/adventabend-weihnachtskerze-im-drahtbuegelglas\/\" class=\"woocommerce-LoopProduct-link woocommerce-loop-product__link\"><div class=\"wc-block-grid__product-image\"><img loading=\"lazy\" decoding=\"async\" width=\"420\" height=\"420\" src=\"https:\/\/www.regionalis.shop\/app\/uploads\/sites\/593\/3209_2020_12_15_17_35_27_797131745.jpg\" class=\"attachment-large size-large\" alt=\"&quot;Adventabend&quot; Weihnachtskerze im Drahtb\u00fcgelglas\" srcset=\"https:\/\/www.regionalis.shop\/app\/uploads\/sites\/593\/3209_2020_12_15_17_35_27_797131745.jpg 420w, https:\/\/www.regionalis.shop\/app\/uploads\/sites\/593\/3209_2020_12_15_17_35_27_797131745-300x300.jpg 300w, https:\/\/www.regionalis.shop\/app\/uploads\/sites\/593\/3209_2020_12_15_17_35_27_797131745-150x150.jpg 150w, https:\/\/www.regionalis.shop\/app\/uploads\/sites\/593\/3209_2020_12_15_17_35_27_797131745-100x100.jpg 100w\" sizes=\"auto, (max-width: 420px) 100vw, 420px\" \/><\/div><h2 class=\"woocommerce-loop-product__title\">&#8222;Adventabend&#8220; Weihnachtskerze im Drahtb\u00fcgelglas<\/h2>\n\t<span class=\"price\"><span class=\"woocommerce-Price-amount amount\"><bdi>9,90&nbsp;<span class=\"woocommerce-Price-currencySymbol\">&euro;<\/span><\/bdi><\/span><\/span>\n<\/a><\/li>\n<li class=\"product type-product post-1054 status-publish last instock product_cat-kerzen-kerzenstaender product_cat-wohnen-deko has-post-thumbnail purchasable product-type-simple\">\n\t<a href=\"https:\/\/www.regionalis.shop\/the-spirit-of-light\/shop\/mini-windlicht-lavendel-handgemacht-in-oesterreich\/\" class=\"woocommerce-LoopProduct-link woocommerce-loop-product__link\"><div class=\"wc-block-grid__product-image\"><img loading=\"lazy\" decoding=\"async\" width=\"420\" height=\"420\" src=\"https:\/\/www.regionalis.shop\/app\/uploads\/sites\/593\/3209_2020_12_15_16_31_09_748965001.jpg\" class=\"attachment-large size-large\" alt=\"Mini-Windlicht - &quot;Lavendel&quot; - *Handgemacht in \u00d6sterreich*\" srcset=\"https:\/\/www.regionalis.shop\/app\/uploads\/sites\/593\/3209_2020_12_15_16_31_09_748965001.jpg 420w, https:\/\/www.regionalis.shop\/app\/uploads\/sites\/593\/3209_2020_12_15_16_31_09_748965001-300x300.jpg 300w, https:\/\/www.regionalis.shop\/app\/uploads\/sites\/593\/3209_2020_12_15_16_31_09_748965001-150x150.jpg 150w, https:\/\/www.regionalis.shop\/app\/uploads\/sites\/593\/3209_2020_12_15_16_31_09_748965001-100x100.jpg 100w\" sizes=\"auto, (max-width: 420px) 100vw, 420px\" \/><\/div><h2 class=\"woocommerce-loop-product__title\">Mini-Windlicht &#8211; &#8222;Lavendel&#8220; &#8211; *Handgemacht in \u00d6sterreich*<\/h2>\n\t<span class=\"price\"><span class=\"woocommerce-Price-amount amount\"><bdi>4,90&nbsp;<span class=\"woocommerce-Price-currencySymbol\">&euro;<\/span><\/bdi><\/span><\/span>\n<\/a><\/li>\n<\/ul>\n<\/div>\n    <p>\n        <a href=\"https:\/\/www.regionalis.shop\/the-spirit-of-light\/shop\/\" class=\"btn btn-primary btn-icon-right\">\n            Alle Produkte <i class=\"bi bi-arrow-right-short\"><\/i>\n        <\/a>\n    <\/p>\n<\/section>\n\n<div data-block-name=\"woocommerce\/store-notices\" class=\"wc-block-store-notices woocommerce alignwide alignwide wp-block-woocommerce-store-notices\"><div class=\"woocommerce-notices-wrapper\"><\/div><\/div>","protected":false},"excerpt":{"rendered":"","protected":false},"author":1,"featured_media":0,"parent":0,"menu_order":0,"comment_status":"closed","ping_status":"closed","template":"template-home.blade.php","meta":{"_acf_changed":false,"footnotes":""},"class_list":["post-862","page","type-page","status-publish","hentry"],"acf":[],"_links":{"self":[{"href":"https:\/\/www.regionalis.shop\/the-spirit-of-light\/wp-json\/wp\/v2\/pages\/862","targetHints":{"allow":["GET"]}}],"collection":[{"href":"https:\/\/www.regionalis.shop\/the-spirit-of-light\/wp-json\/wp\/v2\/pages"}],"about":[{"href":"https:\/\/www.regionalis.shop\/the-spirit-of-light\/wp-json\/wp\/v2\/types\/page"}],"author":[{"embeddable":true,"href":"https:\/\/www.regionalis.shop\/the-spirit-of-light\/wp-json\/wp\/v2\/users\/1"}],"replies":[{"embeddable":true,"href":"https:\/\/www.regionalis.shop\/the-spirit-of-light\/wp-json\/wp\/v2\/comments?post=862"}],"version-history":[{"count":28,"href":"https:\/\/www.regionalis.shop\/the-spirit-of-light\/wp-json\/wp\/v2\/pages\/862\/revisions"}],"predecessor-version":[{"id":1041,"href":"https:\/\/www.regionalis.shop\/the-spirit-of-light\/wp-json\/wp\/v2\/pages\/862\/revisions\/1041"}],"wp:attachment":[{"href":"https:\/\/www.regionalis.shop\/the-spirit-of-light\/wp-json\/wp\/v2\/media?parent=862"}],"curies":[{"name":"wp","href":"https:\/\/api.w.org\/{rel}","templated":true}]}}