{"id":1051,"date":"2025-04-18T01:08:02","date_gmt":"2025-04-17T23:08:02","guid":{"rendered":"https:\/\/www.regionalis.shop\/the-spirit-of-light\/product\/marmorpyramide-22cm-made-in-austria-gruen\/"},"modified":"2025-04-18T01:08:02","modified_gmt":"2025-04-17T23:08:02","slug":"marmorpyramide-22cm-made-in-austria-gruen","status":"publish","type":"product","link":"https:\/\/www.regionalis.shop\/the-spirit-of-light\/shop\/marmorpyramide-22cm-made-in-austria-gruen\/","title":{"rendered":"Marmorpyramide 22cm *Made in Austria* GR\u00dcN"},"content":{"rendered":"<p>+ in \u00d6sterreich handgemacht<br \/>\n+ rein pflanzlich<br \/>\n+ reine \u00e4therische \u00d6le<br \/>\n+ regional<br \/>\n+ ausgesuchte hochwertige Rohstoffe<br \/>\n+ lange Brenndauer (ca. 29Std.)<\/p>\n<p>Mit \u00e4therischem Zedernholz\u00f6l<\/p>\n<p>Wirkung von Zedernholz:<\/p>\n<p>K\u00f6rperliche Ebene: Antibakteriell und Schleiml\u00f6send. Lindert Hustenreiz und st\u00e4rkt die nat\u00fcrlichen Abwehrkr\u00e4fte<br \/>\nPsychische Ebene: F\u00f6rdert Konzentration und aufnahmef\u00e4higkeit. Hebt die Stimmung und beruhigt bei Angst und Nervosit\u00e4t<\/p>\n<p>Anm. Jedes St\u00fcck ist ein Unikat! Deshalb kommt es ganz zwangsl\u00e4ufig zu leichten Abweichungen zu den Produktbildern.<br \/>\nSowohl in der Marmorierung als auch in der Farbgebung. Weiters m\u00f6chte ich darauf hinweisen dass es sich bei Kerzen mit \u00e4therischen \u00d6len<br \/>\nnicht um klassische handels\u00fcbliche Duftkerzen handelt. Eine intensive Duftabgabe \u00fcber mehrere Monate ist meiner Erfahrung nach nur mit chemischen<br \/>\nZus\u00e4tzen m\u00f6glich welche ich aber strikt ablehne!\u00a0 Deine &#8222;The Spirit of Light&#8220; Kerze besteht jedoch nur aus nat\u00fcrlichen Zutaten und so wird der Duft mit der<br \/>\nZeit immer mehr abnehmen und schlie\u00dflich nur mehr beim direkten daran riechen wahrnehmbar sein. Auch beim Abbrennen der Kerze entwickelt sich ein\u00a0<br \/>\nfeiner angenehmer Duft, der aber nicht die Intensit\u00e4t einer chemischen Duftkerze erreicht. Und das ist auch gut so!<\/p>\n","protected":false},"excerpt":{"rendered":"<p>+ in \u00d6sterreich handgemacht + rein pflanzlich + reine \u00e4therische \u00d6le + regional + ausgesuchte hochwertige Rohstoffe + lange Brenndauer (ca. 29Std.) Mit \u00e4therischem Zedernholz\u00f6l Wirkung von Zedernholz: K\u00f6rperliche Ebene: Antibakteriell und Schleiml\u00f6send. Lindert Hustenreiz und st\u00e4rkt die nat\u00fcrlichen Abwehrkr\u00e4fte Psychische Ebene: F\u00f6rdert Konzentration und aufnahmef\u00e4higkeit. Hebt die Stimmung und beruhigt bei Angst und Nervosit\u00e4t &hellip; <a href=\"https:\/\/www.regionalis.shop\/the-spirit-of-light\/shop\/marmorpyramide-22cm-made-in-austria-gruen\/\">Continued<\/a><\/p>\n","protected":false},"featured_media":1052,"template":"","meta":{"_acf_changed":false},"product_brand":[],"product_cat":[151,103],"product_tag":[],"class_list":{"0":"post-1051","1":"product","2":"type-product","3":"status-publish","4":"has-post-thumbnail","6":"product_cat-kerzen-kerzenstaender","7":"product_cat-wohnen-deko","9":"first","10":"instock","11":"purchasable","12":"product-type-simple"},"acf":[],"_links":{"self":[{"href":"https:\/\/www.regionalis.shop\/the-spirit-of-light\/wp-json\/wp\/v2\/product\/1051","targetHints":{"allow":["GET"]}}],"collection":[{"href":"https:\/\/www.regionalis.shop\/the-spirit-of-light\/wp-json\/wp\/v2\/product"}],"about":[{"href":"https:\/\/www.regionalis.shop\/the-spirit-of-light\/wp-json\/wp\/v2\/types\/product"}],"wp:featuredmedia":[{"embeddable":true,"href":"https:\/\/www.regionalis.shop\/the-spirit-of-light\/wp-json\/wp\/v2\/media\/1052"}],"wp:attachment":[{"href":"https:\/\/www.regionalis.shop\/the-spirit-of-light\/wp-json\/wp\/v2\/media?parent=1051"}],"wp:term":[{"taxonomy":"product_brand","embeddable":true,"href":"https:\/\/www.regionalis.shop\/the-spirit-of-light\/wp-json\/wp\/v2\/product_brand?post=1051"},{"taxonomy":"product_cat","embeddable":true,"href":"https:\/\/www.regionalis.shop\/the-spirit-of-light\/wp-json\/wp\/v2\/product_cat?post=1051"},{"taxonomy":"product_tag","embeddable":true,"href":"https:\/\/www.regionalis.shop\/the-spirit-of-light\/wp-json\/wp\/v2\/product_tag?post=1051"}],"curies":[{"name":"wp","href":"https:\/\/api.w.org\/{rel}","templated":true}]}}