{"id":1054,"date":"2025-04-18T01:07:24","date_gmt":"2025-04-17T23:07:24","guid":{"rendered":"https:\/\/www.regionalis.shop\/the-spirit-of-light\/product\/mini-windlicht-lavendel-handgemacht-in-oesterreich\/"},"modified":"2025-04-18T01:07:24","modified_gmt":"2025-04-17T23:07:24","slug":"mini-windlicht-lavendel-handgemacht-in-oesterreich","status":"publish","type":"product","link":"https:\/\/www.regionalis.shop\/the-spirit-of-light\/shop\/mini-windlicht-lavendel-handgemacht-in-oesterreich\/","title":{"rendered":"Mini-Windlicht &#8211; &#8222;Lavendel&#8220; &#8211; *Handgemacht in \u00d6sterreich*"},"content":{"rendered":"<p>Dieses s\u00fc\u00dfe kleine Mini-Windlicht ist gleicherma\u00dfen als  Mitbrinsel, kleines Dankesch\u00f6n oder um sich selbst etwas besonderes zu g\u00f6nnen geeignet.  Durch die Hochwertigkeit der verwendeten Wachse und \u00d6le ist es auch zur Aromatherapie geeignet. <\/p>\n<p>+ in \u00d6sterreich handgemacht<br \/>\n+ rein pflanzlich<br \/>\n+ reine \u00e4therische \u00d6le<br \/>\n+ regional<br \/>\n+ ausgesuchte hochwertige Rohstoffe<br \/>\n+ nachhaltig<br \/>\n+ lange Brenndauer (ca. 5 Std.)<\/p>\n<p>WIRKUNG:  Lavendel &#8211; gleichzeitig anregend und entspannend, erfrischend und beruhigend. Wirkt auch gut gegen Nervosit\u00e4t\u00a0<\/p>\n<p>NACHHALTIGKEIT: Das original &#8222;Weck&#8220; Glas kann nat\u00fcrlich wiederverwendet werden. Zb. f\u00fcr Dips, Gew\u00fcrze oder zum einfach zum Aufbewahren von Kleinigkeiten. Genauso ist es auch m\u00f6glich die Gl\u00e4ser neu bef\u00fcllen zu lassen oder einfach nur zur\u00fcckzugeben. In diesem Fall werden Euch dann \u20ac0,50.- pro Glas bei der n\u00e4chsten Bestellung gutgeschrieben!<\/p>\n<p>Der Aufkleber an der Vorderseite ist gesetzlich vorgeschrieben da er die Kontaktdaten enth\u00e4lt. Wenn er DIR  jedoch nicht gef\u00e4llt kann er ganz leicht R\u00fcckstandsfrei abgel\u00f6st werden!<\/p>\n<p>UNIKATE: Beachtet bitte dass es sich bei allen meinen Kerzen um Einzelst\u00fccke bzw. Kleinstserien handelt. Leichte Unterschiede in den Farbnuancen bzw. Marmorierungen sind deshalb nicht nur m\u00f6glich sondern auch gewollt.<\/p>\n","protected":false},"excerpt":{"rendered":"<p>Dieses s\u00fc\u00dfe kleine Mini-Windlicht ist gleicherma\u00dfen als Mitbrinsel, kleines Dankesch\u00f6n oder um sich selbst etwas besonderes zu g\u00f6nnen geeignet. Durch die Hochwertigkeit der verwendeten Wachse und \u00d6le ist es auch zur Aromatherapie geeignet. + in \u00d6sterreich handgemacht + rein pflanzlich + reine \u00e4therische \u00d6le + regional + ausgesuchte hochwertige Rohstoffe + nachhaltig + lange Brenndauer &hellip; <a href=\"https:\/\/www.regionalis.shop\/the-spirit-of-light\/shop\/mini-windlicht-lavendel-handgemacht-in-oesterreich\/\">Continued<\/a><\/p>\n","protected":false},"featured_media":1055,"template":"","meta":{"_acf_changed":false},"product_brand":[],"product_cat":[151,103],"product_tag":[],"class_list":{"0":"post-1054","1":"product","2":"type-product","3":"status-publish","4":"has-post-thumbnail","6":"product_cat-kerzen-kerzenstaender","7":"product_cat-wohnen-deko","9":"first","10":"instock","11":"purchasable","12":"product-type-simple"},"acf":[],"_links":{"self":[{"href":"https:\/\/www.regionalis.shop\/the-spirit-of-light\/wp-json\/wp\/v2\/product\/1054","targetHints":{"allow":["GET"]}}],"collection":[{"href":"https:\/\/www.regionalis.shop\/the-spirit-of-light\/wp-json\/wp\/v2\/product"}],"about":[{"href":"https:\/\/www.regionalis.shop\/the-spirit-of-light\/wp-json\/wp\/v2\/types\/product"}],"wp:featuredmedia":[{"embeddable":true,"href":"https:\/\/www.regionalis.shop\/the-spirit-of-light\/wp-json\/wp\/v2\/media\/1055"}],"wp:attachment":[{"href":"https:\/\/www.regionalis.shop\/the-spirit-of-light\/wp-json\/wp\/v2\/media?parent=1054"}],"wp:term":[{"taxonomy":"product_brand","embeddable":true,"href":"https:\/\/www.regionalis.shop\/the-spirit-of-light\/wp-json\/wp\/v2\/product_brand?post=1054"},{"taxonomy":"product_cat","embeddable":true,"href":"https:\/\/www.regionalis.shop\/the-spirit-of-light\/wp-json\/wp\/v2\/product_cat?post=1054"},{"taxonomy":"product_tag","embeddable":true,"href":"https:\/\/www.regionalis.shop\/the-spirit-of-light\/wp-json\/wp\/v2\/product_tag?post=1054"}],"curies":[{"name":"wp","href":"https:\/\/api.w.org\/{rel}","templated":true}]}}