{"id":1059,"date":"2025-04-18T01:07:24","date_gmt":"2025-04-17T23:07:24","guid":{"rendered":"https:\/\/www.regionalis.shop\/the-spirit-of-light\/product\/adventabend-weihnachtskerze-im-drahtbuegelglas\/"},"modified":"2025-04-18T01:07:24","modified_gmt":"2025-04-17T23:07:24","slug":"adventabend-weihnachtskerze-im-drahtbuegelglas","status":"publish","type":"product","link":"https:\/\/www.regionalis.shop\/the-spirit-of-light\/shop\/adventabend-weihnachtskerze-im-drahtbuegelglas\/","title":{"rendered":"&#8222;Adventabend&#8220; Weihnachtskerze im Drahtb\u00fcgelglas"},"content":{"rendered":"<p>+ in \u00d6sterreich handgemacht<br \/>\n+ rein pflanzlich<br \/>\n+ reine \u00e4therische \u00d6le<br \/>\n+ regional<br \/>\n+ ausgesuchte hochwertige Rohstoffe<br \/>\n+ lange Brenndauer (ca. 20 Std.)<\/p>\n<p>Diese weihnachtliche Kerze im wiederverwendbaren Drahtb\u00fcgelglas besteht aus reinem pflanzlichen Stearin und einer speziellen wundervollen Weihnachtsduftmischung, die direkt in der lokalen Apotheke aus besten \u00e4therischen \u00d6len hergestellt wird<\/p>\n<p>NACHHALTIGKEIT: Auch hier gilt nat\u00fcrlich dass es m\u00f6glich ist, das Glas neu bef\u00fcllen zu lassen oder einfach nur zur\u00fcckzugeben. In diesem Fall werden Euch dann \u20ac0,50.- pro Glas bei der n\u00e4chsten Bestellung gutgeschrieben! <\/p>\n<p>UNIKATE: Beachtet bitte dass es sich bei allen meinen Kerzen um Einzelst\u00fccke bzw. Kleinstserien handelt. Leichte Unterschiede in den Farbnuancen bzw. Marmorierungen sind deshalb nicht nur m\u00f6glich sondern auch gewollt<\/p>\n","protected":false},"excerpt":{"rendered":"<p>+ in \u00d6sterreich handgemacht + rein pflanzlich + reine \u00e4therische \u00d6le + regional + ausgesuchte hochwertige Rohstoffe + lange Brenndauer (ca. 20 Std.) Diese weihnachtliche Kerze im wiederverwendbaren Drahtb\u00fcgelglas besteht aus reinem pflanzlichen Stearin und einer speziellen wundervollen Weihnachtsduftmischung, die direkt in der lokalen Apotheke aus besten \u00e4therischen \u00d6len hergestellt wird NACHHALTIGKEIT: Auch hier gilt &hellip; <a href=\"https:\/\/www.regionalis.shop\/the-spirit-of-light\/shop\/adventabend-weihnachtskerze-im-drahtbuegelglas\/\">Continued<\/a><\/p>\n","protected":false},"featured_media":1060,"template":"","meta":{"_acf_changed":false},"product_brand":[],"product_cat":[151,103],"product_tag":[],"class_list":{"0":"post-1059","1":"product","2":"type-product","3":"status-publish","4":"has-post-thumbnail","6":"product_cat-kerzen-kerzenstaender","7":"product_cat-wohnen-deko","9":"first","10":"instock","11":"purchasable","12":"product-type-simple"},"acf":[],"_links":{"self":[{"href":"https:\/\/www.regionalis.shop\/the-spirit-of-light\/wp-json\/wp\/v2\/product\/1059","targetHints":{"allow":["GET"]}}],"collection":[{"href":"https:\/\/www.regionalis.shop\/the-spirit-of-light\/wp-json\/wp\/v2\/product"}],"about":[{"href":"https:\/\/www.regionalis.shop\/the-spirit-of-light\/wp-json\/wp\/v2\/types\/product"}],"wp:featuredmedia":[{"embeddable":true,"href":"https:\/\/www.regionalis.shop\/the-spirit-of-light\/wp-json\/wp\/v2\/media\/1060"}],"wp:attachment":[{"href":"https:\/\/www.regionalis.shop\/the-spirit-of-light\/wp-json\/wp\/v2\/media?parent=1059"}],"wp:term":[{"taxonomy":"product_brand","embeddable":true,"href":"https:\/\/www.regionalis.shop\/the-spirit-of-light\/wp-json\/wp\/v2\/product_brand?post=1059"},{"taxonomy":"product_cat","embeddable":true,"href":"https:\/\/www.regionalis.shop\/the-spirit-of-light\/wp-json\/wp\/v2\/product_cat?post=1059"},{"taxonomy":"product_tag","embeddable":true,"href":"https:\/\/www.regionalis.shop\/the-spirit-of-light\/wp-json\/wp\/v2\/product_tag?post=1059"}],"curies":[{"name":"wp","href":"https:\/\/api.w.org\/{rel}","templated":true}]}}