{"id":862,"date":"2025-05-24T13:44:06","date_gmt":"2025-05-24T11:44:06","guid":{"rendered":"https:\/\/starter.stage.shop-it.at\/?page_id=862"},"modified":"2025-10-23T15:21:37","modified_gmt":"2025-10-23T13:21:37","slug":"startseite","status":"publish","type":"page","link":"https:\/\/www.regionalis.shop\/traumtaschen\/","title":{"rendered":"Startseite"},"content":{"rendered":"<section>\n    <div class=\"header-title\">\n        <h1 class=\"h2\">Willkommen bei Traumtaschen<\/h1>\n    <\/div>\n            <h2 class=\"h3\">Handgemacht in St. Kanzien<\/h2>\n                <p>Handytaschen mit Wunschma\u00df &#8211;  einfach beim Kauf angeben.<\/p>\n<p>*******************************************************<br \/>\nIn meiner Familie waren Stoffe und N\u00e4hen schon immer wichtig.<br \/>\n-viele Farben und sch\u00f6ne Muster haben f\u00fcr mich eine gro\u00dfe Faszination.  Taschen in allen Gr\u00f6\u00dfen und Arten haben es mir angetan.<\/p>\n<p>Hier biete ich nun einige zum Verkauf an. Auf Anfrage sind auch andere Gr\u00f6ssen und Muster m\u00f6glich,  die fertigen Tasche k\u00f6nnen ein Mix aus verschiedenen Muster und auch der Machart sein.<\/p>\n\n    \n    <h3>Produkte<\/h3>\n\n    <div class=\"woocommerce columns-3 \"><ul class=\"products columns-3\">\n<li class=\"product type-product post-1056 status-publish first instock product_cat-kosmetiktaschen product_cat-taschen has-post-thumbnail purchasable product-type-simple\">\n\t<a href=\"https:\/\/www.regionalis.shop\/traumtaschen\/shop\/katzendame-schmink-und-kulturtaeschchen\/\" class=\"woocommerce-LoopProduct-link woocommerce-loop-product__link\"><div class=\"wc-block-grid__product-image\"><img loading=\"lazy\" decoding=\"async\" width=\"420\" height=\"420\" src=\"https:\/\/www.regionalis.shop\/app\/uploads\/sites\/602\/715_2019_12_04_09_01_34_885170702.jpg\" class=\"attachment-large size-large\" alt=\"Katzendame- Schmink- und Kulturt\u00e4schchen\" srcset=\"https:\/\/www.regionalis.shop\/app\/uploads\/sites\/602\/715_2019_12_04_09_01_34_885170702.jpg 420w, https:\/\/www.regionalis.shop\/app\/uploads\/sites\/602\/715_2019_12_04_09_01_34_885170702-300x300.jpg 300w, https:\/\/www.regionalis.shop\/app\/uploads\/sites\/602\/715_2019_12_04_09_01_34_885170702-150x150.jpg 150w, https:\/\/www.regionalis.shop\/app\/uploads\/sites\/602\/715_2019_12_04_09_01_34_885170702-100x100.jpg 100w\" sizes=\"auto, (max-width: 420px) 100vw, 420px\" \/><\/div><h2 class=\"woocommerce-loop-product__title\">Katzendame- Schmink- und Kulturt\u00e4schchen<\/h2>\n\t<span class=\"price\"><span class=\"woocommerce-Price-amount amount\"><bdi>15,50&nbsp;<span class=\"woocommerce-Price-currencySymbol\">&euro;<\/span><\/bdi><\/span><\/span>\n<\/a><\/li>\n<li class=\"product type-product post-1051 status-publish instock product_cat-handtaschen product_cat-taschen has-post-thumbnail purchasable product-type-simple\">\n\t<a href=\"https:\/\/www.regionalis.shop\/traumtaschen\/shop\/schultertasche-messengerbag-umhaengetasche\/\" class=\"woocommerce-LoopProduct-link woocommerce-loop-product__link\"><div class=\"wc-block-grid__product-image\"><img loading=\"lazy\" decoding=\"async\" width=\"420\" height=\"420\" src=\"https:\/\/www.regionalis.shop\/app\/uploads\/sites\/602\/715_2019_12_01_18_12_13_174685076.jpg\" class=\"attachment-large size-large\" alt=\"Schultertasche  Messengerbag Umh\u00e4ngetasche\" srcset=\"https:\/\/www.regionalis.shop\/app\/uploads\/sites\/602\/715_2019_12_01_18_12_13_174685076.jpg 420w, https:\/\/www.regionalis.shop\/app\/uploads\/sites\/602\/715_2019_12_01_18_12_13_174685076-300x300.jpg 300w, https:\/\/www.regionalis.shop\/app\/uploads\/sites\/602\/715_2019_12_01_18_12_13_174685076-150x150.jpg 150w, https:\/\/www.regionalis.shop\/app\/uploads\/sites\/602\/715_2019_12_01_18_12_13_174685076-100x100.jpg 100w\" sizes=\"auto, (max-width: 420px) 100vw, 420px\" \/><\/div><h2 class=\"woocommerce-loop-product__title\">Schultertasche  Messengerbag Umh\u00e4ngetasche<\/h2>\n\t<span class=\"price\"><span class=\"woocommerce-Price-amount amount\"><bdi>34,50&nbsp;<span class=\"woocommerce-Price-currencySymbol\">&euro;<\/span><\/bdi><\/span><\/span>\n<\/a><\/li>\n<li class=\"product type-product post-1064 status-publish last instock product_cat-accessoires product_cat-schluesselanhaenger has-post-thumbnail purchasable product-type-simple\">\n\t<a href=\"https:\/\/www.regionalis.shop\/traumtaschen\/shop\/schluesselband-art-deco-japanisches-design-rot-weiss\/\" class=\"woocommerce-LoopProduct-link woocommerce-loop-product__link\"><div class=\"wc-block-grid__product-image\"><img loading=\"lazy\" decoding=\"async\" width=\"1024\" height=\"1024\" src=\"https:\/\/www.regionalis.shop\/app\/uploads\/sites\/602\/715_2023_04_30_15_35_23_201204766.jpg\" class=\"attachment-large size-large\" alt=\"Schl\u00fcsselband art deco, japanisches   Design, rot - wei\u00df\" srcset=\"https:\/\/www.regionalis.shop\/app\/uploads\/sites\/602\/715_2023_04_30_15_35_23_201204766.jpg 1024w, https:\/\/www.regionalis.shop\/app\/uploads\/sites\/602\/715_2023_04_30_15_35_23_201204766-300x300.jpg 300w, https:\/\/www.regionalis.shop\/app\/uploads\/sites\/602\/715_2023_04_30_15_35_23_201204766-150x150.jpg 150w, https:\/\/www.regionalis.shop\/app\/uploads\/sites\/602\/715_2023_04_30_15_35_23_201204766-768x768.jpg 768w, https:\/\/www.regionalis.shop\/app\/uploads\/sites\/602\/715_2023_04_30_15_35_23_201204766-600x600.jpg 600w, https:\/\/www.regionalis.shop\/app\/uploads\/sites\/602\/715_2023_04_30_15_35_23_201204766-100x100.jpg 100w\" sizes=\"auto, (max-width: 1024px) 100vw, 1024px\" \/><\/div><h2 class=\"woocommerce-loop-product__title\">Schl\u00fcsselband art deco, japanisches   Design, rot &#8211; wei\u00df<\/h2>\n\t<span class=\"price\"><span class=\"woocommerce-Price-amount amount\"><bdi>7,90&nbsp;<span class=\"woocommerce-Price-currencySymbol\">&euro;<\/span><\/bdi><\/span><\/span>\n<\/a><\/li>\n<\/ul>\n<\/div>\n    <p>\n        <a href=\"https:\/\/www.regionalis.shop\/traumtaschen\/shop\/\" class=\"btn btn-primary btn-icon-right\">\n            Alle Produkte <i class=\"bi bi-arrow-right-short\"><\/i>\n        <\/a>\n    <\/p>\n<\/section>\n\n<div data-block-name=\"woocommerce\/store-notices\" class=\"wc-block-store-notices woocommerce alignwide alignwide wp-block-woocommerce-store-notices\"><div class=\"woocommerce-notices-wrapper\"><\/div><\/div>","protected":false},"excerpt":{"rendered":"","protected":false},"author":1,"featured_media":0,"parent":0,"menu_order":0,"comment_status":"closed","ping_status":"closed","template":"template-home.blade.php","meta":{"_acf_changed":false,"footnotes":""},"class_list":["post-862","page","type-page","status-publish","hentry"],"acf":[],"_links":{"self":[{"href":"https:\/\/www.regionalis.shop\/traumtaschen\/wp-json\/wp\/v2\/pages\/862","targetHints":{"allow":["GET"]}}],"collection":[{"href":"https:\/\/www.regionalis.shop\/traumtaschen\/wp-json\/wp\/v2\/pages"}],"about":[{"href":"https:\/\/www.regionalis.shop\/traumtaschen\/wp-json\/wp\/v2\/types\/page"}],"author":[{"embeddable":true,"href":"https:\/\/www.regionalis.shop\/traumtaschen\/wp-json\/wp\/v2\/users\/1"}],"replies":[{"embeddable":true,"href":"https:\/\/www.regionalis.shop\/traumtaschen\/wp-json\/wp\/v2\/comments?post=862"}],"version-history":[{"count":28,"href":"https:\/\/www.regionalis.shop\/traumtaschen\/wp-json\/wp\/v2\/pages\/862\/revisions"}],"predecessor-version":[{"id":1041,"href":"https:\/\/www.regionalis.shop\/traumtaschen\/wp-json\/wp\/v2\/pages\/862\/revisions\/1041"}],"wp:attachment":[{"href":"https:\/\/www.regionalis.shop\/traumtaschen\/wp-json\/wp\/v2\/media?parent=862"}],"curies":[{"name":"wp","href":"https:\/\/api.w.org\/{rel}","templated":true}]}}