{"id":1051,"date":"2025-04-28T04:04:58","date_gmt":"2025-04-28T02:04:58","guid":{"rendered":"https:\/\/www.regionalis.shop\/traumtaschen\/product\/schultertasche-messengerbag-umhaengetasche\/"},"modified":"2025-04-28T04:04:58","modified_gmt":"2025-04-28T02:04:58","slug":"schultertasche-messengerbag-umhaengetasche","status":"publish","type":"product","link":"https:\/\/www.regionalis.shop\/traumtaschen\/shop\/schultertasche-messengerbag-umhaengetasche\/","title":{"rendered":"Schultertasche  Messengerbag Umh\u00e4ngetasche"},"content":{"rendered":"<p>Die Tasche ist sehr ger\u00e4umig, schick, pa\u00dft zu allen Farben.<br \/>\nGeschlossen wird die Tasche mit einem Rei\u00dfverschlu\u00df.<\/p>\n<p>Feste Baumwolle in grau, bedruckt mit wei\u00dfen Pusteblumen, modisch und schick.<\/p>\n<p>Vorne ist eine Tasche mit Rei\u00dfverschlu\u00df f\u00fcr Handy oder Ticket oder&#8230;.<br \/>\n Auch innen findet man eine Tasche f\u00fcr Kleinigkeiten, praktisch und schafft Ordnung.<\/p>\n<p>Innenfutter, wei\u00df, Baumwolle beschichtet, wenn etwas ausl\u00e4uft, einfach auswischen.<br \/>\nDie Tasche hat einen ca. 7 cm breiten Boden.<\/p>\n<p>Ein langer Tr\u00e4ger  ca. 110 cm, mit jeweils einen Karabiner ca. 6 cm.<\/p>\n<p>Eine sehr feminine Tasche &#8211; <\/p>\n<p>Breite ca. 30 cm, H\u00f6he ca. 26 cm, &#8218;boden ca. 7 cm<br \/>\nTr\u00e4gerl\u00e4nge somit ca. 115 cm<\/p>\n","protected":false},"excerpt":{"rendered":"<p>Die Tasche ist sehr ger\u00e4umig, schick, pa\u00dft zu allen Farben. Geschlossen wird die Tasche mit einem Rei\u00dfverschlu\u00df. Feste Baumwolle in grau, bedruckt mit wei\u00dfen Pusteblumen, modisch und schick. Vorne ist eine Tasche mit Rei\u00dfverschlu\u00df f\u00fcr Handy oder Ticket oder&#8230;. Auch innen findet man eine Tasche f\u00fcr Kleinigkeiten, praktisch und schafft Ordnung. Innenfutter, wei\u00df, Baumwolle beschichtet, &hellip; <a href=\"https:\/\/www.regionalis.shop\/traumtaschen\/shop\/schultertasche-messengerbag-umhaengetasche\/\">Continued<\/a><\/p>\n","protected":false},"featured_media":1052,"template":"","meta":{"_acf_changed":false},"product_brand":[],"product_cat":[142,95],"product_tag":[],"class_list":{"0":"post-1051","1":"product","2":"type-product","3":"status-publish","4":"has-post-thumbnail","6":"product_cat-handtaschen","7":"product_cat-taschen","9":"first","10":"instock","11":"purchasable","12":"product-type-simple"},"acf":[],"_links":{"self":[{"href":"https:\/\/www.regionalis.shop\/traumtaschen\/wp-json\/wp\/v2\/product\/1051","targetHints":{"allow":["GET"]}}],"collection":[{"href":"https:\/\/www.regionalis.shop\/traumtaschen\/wp-json\/wp\/v2\/product"}],"about":[{"href":"https:\/\/www.regionalis.shop\/traumtaschen\/wp-json\/wp\/v2\/types\/product"}],"wp:featuredmedia":[{"embeddable":true,"href":"https:\/\/www.regionalis.shop\/traumtaschen\/wp-json\/wp\/v2\/media\/1052"}],"wp:attachment":[{"href":"https:\/\/www.regionalis.shop\/traumtaschen\/wp-json\/wp\/v2\/media?parent=1051"}],"wp:term":[{"taxonomy":"product_brand","embeddable":true,"href":"https:\/\/www.regionalis.shop\/traumtaschen\/wp-json\/wp\/v2\/product_brand?post=1051"},{"taxonomy":"product_cat","embeddable":true,"href":"https:\/\/www.regionalis.shop\/traumtaschen\/wp-json\/wp\/v2\/product_cat?post=1051"},{"taxonomy":"product_tag","embeddable":true,"href":"https:\/\/www.regionalis.shop\/traumtaschen\/wp-json\/wp\/v2\/product_tag?post=1051"}],"curies":[{"name":"wp","href":"https:\/\/api.w.org\/{rel}","templated":true}]}}