{"id":1071,"date":"2025-04-18T10:53:44","date_gmt":"2025-04-18T08:53:44","guid":{"rendered":"https:\/\/www.regionalis.shop\/traumtaschen\/product\/schluesselband-art-deco-japanisches-design-weiss-grau\/"},"modified":"2025-04-18T10:53:44","modified_gmt":"2025-04-18T08:53:44","slug":"schluesselband-art-deco-japanisches-design-weiss-grau","status":"publish","type":"product","link":"https:\/\/www.regionalis.shop\/traumtaschen\/shop\/schluesselband-art-deco-japanisches-design-weiss-grau\/","title":{"rendered":"Schl\u00fcsselband art deco, japanisches   Design, wei\u00df-grau"},"content":{"rendered":"<p>ein langes Schl\u00fcsselband aus Baumwolle, ein Karabnerschlu\u00df f\u00fcr Schl\u00fcssel ist<br \/>\nfix eingearbeitet.<\/p>\n<p>Die L\u00e4nge von ca. 40 cm doppelt (ca.80 cm) lang und ca 2,5 cm breit. Rechts und links abgesteppt.<br \/>\nBequem zum um den Hals tragen.<br \/>\nBaumwolle &#8211; kann bequem in der Waschmaschine mit 30 Grad gewaschen werden<\/p>\n<p>wenn eine andere L\u00e4nge gew\u00fcnscht wird, einfach bei der Bestellung vermerken oder vorher<br \/>\nanfragen.<\/p>\n","protected":false},"excerpt":{"rendered":"<p>ein langes Schl\u00fcsselband aus Baumwolle, ein Karabnerschlu\u00df f\u00fcr Schl\u00fcssel ist fix eingearbeitet. Die L\u00e4nge von ca. 40 cm doppelt (ca.80 cm) lang und ca 2,5 cm breit. Rechts und links abgesteppt. Bequem zum um den Hals tragen. Baumwolle &#8211; kann bequem in der Waschmaschine mit 30 Grad gewaschen werden wenn eine andere L\u00e4nge gew\u00fcnscht wird, &hellip; <a href=\"https:\/\/www.regionalis.shop\/traumtaschen\/shop\/schluesselband-art-deco-japanisches-design-weiss-grau\/\">Continued<\/a><\/p>\n","protected":false},"featured_media":1072,"template":"","meta":{"_acf_changed":false},"product_brand":[],"product_cat":[37,68],"product_tag":[],"class_list":{"0":"post-1071","1":"product","2":"type-product","3":"status-publish","4":"has-post-thumbnail","6":"product_cat-accessoires","7":"product_cat-schluesselanhaenger","9":"first","10":"instock","11":"purchasable","12":"product-type-simple"},"acf":[],"_links":{"self":[{"href":"https:\/\/www.regionalis.shop\/traumtaschen\/wp-json\/wp\/v2\/product\/1071","targetHints":{"allow":["GET"]}}],"collection":[{"href":"https:\/\/www.regionalis.shop\/traumtaschen\/wp-json\/wp\/v2\/product"}],"about":[{"href":"https:\/\/www.regionalis.shop\/traumtaschen\/wp-json\/wp\/v2\/types\/product"}],"wp:featuredmedia":[{"embeddable":true,"href":"https:\/\/www.regionalis.shop\/traumtaschen\/wp-json\/wp\/v2\/media\/1072"}],"wp:attachment":[{"href":"https:\/\/www.regionalis.shop\/traumtaschen\/wp-json\/wp\/v2\/media?parent=1071"}],"wp:term":[{"taxonomy":"product_brand","embeddable":true,"href":"https:\/\/www.regionalis.shop\/traumtaschen\/wp-json\/wp\/v2\/product_brand?post=1071"},{"taxonomy":"product_cat","embeddable":true,"href":"https:\/\/www.regionalis.shop\/traumtaschen\/wp-json\/wp\/v2\/product_cat?post=1071"},{"taxonomy":"product_tag","embeddable":true,"href":"https:\/\/www.regionalis.shop\/traumtaschen\/wp-json\/wp\/v2\/product_tag?post=1071"}],"curies":[{"name":"wp","href":"https:\/\/api.w.org\/{rel}","templated":true}]}}