{"id":1080,"date":"2025-04-18T03:32:42","date_gmt":"2025-04-18T01:32:42","guid":{"rendered":"https:\/\/www.regionalis.shop\/traumtaschen\/product\/brustbeutel-brusttasche-geldtasche-kindertaschemaeuse\/"},"modified":"2025-04-18T03:32:42","modified_gmt":"2025-04-18T01:32:42","slug":"brustbeutel-brusttasche-geldtasche-kindertaschemaeuse","status":"publish","type":"product","link":"https:\/\/www.regionalis.shop\/traumtaschen\/shop\/brustbeutel-brusttasche-geldtasche-kindertaschemaeuse\/","title":{"rendered":"Brustbeutel, Brusttasche, Geldtasche, Kindertasche,M\u00e4use"},"content":{"rendered":"<p>Dieser Brustbeutel ist f\u00fcr Schulkinder gedacht.<br \/>\nGeschlossen mit einem Reissverschlu\u00df<\/p>\n<p>Der Brustbeutel ist ca. 13 cm breit und ca. 16cm hoch.<br \/>\nAndere Gr\u00f6\u00dfen auf Anfrage.<\/p>\n<p>Der Trageriemen ist ca. 95cm lang.  kann ganz einfach mittels eines Knoten an die geforderte L\u00e4nge angepasst werden.<\/p>\n<p>Der Brustbeutel eignet sich als Geldbeutel,  auch als Geschenk f\u00fcr die Kinder zur Einschulung oder auch zum Geburtstag.<br \/>\nGef\u00fcttert mit Baumwolle, unterlegt mit Volumenflies, am Zipp ist eine<br \/>\nkleine Kugel f\u00fcr besseren Griff.<\/p>\n<p>F\u00fcr die Kinder, da hat ein Ausweis, das Taschengeld, auch die Maske hat da Platz.<\/p>\n<p>Musterabweichung m\u00f6glich, doch jedes M\u00e4uschen ist lustig<\/p>\n","protected":false},"excerpt":{"rendered":"<p>Dieser Brustbeutel ist f\u00fcr Schulkinder gedacht. Geschlossen mit einem Reissverschlu\u00df Der Brustbeutel ist ca. 13 cm breit und ca. 16cm hoch. Andere Gr\u00f6\u00dfen auf Anfrage. Der Trageriemen ist ca. 95cm lang. kann ganz einfach mittels eines Knoten an die geforderte L\u00e4nge angepasst werden. Der Brustbeutel eignet sich als Geldbeutel, auch als Geschenk f\u00fcr die Kinder &hellip; <a href=\"https:\/\/www.regionalis.shop\/traumtaschen\/shop\/brustbeutel-brusttasche-geldtasche-kindertaschemaeuse\/\">Continued<\/a><\/p>\n","protected":false},"featured_media":1081,"template":"","meta":{"_acf_changed":false},"product_brand":[],"product_cat":[38,96],"product_tag":[],"class_list":{"0":"post-1080","1":"product","2":"type-product","3":"status-publish","4":"has-post-thumbnail","6":"product_cat-baby-kinder","7":"product_cat-taschen-baby-kinder","9":"first","10":"instock","11":"purchasable","12":"product-type-simple"},"acf":[],"_links":{"self":[{"href":"https:\/\/www.regionalis.shop\/traumtaschen\/wp-json\/wp\/v2\/product\/1080","targetHints":{"allow":["GET"]}}],"collection":[{"href":"https:\/\/www.regionalis.shop\/traumtaschen\/wp-json\/wp\/v2\/product"}],"about":[{"href":"https:\/\/www.regionalis.shop\/traumtaschen\/wp-json\/wp\/v2\/types\/product"}],"wp:featuredmedia":[{"embeddable":true,"href":"https:\/\/www.regionalis.shop\/traumtaschen\/wp-json\/wp\/v2\/media\/1081"}],"wp:attachment":[{"href":"https:\/\/www.regionalis.shop\/traumtaschen\/wp-json\/wp\/v2\/media?parent=1080"}],"wp:term":[{"taxonomy":"product_brand","embeddable":true,"href":"https:\/\/www.regionalis.shop\/traumtaschen\/wp-json\/wp\/v2\/product_brand?post=1080"},{"taxonomy":"product_cat","embeddable":true,"href":"https:\/\/www.regionalis.shop\/traumtaschen\/wp-json\/wp\/v2\/product_cat?post=1080"},{"taxonomy":"product_tag","embeddable":true,"href":"https:\/\/www.regionalis.shop\/traumtaschen\/wp-json\/wp\/v2\/product_tag?post=1080"}],"curies":[{"name":"wp","href":"https:\/\/api.w.org\/{rel}","templated":true}]}}