{"id":1090,"date":"2025-04-18T03:14:04","date_gmt":"2025-04-18T01:14:04","guid":{"rendered":"https:\/\/www.regionalis.shop\/traumtaschen\/product\/brieftasche-geldtasche-3-fach-zipp-grau-schwarz-baisley\/"},"modified":"2025-04-18T03:14:04","modified_gmt":"2025-04-18T01:14:04","slug":"brieftasche-geldtasche-3-fach-zipp-grau-schwarz-baisley","status":"publish","type":"product","link":"https:\/\/www.regionalis.shop\/traumtaschen\/shop\/brieftasche-geldtasche-3-fach-zipp-grau-schwarz-baisley\/","title":{"rendered":"Brieftasche Geldtasche 3 Fach ,Zipp, grau Schwarz Baisley"},"content":{"rendered":"<p>_WIRD JEWEILS ANGEFERTIGT<br \/>\n_<br \/>\nGeldtasche aus hochwertiger Baumwolle, verst\u00e4rkt mit Volumenflies f\u00fcr die Stabiit\u00e4t.  2 F\u00e4cher f\u00fcr Scheine und Karten, Ticket und div.<br \/>\nDazu gibt es ein Fach mit Rei\u00dfverschlu\u00df, welches f\u00fcr Geld, M\u00fcnzen und<br \/>\nwichtige Kleinigkeiten gut ist.<\/p>\n<p>Verschlossen wird sie mit einem farblich abgestimmten, Druckknopf aus<br \/>\nKunststoff<\/p>\n<p>Verschlu\u00df auf Wunsch mit Magnet m\u00f6glich.<\/p>\n<p>Ein Fach kann auch f\u00fcr\u00b4s  Handy verwendet werden, dann bitte  die Wunschgr\u00f6sse angeben.<br \/>\nStandartgr\u00f6sse    18 x 10 cm<\/p>\n","protected":false},"excerpt":{"rendered":"<p>_WIRD JEWEILS ANGEFERTIGT _ Geldtasche aus hochwertiger Baumwolle, verst\u00e4rkt mit Volumenflies f\u00fcr die Stabiit\u00e4t. 2 F\u00e4cher f\u00fcr Scheine und Karten, Ticket und div. Dazu gibt es ein Fach mit Rei\u00dfverschlu\u00df, welches f\u00fcr Geld, M\u00fcnzen und wichtige Kleinigkeiten gut ist. Verschlossen wird sie mit einem farblich abgestimmten, Druckknopf aus Kunststoff Verschlu\u00df auf Wunsch mit Magnet m\u00f6glich. &hellip; <a href=\"https:\/\/www.regionalis.shop\/traumtaschen\/shop\/brieftasche-geldtasche-3-fach-zipp-grau-schwarz-baisley\/\">Continued<\/a><\/p>\n","protected":false},"featured_media":1091,"template":"","meta":{"_acf_changed":false},"product_brand":[],"product_cat":[37,46],"product_tag":[],"class_list":{"0":"post-1090","1":"product","2":"type-product","3":"status-publish","4":"has-post-thumbnail","6":"product_cat-accessoires","7":"product_cat-handyhuellen","9":"first","10":"instock","11":"purchasable","12":"product-type-simple"},"acf":[],"_links":{"self":[{"href":"https:\/\/www.regionalis.shop\/traumtaschen\/wp-json\/wp\/v2\/product\/1090","targetHints":{"allow":["GET"]}}],"collection":[{"href":"https:\/\/www.regionalis.shop\/traumtaschen\/wp-json\/wp\/v2\/product"}],"about":[{"href":"https:\/\/www.regionalis.shop\/traumtaschen\/wp-json\/wp\/v2\/types\/product"}],"wp:featuredmedia":[{"embeddable":true,"href":"https:\/\/www.regionalis.shop\/traumtaschen\/wp-json\/wp\/v2\/media\/1091"}],"wp:attachment":[{"href":"https:\/\/www.regionalis.shop\/traumtaschen\/wp-json\/wp\/v2\/media?parent=1090"}],"wp:term":[{"taxonomy":"product_brand","embeddable":true,"href":"https:\/\/www.regionalis.shop\/traumtaschen\/wp-json\/wp\/v2\/product_brand?post=1090"},{"taxonomy":"product_cat","embeddable":true,"href":"https:\/\/www.regionalis.shop\/traumtaschen\/wp-json\/wp\/v2\/product_cat?post=1090"},{"taxonomy":"product_tag","embeddable":true,"href":"https:\/\/www.regionalis.shop\/traumtaschen\/wp-json\/wp\/v2\/product_tag?post=1090"}],"curies":[{"name":"wp","href":"https:\/\/api.w.org\/{rel}","templated":true}]}}