{"id":1100,"date":"2025-04-18T01:51:26","date_gmt":"2025-04-17T23:51:26","guid":{"rendered":"https:\/\/www.regionalis.shop\/traumtaschen\/product\/maskentascherl-handytasche-crossover-tasche-schultertasche\/"},"modified":"2025-04-18T01:51:26","modified_gmt":"2025-04-17T23:51:26","slug":"maskentascherl-handytasche-crossover-tasche-schultertasche","status":"publish","type":"product","link":"https:\/\/www.regionalis.shop\/traumtaschen\/shop\/maskentascherl-handytasche-crossover-tasche-schultertasche\/","title":{"rendered":"Maskentascherl, Handytasche, Crossover Tasche, Schultertasche"},"content":{"rendered":"<p>Maskentasche mit Handyfach, oder Handytasche mit Zusatz f\u00fcr Maske.<br \/>\nEine Tasche, bequem \u00fcber die Schulter zu tragen, genug Platz f\u00fcr<br \/>\nHandy, Maske, Ticket, ev eine Geldb\u00f6rse, einfach alles, das schnell mitmu\u00df.<\/p>\n<p>an der Seite sind kleine Schleifen angebracht, hier kann eine feste Kordel als Tr\u00e4ger mit einem Karabiner eingehakt werden.<\/p>\n<p>damit haben wir dann eine sehr praktische, kleine  Schultertasche.<br \/>\nDie Tasche wurde mit dicken Volumenflies unterlegt und ist formstabil.<br \/>\nInnenfutter ist feste Baumwolle<\/p>\n<p>innen haben wirein gro\u00dfes Fach mit einer grauen Spitze abgefa\u00dft, f\u00fcr alles, das<br \/>\ndie FRAU mitnhmen MUSS. ein Lippenstift, etwas Makeup, ein Tampon, eine Tablette, oder&#8230;.<\/p>\n<p>geschlossen wird die Tasche mit einem Rei\u00dfverschlu\u00df<\/p>\n<p>ca. 23 x 14 cm<\/p>\n","protected":false},"excerpt":{"rendered":"<p>Maskentasche mit Handyfach, oder Handytasche mit Zusatz f\u00fcr Maske. Eine Tasche, bequem \u00fcber die Schulter zu tragen, genug Platz f\u00fcr Handy, Maske, Ticket, ev eine Geldb\u00f6rse, einfach alles, das schnell mitmu\u00df. an der Seite sind kleine Schleifen angebracht, hier kann eine feste Kordel als Tr\u00e4ger mit einem Karabiner eingehakt werden. damit haben wir dann eine &hellip; <a href=\"https:\/\/www.regionalis.shop\/traumtaschen\/shop\/maskentascherl-handytasche-crossover-tasche-schultertasche\/\">Continued<\/a><\/p>\n","protected":false},"featured_media":1101,"template":"","meta":{"_acf_changed":false},"product_brand":[],"product_cat":[142,95],"product_tag":[],"class_list":{"0":"post-1100","1":"product","2":"type-product","3":"status-publish","4":"has-post-thumbnail","6":"product_cat-handtaschen","7":"product_cat-taschen","9":"first","10":"instock","11":"purchasable","12":"product-type-simple"},"acf":[],"_links":{"self":[{"href":"https:\/\/www.regionalis.shop\/traumtaschen\/wp-json\/wp\/v2\/product\/1100","targetHints":{"allow":["GET"]}}],"collection":[{"href":"https:\/\/www.regionalis.shop\/traumtaschen\/wp-json\/wp\/v2\/product"}],"about":[{"href":"https:\/\/www.regionalis.shop\/traumtaschen\/wp-json\/wp\/v2\/types\/product"}],"wp:featuredmedia":[{"embeddable":true,"href":"https:\/\/www.regionalis.shop\/traumtaschen\/wp-json\/wp\/v2\/media\/1101"}],"wp:attachment":[{"href":"https:\/\/www.regionalis.shop\/traumtaschen\/wp-json\/wp\/v2\/media?parent=1100"}],"wp:term":[{"taxonomy":"product_brand","embeddable":true,"href":"https:\/\/www.regionalis.shop\/traumtaschen\/wp-json\/wp\/v2\/product_brand?post=1100"},{"taxonomy":"product_cat","embeddable":true,"href":"https:\/\/www.regionalis.shop\/traumtaschen\/wp-json\/wp\/v2\/product_cat?post=1100"},{"taxonomy":"product_tag","embeddable":true,"href":"https:\/\/www.regionalis.shop\/traumtaschen\/wp-json\/wp\/v2\/product_tag?post=1100"}],"curies":[{"name":"wp","href":"https:\/\/api.w.org\/{rel}","templated":true}]}}