{"id":1110,"date":"2025-04-17T23:18:13","date_gmt":"2025-04-17T21:18:13","guid":{"rendered":"https:\/\/www.regionalis.shop\/traumtaschen\/product\/brillenetui-brillentasche-rosa-rosen\/"},"modified":"2025-04-17T23:18:13","modified_gmt":"2025-04-17T21:18:13","slug":"brillenetui-brillentasche-rosa-rosen","status":"publish","type":"product","link":"https:\/\/www.regionalis.shop\/traumtaschen\/shop\/brillenetui-brillentasche-rosa-rosen\/","title":{"rendered":"Brillenetui- Brillentasche  rosa Rosen"},"content":{"rendered":"<p>H\u00fcbsches und ger\u00e4umiges Brillenetui.<br \/>\nfarblich abgestimmt, in t\u00fcrkis mit grau, dezent und edel.<br \/>\nDas Etui hat einen ausgearbeiten Boden und ist ganz mit Volumenflies gef\u00fcttert. Weich und sicher<br \/>\nist Ihre Brille gesch\u00fctzt vor Kratzern und Staub.<br \/>\ngeschlossen wird das Etui mit einem Magnetverschlu\u00df<br \/>\nEin dekoratives Teil f\u00fcr zu hause und auch unterwegs.<\/p>\n<p>Als Geschenkt f\u00fcr Freundin &#8211; und f\u00fcr sich selbst!!<br \/>\nGr\u00f6sse ca. 19 x 9 x 3,5 cm<br \/>\ngeschlossen mit einem Magnetverschlu\u00df &#8211;<br \/>\nschnell und sicher, immer geschlossen<\/p>\n<p>Brille wird nicht mitgeliefert.<\/p>\n<p>kann auch als Handytasche gefertigt werden (bitte Gr\u00f6sse angeben  \u20ac 15,50)<\/p>\n","protected":false},"excerpt":{"rendered":"<p>H\u00fcbsches und ger\u00e4umiges Brillenetui. farblich abgestimmt, in t\u00fcrkis mit grau, dezent und edel. Das Etui hat einen ausgearbeiten Boden und ist ganz mit Volumenflies gef\u00fcttert. Weich und sicher ist Ihre Brille gesch\u00fctzt vor Kratzern und Staub. geschlossen wird das Etui mit einem Magnetverschlu\u00df Ein dekoratives Teil f\u00fcr zu hause und auch unterwegs. Als Geschenkt f\u00fcr &hellip; <a href=\"https:\/\/www.regionalis.shop\/traumtaschen\/shop\/brillenetui-brillentasche-rosa-rosen\/\">Continued<\/a><\/p>\n","protected":false},"featured_media":1111,"template":"","meta":{"_acf_changed":false},"product_brand":[],"product_cat":[37,82],"product_tag":[],"class_list":{"0":"post-1110","1":"product","2":"type-product","3":"status-publish","4":"has-post-thumbnail","6":"product_cat-accessoires","7":"product_cat-sonstiges-accessoires","9":"first","10":"instock","11":"purchasable","12":"product-type-simple"},"acf":[],"_links":{"self":[{"href":"https:\/\/www.regionalis.shop\/traumtaschen\/wp-json\/wp\/v2\/product\/1110","targetHints":{"allow":["GET"]}}],"collection":[{"href":"https:\/\/www.regionalis.shop\/traumtaschen\/wp-json\/wp\/v2\/product"}],"about":[{"href":"https:\/\/www.regionalis.shop\/traumtaschen\/wp-json\/wp\/v2\/types\/product"}],"wp:featuredmedia":[{"embeddable":true,"href":"https:\/\/www.regionalis.shop\/traumtaschen\/wp-json\/wp\/v2\/media\/1111"}],"wp:attachment":[{"href":"https:\/\/www.regionalis.shop\/traumtaschen\/wp-json\/wp\/v2\/media?parent=1110"}],"wp:term":[{"taxonomy":"product_brand","embeddable":true,"href":"https:\/\/www.regionalis.shop\/traumtaschen\/wp-json\/wp\/v2\/product_brand?post=1110"},{"taxonomy":"product_cat","embeddable":true,"href":"https:\/\/www.regionalis.shop\/traumtaschen\/wp-json\/wp\/v2\/product_cat?post=1110"},{"taxonomy":"product_tag","embeddable":true,"href":"https:\/\/www.regionalis.shop\/traumtaschen\/wp-json\/wp\/v2\/product_tag?post=1110"}],"curies":[{"name":"wp","href":"https:\/\/api.w.org\/{rel}","templated":true}]}}